{"id":1864,"date":"2024-02-28T16:19:28","date_gmt":"2024-02-28T15:19:28","guid":{"rendered":"https:\/\/lamellegno.it\/?page_id=1864"},"modified":"2025-03-13T17:18:47","modified_gmt":"2025-03-13T16:18:47","slug":"das-unternehmen","status":"publish","type":"page","link":"https:\/\/lamellegno.it\/de\/das-unternehmen\/","title":{"rendered":"Das Unternehmen"},"content":{"rendered":"<div class=\"container-fascia-img-header\" style=\"background-image: url(https:\/\/lamellegno.it\/wp-content\/uploads\/2024\/05\/1azienda_header.jpg)\">\n\n    <p id=\"bread-pages\"><span><span><a href=\"https:\/\/lamellegno.it\/de\/\">Home<\/a><\/span><\/span><\/p>\n    <div class=\"inner-fascia-img-header\">\n\n        <h1 class=\"title\">Das Unternehmen<\/h1>\n\n            <\/div>\n<\/div>\n\n<div class=\"container-fascia-titoli-testo\">\n    <div class=\"inner-fascia-titoli-testo\">\n\n        <div class=\"col-sx\">\n            <span class=\"title-small\">TECHNOLOGIE UND INNOVATION<\/span>\n            <span class=\"title-big\">Produktion und Rohmaterialien<\/span>\n        <\/div>\n\n        <div class=\"testo\"><p data-start=\"298\" data-end=\"333\">Die Strategie von Lamel Legno basiert auf zwei grundlegenden Prinzipien: Technologie und Effizienz. Hochmoderne, spezialisierte Produktionslinien, ausgestattet mit computergesteuerten und automatisierten Qualit\u00e4tssicherungssystemen, erm\u00f6glichen die Herstellung zuverl\u00e4ssiger Produkte nach h\u00f6chsten Qualit\u00e4tsstandards.<\/p>\n<\/div>\n\n    <\/div>\n<\/div>\n\n\n<div class=\"inspiration-gallery-slider\">\n    <div class=\"contenitore\">\n        <div class=\"wrap\">\n            <div class=\"slider \" data-swiper=\"{&quot;wrapperClass&quot;: &quot;slider-wrapper&quot;,&quot;slideClass&quot;: &quot;slide&quot;,&quot;slidesPerView&quot;: &quot;auto&quot;,&quot;loop&quot;: false,&quot;navigation&quot;: {&quot;nextEl&quot;: &quot;.nextslide&quot;, &quot;prevEl&quot;: &quot;.prevslide&quot;}}\">\n\n                <div class=\"slider-wrapper lightgal\">\n                    \n                                                    <div class=\"slide\" data-src=\"https:\/\/lamellegno.it\/wp-content\/uploads\/2024\/05\/4azienda_slider3.jpg\">\n                                <img decoding=\"async\" src=\"https:\/\/lamellegno.it\/wp-content\/uploads\/2024\/05\/4azienda_slider3.jpg\" height=\"800\" alt=\"\" \/>\n                            <\/div>\n                        \n                    \n                                                    <div class=\"slide\" data-src=\"https:\/\/lamellegno.it\/wp-content\/uploads\/2024\/05\/3azienda_slider2.jpg\">\n                                <img decoding=\"async\" src=\"https:\/\/lamellegno.it\/wp-content\/uploads\/2024\/05\/3azienda_slider2.jpg\" height=\"800\" alt=\"\" \/>\n                            <\/div>\n                        \n                    \n                                                    <div class=\"slide\" data-src=\"https:\/\/lamellegno.it\/wp-content\/uploads\/2024\/05\/2azienda_slider1.jpg\">\n                                <img decoding=\"async\" src=\"https:\/\/lamellegno.it\/wp-content\/uploads\/2024\/05\/2azienda_slider1.jpg\" height=\"800\" alt=\"\" \/>\n                            <\/div>\n                        \n                    \n                                                    <div class=\"slide\" data-src=\"https:\/\/lamellegno.it\/wp-content\/uploads\/2024\/05\/slider4.jpg\">\n                                <img decoding=\"async\" src=\"https:\/\/lamellegno.it\/wp-content\/uploads\/2024\/05\/slider4.jpg\" height=\"800\" alt=\"\" \/>\n                            <\/div>\n                        \n                    \n                                                    <div class=\"slide\" data-src=\"https:\/\/lamellegno.it\/wp-content\/uploads\/2024\/05\/slider5.jpg\">\n                                <img decoding=\"async\" src=\"https:\/\/lamellegno.it\/wp-content\/uploads\/2024\/05\/slider5.jpg\" height=\"800\" alt=\"\" \/>\n                            <\/div>\n                        \n                                    <\/div>\n\n                <span class=\"slider-arrow prev prevslide\" tabindex=\"0\" role=\"button\" aria-label=\"Prev slide\"><\/span>\n                <span class=\"slider-arrow next nextslide\" tabindex=\"0\" role=\"button\" aria-label=\"Next slide\"><\/span>\n\n            <\/div>\n        <\/div>\n    <\/div>\n<\/div>\n\n\n<div class=\"container-fascia-img-testi bg-bianco\">\n    <div class=\"inner-fascia-img-testi pos-sx\">\n\n                    <img loading=\"lazy\" decoding=\"async\" src=\"https:\/\/lamellegno.it\/wp-content\/uploads\/2024\/05\/5azienda_lanostramission.jpg\" alt=\"\" width=\"400\" height=\"400\">\n        \n        <div class=\"col-dx\">\n            <span class=\"title-small\">ING. GIUSEPPE SAMMARTINO<\/span>\n            <span class=\"title-big\">Unser Unternehmensleitbild<\/span>\n\n            <div class=\"testo\"><p style=\"text-align: left;\">Das Unternehmensleitbild von Lamel Legno basiert auf dem echten Wert des Holzes, das als dauerhaftes Symbol f\u00fcr Qualit\u00e4t und Wohlbefinden im Alltag gilt. F\u00fcr uns ist Holz nicht nur ein Material, sondern ein essenzielles Element f\u00fcr alle, die Wohnr\u00e4ume voller W\u00e4rme, Behaglichkeit und Komfort schaffen m\u00f6chten \u2013 bereichert durch ein Gef\u00fchl von authentischem Wohlbefinden. Diese Vision entspringt einer historischen Verbindung zur Tradition, einem Erbe, das wir mit Respekt bewahren und durch best\u00e4ndige Innovation in Verarbeitungstechniken sowie die Anwendung modernster Technologien in die Zukunft tragen.<\/p>\n<\/div>\n\n            \n        <\/div>\n\n    <\/div>\n<\/div>\n\n\n<div class=\"container-fascia-img-sfondo-box-testo bg-verde l-fullw\" id=\"\">\n    <div class=\"inner-fascia-img-sfondo-box-testo\">\n\n                <div class=\"contenitore pos-altosx\" style=\"background: url('https:\/\/lamellegno.it\/wp-content\/uploads\/2024\/05\/6azienda_complessoaziendale.jpg')\">\n    \n            <div class=\"box-testo bgbox-marronet\">\n                <span class=\"title-small\">Unsere Zahlen<\/span>\n                <span class=\"title-big\">Das Betriebsgel\u00e4nde<\/span>\n\n                <div class=\"testo\"><p>Das Unternehmen w\u00e4chst dank der Hingabe und Professionalit\u00e4t stark und verf\u00fcgt heute \u00fcber ein Betriebsgel\u00e4nde, das sich \u00fcber eine Fl\u00e4che von mehr als 50.000 m\u00b2 erstreckt, davon 15.000 m\u00b2 \u00fcberdacht.<br data-start=\"482\" data-end=\"485\" \/>Das Werksgel\u00e4nde ist mit fortschrittlichen Trocknungssystemen ausgestattet, die eine optimale Feuchtigkeit f\u00fcr die Holzverarbeitung gew\u00e4hrleisten und eine Gesamttrocknungskapazit\u00e4t von 800 Kubikmetern bieten. Dar\u00fcber hinaus verf\u00fcgt das Unternehmen \u00fcber ein Lager mit 2.000 Kubikmetern Fertigprodukten. Diese Faktoren machen Lamel Legno zu einem zuverl\u00e4ssigen Partner, der bereit ist, alle Kundenbed\u00fcrfnisse zu erf\u00fcllen.<\/p>\n<\/div>\n\n                            <\/div>\n        <\/div>\n\n    <\/div>\n<\/div>\n\n<div class=\"container-fascia-perche-sceglierci\">\n    <div class=\"inner-fascia-perche-sceglierci\">\n\n        <span class=\"title-small\">Die Werte<\/span>\n        <span class=\"title-big\">Warum uns w\u00e4hlen<\/span>\n\n        <div class=\"testo\"><p>Lamel Legno steht f\u00fcr Zuverl\u00e4ssigkeit und Qualit\u00e4t im Bereich der Holzprofile und des Brettschichtholzes, immer in Einklang mit den modernsten Technologien.<\/p>\n<\/div>\n\n        <div class=\"container-box\">\n            <div class=\"box\">\n                <span class=\"title-box\">Forschung &#038; Qualit\u00e4t <\/span>\n                <div class=\"testo-box\"><p>Eine Produktionsaktivit\u00e4t, die immer auf die Erreichung der h\u00f6chsten Produktqualit\u00e4t abzielt. Eine Forschung, die mit der sorgf\u00e4ltigen Auswahl der Rohstoffe beginnt und in jeder Arbeitsphase fortgesetzt wird, dank moderner Anlagen, automatischer Kontrollsysteme sowie der Erfahrung und Kompetenz des eigenen Teams.<\/p>\n<\/div>\n            <\/div>\n\n            <div class=\"box\">\n                <span class=\"title-box\">Professionalit\u00e4t &#038; Kundenservice<\/span>\n                <div class=\"testo-box\"><p style=\"text-align: left;\">Professionalit\u00e4t und Flexibilit\u00e4t sind unsere gr\u00f6\u00dften St\u00e4rken. Wir passen uns schnell den Anforderungen des Marktes an und produzieren auf Anfrage Produkte, die durch eine spezifische Programmierung der einzelnen Prozessschritte ma\u00dfgeschneidert werden.<\/p>\n<\/div>\n            <\/div>\n\n            <div class=\"box\">\n                <span class=\"title-box\">Nachhaltigkeit<\/span>\n                <div class=\"testo-box\"><p>Wir glauben, dass echter Fortschritt nur durch ein konkretes Engagement f\u00fcr nachhaltige Entwicklung m\u00f6glich ist. Dies f\u00fchrt zu konkreten Entscheidungen, die die Umwelt respektieren und langfristigen wirtschaftlichen Wohlstand sichern. Wir m\u00f6chten ein Ausgangspunkt f\u00fcr positive Ver\u00e4nderungen sein und unsere Branche in eine Zukunft f\u00fchren, in der Innovation und Nachhaltigkeit Hand in Hand gehen.<\/p>\n<\/div>\n            <\/div>\n\n            <div class=\"box\">\n                <span class=\"title-box\">Produktionsabl\u00e4ufe &#038; Kundenzufriedenheit<\/span>\n                <div class=\"testo-box\"><p>Dank eines effizienten Management- und Kontrollsystems kann das Unternehmen schnelle und p\u00fcnktliche Lieferungen garantieren. Die Einhaltung der technischen Spezifikationen und der best\u00e4tigten Lieferzeiten steht im Mittelpunkt unseres Handelns, um die Zufriedenheit unserer Kunden sicherzustellen.<\/p>\n<\/div>\n            <\/div>\n        <\/div>\n\n    <\/div>\n<\/div>","protected":false},"excerpt":{"rendered":"","protected":false},"author":4,"featured_media":0,"parent":0,"menu_order":0,"comment_status":"closed","ping_status":"closed","template":"","meta":{"_acf_changed":false,"footnotes":""},"class_list":["post-1864","page","type-page","status-publish","hentry"],"acf":[],"yoast_head":"<!-- This site is optimized with the Yoast SEO plugin v25.7 - https:\/\/yoast.com\/wordpress\/plugins\/seo\/ -->\n<title>Das Unternehmen | Lamel Legno<\/title>\n<meta name=\"robots\" content=\"index, follow, max-snippet:-1, max-image-preview:large, max-video-preview:-1\" \/>\n<link rel=\"canonical\" href=\"https:\/\/lamellegno.it\/de\/das-unternehmen\/\" \/>\n<meta property=\"og:locale\" content=\"de_DE\" \/>\n<meta property=\"og:type\" content=\"article\" \/>\n<meta property=\"og:title\" content=\"Das Unternehmen | Lamel Legno\" \/>\n<meta property=\"og:url\" content=\"https:\/\/lamellegno.it\/de\/das-unternehmen\/\" \/>\n<meta property=\"og:site_name\" content=\"Lamel Legno\" \/>\n<meta property=\"article:modified_time\" content=\"2025-03-13T16:18:47+00:00\" \/>\n<meta property=\"og:image\" content=\"https:\/\/lamellegno.it\/wp-content\/uploads\/2024\/03\/logo.png\" \/>\n\t<meta property=\"og:image:width\" content=\"112\" \/>\n\t<meta property=\"og:image:height\" content=\"102\" \/>\n\t<meta property=\"og:image:type\" content=\"image\/png\" \/>\n<meta name=\"twitter:card\" content=\"summary_large_image\" \/>\n<script type=\"application\/ld+json\" class=\"yoast-schema-graph\">{\"@context\":\"https:\/\/schema.org\",\"@graph\":[{\"@type\":\"WebPage\",\"@id\":\"https:\/\/lamellegno.it\/de\/das-unternehmen\/\",\"url\":\"https:\/\/lamellegno.it\/de\/das-unternehmen\/\",\"name\":\"Das Unternehmen | Lamel Legno\",\"isPartOf\":{\"@id\":\"https:\/\/lamellegno.it\/#website\"},\"datePublished\":\"2024-02-28T15:19:28+00:00\",\"dateModified\":\"2025-03-13T16:18:47+00:00\",\"breadcrumb\":{\"@id\":\"https:\/\/lamellegno.it\/de\/das-unternehmen\/#breadcrumb\"},\"inLanguage\":\"de\",\"potentialAction\":[{\"@type\":\"ReadAction\",\"target\":[\"https:\/\/lamellegno.it\/de\/das-unternehmen\/\"]}]},{\"@type\":\"BreadcrumbList\",\"@id\":\"https:\/\/lamellegno.it\/de\/das-unternehmen\/#breadcrumb\",\"itemListElement\":[{\"@type\":\"ListItem\",\"position\":1,\"name\":\"Home\",\"item\":\"https:\/\/lamellegno.it\/de\/\"},{\"@type\":\"ListItem\",\"position\":2,\"name\":\"Das Unternehmen\"}]},{\"@type\":\"WebSite\",\"@id\":\"https:\/\/lamellegno.it\/#website\",\"url\":\"https:\/\/lamellegno.it\/\",\"name\":\"Lamel Legno\",\"description\":\"\",\"publisher\":{\"@id\":\"https:\/\/lamellegno.it\/#organization\"},\"potentialAction\":[{\"@type\":\"SearchAction\",\"target\":{\"@type\":\"EntryPoint\",\"urlTemplate\":\"https:\/\/lamellegno.it\/?s={search_term_string}\"},\"query-input\":{\"@type\":\"PropertyValueSpecification\",\"valueRequired\":true,\"valueName\":\"search_term_string\"}}],\"inLanguage\":\"de\"},{\"@type\":\"Organization\",\"@id\":\"https:\/\/lamellegno.it\/#organization\",\"name\":\"Lamel Legno\",\"url\":\"https:\/\/lamellegno.it\/\",\"logo\":{\"@type\":\"ImageObject\",\"inLanguage\":\"de\",\"@id\":\"https:\/\/lamellegno.it\/#\/schema\/logo\/image\/\",\"url\":\"https:\/\/lamellegno.it\/wp-content\/uploads\/2024\/03\/logo.png\",\"contentUrl\":\"https:\/\/lamellegno.it\/wp-content\/uploads\/2024\/03\/logo.png\",\"width\":112,\"height\":102,\"caption\":\"Lamel Legno\"},\"image\":{\"@id\":\"https:\/\/lamellegno.it\/#\/schema\/logo\/image\/\"},\"sameAs\":[\"https:\/\/www.linkedin.com\/company\/lamellegno\/\"]}]}<\/script>\n<!-- \/ Yoast SEO plugin. -->","yoast_head_json":{"title":"Das Unternehmen | Lamel Legno","robots":{"index":"index","follow":"follow","max-snippet":"max-snippet:-1","max-image-preview":"max-image-preview:large","max-video-preview":"max-video-preview:-1"},"canonical":"https:\/\/lamellegno.it\/de\/das-unternehmen\/","og_locale":"de_DE","og_type":"article","og_title":"Das Unternehmen | Lamel Legno","og_url":"https:\/\/lamellegno.it\/de\/das-unternehmen\/","og_site_name":"Lamel Legno","article_modified_time":"2025-03-13T16:18:47+00:00","og_image":[{"width":112,"height":102,"url":"https:\/\/lamellegno.it\/wp-content\/uploads\/2024\/03\/logo.png","type":"image\/png"}],"twitter_card":"summary_large_image","schema":{"@context":"https:\/\/schema.org","@graph":[{"@type":"WebPage","@id":"https:\/\/lamellegno.it\/de\/das-unternehmen\/","url":"https:\/\/lamellegno.it\/de\/das-unternehmen\/","name":"Das Unternehmen | Lamel Legno","isPartOf":{"@id":"https:\/\/lamellegno.it\/#website"},"datePublished":"2024-02-28T15:19:28+00:00","dateModified":"2025-03-13T16:18:47+00:00","breadcrumb":{"@id":"https:\/\/lamellegno.it\/de\/das-unternehmen\/#breadcrumb"},"inLanguage":"de","potentialAction":[{"@type":"ReadAction","target":["https:\/\/lamellegno.it\/de\/das-unternehmen\/"]}]},{"@type":"BreadcrumbList","@id":"https:\/\/lamellegno.it\/de\/das-unternehmen\/#breadcrumb","itemListElement":[{"@type":"ListItem","position":1,"name":"Home","item":"https:\/\/lamellegno.it\/de\/"},{"@type":"ListItem","position":2,"name":"Das Unternehmen"}]},{"@type":"WebSite","@id":"https:\/\/lamellegno.it\/#website","url":"https:\/\/lamellegno.it\/","name":"Lamel Legno","description":"","publisher":{"@id":"https:\/\/lamellegno.it\/#organization"},"potentialAction":[{"@type":"SearchAction","target":{"@type":"EntryPoint","urlTemplate":"https:\/\/lamellegno.it\/?s={search_term_string}"},"query-input":{"@type":"PropertyValueSpecification","valueRequired":true,"valueName":"search_term_string"}}],"inLanguage":"de"},{"@type":"Organization","@id":"https:\/\/lamellegno.it\/#organization","name":"Lamel Legno","url":"https:\/\/lamellegno.it\/","logo":{"@type":"ImageObject","inLanguage":"de","@id":"https:\/\/lamellegno.it\/#\/schema\/logo\/image\/","url":"https:\/\/lamellegno.it\/wp-content\/uploads\/2024\/03\/logo.png","contentUrl":"https:\/\/lamellegno.it\/wp-content\/uploads\/2024\/03\/logo.png","width":112,"height":102,"caption":"Lamel Legno"},"image":{"@id":"https:\/\/lamellegno.it\/#\/schema\/logo\/image\/"},"sameAs":["https:\/\/www.linkedin.com\/company\/lamellegno\/"]}]}},"_links":{"self":[{"href":"https:\/\/lamellegno.it\/de\/wp-json\/wp\/v2\/pages\/1864","targetHints":{"allow":["GET"]}}],"collection":[{"href":"https:\/\/lamellegno.it\/de\/wp-json\/wp\/v2\/pages"}],"about":[{"href":"https:\/\/lamellegno.it\/de\/wp-json\/wp\/v2\/types\/page"}],"author":[{"embeddable":true,"href":"https:\/\/lamellegno.it\/de\/wp-json\/wp\/v2\/users\/4"}],"replies":[{"embeddable":true,"href":"https:\/\/lamellegno.it\/de\/wp-json\/wp\/v2\/comments?post=1864"}],"version-history":[{"count":10,"href":"https:\/\/lamellegno.it\/de\/wp-json\/wp\/v2\/pages\/1864\/revisions"}],"predecessor-version":[{"id":2330,"href":"https:\/\/lamellegno.it\/de\/wp-json\/wp\/v2\/pages\/1864\/revisions\/2330"}],"wp:attachment":[{"href":"https:\/\/lamellegno.it\/de\/wp-json\/wp\/v2\/media?parent=1864"}],"curies":[{"name":"wp","href":"https:\/\/api.w.org\/{rel}","templated":true}]}}