{"id":1924,"date":"2024-02-28T11:44:56","date_gmt":"2024-02-28T10:44:56","guid":{"rendered":"https:\/\/lamellegno.it\/?page_id=1924"},"modified":"2026-04-15T10:21:50","modified_gmt":"2026-04-15T08:21:50","slug":"zertifizierungen","status":"publish","type":"page","link":"https:\/\/lamellegno.it\/de\/zertifizierungen\/","title":{"rendered":"Zertifizierungen"},"content":{"rendered":"<div class=\"container-fascia-img-header\" style=\"background-image: url(https:\/\/lamellegno.it\/wp-content\/uploads\/2024\/05\/1certif_header.jpg)\">\n\n    <p id=\"bread-pages\"><span><span><a href=\"https:\/\/lamellegno.it\/de\/\">Home<\/a><\/span><\/span><\/p>\n    <div class=\"inner-fascia-img-header\">\n\n        <h1 class=\"title\">Zertifizierte Zuverl\u00e4ssigkeit<\/h1>\n\n            <\/div>\n<\/div>\n\n<div class=\"container-fascia-certificazioni\">\n    <div class=\"inner-fascia-certificazioni\">\n\n        <div class=\"elenco-certificazioni\">\n\n            \n                <div class=\"single-certificazione\">\n\n                    <div class=\"content\">\n                        <div class=\"col-sx\">\n                            <span class=\"title\">FSC\u00ae (Forest Stewardship Council)<\/span>\n                            <div class=\"testo\"><p>Das FSC\u00ae-Siegel kennzeichnet Produkte, die Holz aus W\u00e4ldern enthalten, die nach strengen \u00f6kologischen, sozialen und wirtschaftlichen Standards verantwortungsvoll und korrekt bewirtschaftet werden. Diese Standards werden vom Forest Stewardship Council festgelegt und genehmigt. Der FSC ist eine internationale, unabh\u00e4ngige und gemeinn\u00fctzige Nichtregierungsorganisation, die Umweltschutz- und Sozialgruppen, indigene Gemeinschaften, Waldbesitzer, Holz verarbeitende und handelnde Unternehmen sowie Wissenschaftler und Fachleute zusammenf\u00fchrt. Gemeinsam setzen sie sich f\u00fcr eine Verbesserung der weltweiten Waldwirtschaft ein.<\/p>\n<p>&nbsp;<\/p>\n<p>FSC\u00ae verf\u00fcgt \u00fcber ein freiwilliges und unabh\u00e4ngiges Zertifizierungssystem, das international t\u00e4tig ist. Die Grundlage sind Regeln f\u00fcr die R\u00fcckverfolgbarkeit von Produkten. Die R\u00fcckverfolgbarkeit ist die Identifizierung aller Schritte vom Ursprungswald bis zum fertigen Produkt (chain of custody &#8211; COC).<\/p>\n<p>&nbsp;<\/p>\n<p>Nur Unternehmen, die \u00fcber ein g\u00fcltiges COC-Zertifikat verf\u00fcgen, d\u00fcrfen das FSC\u00ae-Logo auf ihren Produkten anbringen. Die Anfrage, Auswahl und der Kauf von FSC\u00ae-zertifizierten Produkten bedeutet, direkt zum Wachstum eines ethischen, verantwortungsbewussten und positiven Systems beizutragen, indem die Zertifizierung neuer Waldgebiete und neuer Holzverarbeitungsunternehmen gef\u00f6rdert wird.<\/p>\n<p>&nbsp;<\/p>\n<p><em>Zertifizierte Produkte werden auf Anfrage geliefert.<\/em><\/p>\n<\/div>\n                        <\/div>\n\n                        <div class=\"img-link\">\n                                                            <img loading=\"lazy\" decoding=\"async\" src=\"https:\/\/lamellegno.it\/wp-content\/uploads\/2024\/04\/fsc-logo.png\" alt=\"\" width=\"400\" height=\"400\">\n                            \n                                                            <a href=\"\/wp-content\/uploads\/2024\/03\/ITCE_000444_CertificateFSC_2023.pdf\" class=\"btn btn-b\">ZERTIFIKAT HERUNTERLADEN<\/a>\n                                                    <\/div>\n                    <\/div>\n                <\/div>\n\n            \n                <div class=\"single-certificazione\">\n\n                    <div class=\"content\">\n                        <div class=\"col-sx\">\n                            <span class=\"title\">ISO 9001<\/span>\n                            <div class=\"testo\"><p>Die ISO 9001 richtet sich an jede Art von Organisation \u2013 ob \u00f6ffentlich oder privat, unabh\u00e4ngig von Branche und Gr\u00f6\u00dfe. Sie ist der international anerkannte Standard f\u00fcr Qualit\u00e4tsmanagement in Organisationen und Unternehmen, die gleichzeitig folgende Anforderungen erf\u00fcllen m\u00f6chten:<br \/>\n\u2013 die Notwendigkeit, die Effektivit\u00e4t interner Prozesse zu steigern und Ineffizienzen zu reduzieren;<br \/>\n\u2013 die Wettbewerbsf\u00e4higkeit auf den M\u00e4rkten durch Verbesserung der Kundenzufriedenheit und -bindung zu erh\u00f6hen.<\/p>\n<p>&nbsp;<\/p>\n<p>Das Hauptziel der ISO 9001 ist die st\u00e4ndige Verbesserung der Unternehmensleistung, indem das zertifizierte Unternehmen seinen Kunden die Aufrechterhaltung und st\u00e4ndige Verbesserung der Qualit\u00e4t seiner Produkte und Dienstleistungen gew\u00e4hrleistet. Aus dieser Perspektive stellt das ISO 9001-Modell ein strategisches Instrument dar, da es auf die Kontrolle der Kosten, die Steigerung der Produktivit\u00e4t und die Reduzierung von Verschwendung abzielt.<\/p>\n<p>&nbsp;<\/p>\n<p>Aus substanziellem Blickwinkel bedeutet dies die Verringerung des Risikos, die gegen\u00fcber den Kunden gegebenen Versprechen nicht einzuhalten, sowie die F\u00e4higkeit, die Prozesse durch die Messung der Leistungen und die Identifizierung geeigneter Indikatoren zu \u00fcberwachen.<\/p>\n<\/div>\n                        <\/div>\n\n                        <div class=\"img-link\">\n                                                            <img loading=\"lazy\" decoding=\"async\" src=\"https:\/\/lamellegno.it\/wp-content\/uploads\/2024\/03\/sgs.jpg\" alt=\"\" width=\"400\" height=\"400\">\n                            \n                                                            <a href=\"\/wp-content\/uploads\/2026\/04\/SGS_ISO-9001_2015_ITSU_000679_EN.pdf\" class=\"btn btn-b\">ZERTIFIKAT HERUNTERLADEN<\/a>\n                                                    <\/div>\n                    <\/div>\n                <\/div>\n\n            \n                <div class=\"single-certificazione\">\n\n                    <div class=\"content\">\n                        <div class=\"col-sx\">\n                            <span class=\"title\">PEFC (Programme for Endorsement of Forest Certification)<\/span>\n                            <div class=\"testo\"><p>Il PEFC, Programme for Endorsement of Forest Certification schemes (Programm zur Anerkennung von Waldzertifizierungssystemen), ist eine unabh\u00e4ngige Organisation zur Bewertung der Umweltleistung und Nachhaltigkeit von Forstwirtschaftssystemen. Es handelt sich um ein globales Zertifizierungssystem, das auf intergouvernementalen Vereinbarungen und international anerkannten Prozessen basiert. Es unterst\u00fctzt die h\u00f6chsten Standards f\u00fcr nachhaltige Forstwirtschaft ohne Ausnahmen.<\/p>\n<p>&nbsp;<\/p>\n<p>Seit 2001 fordert das PEFC die Einhaltung aller grundlegenden ILO-Konventionen (International Labour Organization) und ber\u00fccksichtigt die spezifischen Bed\u00fcrfnisse von Familienforstbetrieben und kleinen W\u00e4ldern. Es tr\u00e4gt nachhaltig zur Existenzsicherung und l\u00e4ndlichen Entwicklung bei, f\u00f6rdert den Erhalt oder die Verbesserung der Biodiversit\u00e4t und \u00d6kosysteme, unterst\u00fctzt die lokale Besch\u00e4ftigung, sch\u00fctzt die Rechte und die Gesundheit der Arbeiter, achtet auf die Traditionen und Rechte indigener V\u00f6lker und respektiert die Gesetze, indem es beispielsweise illegale Holzernte, Korruption sowie Kinder- oder Zwangsarbeit vermeidet.<\/p>\n<p>&nbsp;<\/p>\n<p>Zertifizierte W\u00e4lder werden regelm\u00e4\u00dfig von unabh\u00e4ngigen Pr\u00fcfern kontrolliert.<\/p>\n<p><em>Zertifizierte Produkte werden auf Anfrage bereitgestellt.<\/em><\/p>\n<\/div>\n                        <\/div>\n\n                        <div class=\"img-link\">\n                                                            <img loading=\"lazy\" decoding=\"async\" src=\"https:\/\/lamellegno.it\/wp-content\/uploads\/2024\/03\/pefc.jpg\" alt=\"\" width=\"400\" height=\"400\">\n                            \n                                                            <a href=\"\/wp-content\/uploads\/2024\/03\/ITCE_000445_CertificatePEFC_2023.pdf\" class=\"btn btn-b\">ZERTIFIKAT HERUNTERLADEN<\/a>\n                                                    <\/div>\n                    <\/div>\n                <\/div>\n\n            \n                <div class=\"single-certificazione\">\n\n                    <div class=\"content\">\n                        <div class=\"col-sx\">\n                            <span class=\"title\">Catas Quality Award<\/span>\n                            <div class=\"testo\"><p>CATAS ist seit 1993 als unabh\u00e4ngige dritte Partei im Bereich der Produktzertifizierung t\u00e4tig und vergibt das CATAS QUALITY AWARD (CQA)-Zertifikat, um die \u00dcbereinstimmung eines Produkts mit Normen und technischen Spezifikationen zu \u00fcberpr\u00fcfen und zu zertifizieren.<\/p>\n<p>Die CQA-Zertifizierung umfasst regelm\u00e4\u00dfige Kontrollen des Produkts sowie der Produktions- und Organisationsprozesse des Unternehmens durch CATAS, monatliche Produktkontrollen durch das Unternehmen und die regelm\u00e4\u00dfige Durchf\u00fchrung von Laborpr\u00fcfungen. Dies verleiht den Produkten einen h\u00f6heren Mehrwert und stellt sicher, dass sie langfristig die Anforderungen der Normen erf\u00fcllen: Europ\u00e4ische Normen (EN), Internationale Normen (ISO), Nationale Normen (UNI, DIN, BS, NF, ASTM, ANSI usw.)<\/p>\n<p>Zus\u00e4tzlich kommen Pr\u00fcfungen hinzu, die gem\u00e4\u00df den spezifischen Anforderungen des Kunden durchgef\u00fchrt werden.<\/p>\n<p>Im Gegensatz zum Pr\u00fcfbericht, der sich nur auf das vom Kunden eingesendete Muster bezieht, erstreckt sich das Produktzertifikat auf die gesamte Produktion und \u00fcberwacht deren \u00dcbereinstimmung mit den festgelegten Anforderungen. Dadurch werden Risiken durch nicht konforme Produkte reduziert und gleichzeitig die kontinuierliche Produktverbesserung durch die \u00dcberwachung durch die Zertifizierungsstelle gef\u00f6rdert.<\/p>\n<\/div>\n                        <\/div>\n\n                        <div class=\"img-link\">\n                                                            <img loading=\"lazy\" decoding=\"async\" src=\"https:\/\/lamellegno.it\/wp-content\/uploads\/2024\/04\/CQA-certifed-logo.jpg\" alt=\"\" width=\"400\" height=\"400\">\n                            \n                                                            <a href=\"\/wp-content\/uploads\/2026\/04\/ATTCQA_0198E_2600-1.pdf\" class=\"btn btn-b\">ZERTIFIKAT HERUNTERLADEN<\/a>\n                                                    <\/div>\n                    <\/div>\n                <\/div>\n\n            \n        <\/div>\n\n    <\/div>\n<\/div>","protected":false},"excerpt":{"rendered":"","protected":false},"author":4,"featured_media":0,"parent":0,"menu_order":0,"comment_status":"closed","ping_status":"closed","template":"","meta":{"_acf_changed":false,"footnotes":""},"class_list":["post-1924","page","type-page","status-publish","hentry"],"acf":[],"yoast_head":"<!-- This site is optimized with the Yoast SEO plugin v25.7 - https:\/\/yoast.com\/wordpress\/plugins\/seo\/ -->\n<title>Zertifizierungen | Lamel Legno<\/title>\n<meta name=\"robots\" content=\"index, follow, max-snippet:-1, max-image-preview:large, max-video-preview:-1\" \/>\n<link rel=\"canonical\" href=\"https:\/\/lamellegno.it\/de\/zertifizierungen\/\" \/>\n<meta property=\"og:locale\" content=\"de_DE\" \/>\n<meta property=\"og:type\" content=\"article\" \/>\n<meta property=\"og:title\" content=\"Zertifizierungen | Lamel Legno\" \/>\n<meta property=\"og:url\" content=\"https:\/\/lamellegno.it\/de\/zertifizierungen\/\" \/>\n<meta property=\"og:site_name\" content=\"Lamel Legno\" \/>\n<meta property=\"article:modified_time\" content=\"2026-04-15T08:21:50+00:00\" \/>\n<meta property=\"og:image\" content=\"https:\/\/lamellegno.it\/wp-content\/uploads\/2024\/03\/logo.png\" \/>\n\t<meta property=\"og:image:width\" content=\"112\" \/>\n\t<meta property=\"og:image:height\" content=\"102\" \/>\n\t<meta property=\"og:image:type\" content=\"image\/png\" \/>\n<meta name=\"twitter:card\" content=\"summary_large_image\" \/>\n<script type=\"application\/ld+json\" class=\"yoast-schema-graph\">{\"@context\":\"https:\/\/schema.org\",\"@graph\":[{\"@type\":\"WebPage\",\"@id\":\"https:\/\/lamellegno.it\/de\/zertifizierungen\/\",\"url\":\"https:\/\/lamellegno.it\/de\/zertifizierungen\/\",\"name\":\"Zertifizierungen | Lamel Legno\",\"isPartOf\":{\"@id\":\"https:\/\/lamellegno.it\/#website\"},\"datePublished\":\"2024-02-28T10:44:56+00:00\",\"dateModified\":\"2026-04-15T08:21:50+00:00\",\"breadcrumb\":{\"@id\":\"https:\/\/lamellegno.it\/de\/zertifizierungen\/#breadcrumb\"},\"inLanguage\":\"de\",\"potentialAction\":[{\"@type\":\"ReadAction\",\"target\":[\"https:\/\/lamellegno.it\/de\/zertifizierungen\/\"]}]},{\"@type\":\"BreadcrumbList\",\"@id\":\"https:\/\/lamellegno.it\/de\/zertifizierungen\/#breadcrumb\",\"itemListElement\":[{\"@type\":\"ListItem\",\"position\":1,\"name\":\"Home\",\"item\":\"https:\/\/lamellegno.it\/de\/\"},{\"@type\":\"ListItem\",\"position\":2,\"name\":\"Zertifizierungen\"}]},{\"@type\":\"WebSite\",\"@id\":\"https:\/\/lamellegno.it\/#website\",\"url\":\"https:\/\/lamellegno.it\/\",\"name\":\"Lamel Legno\",\"description\":\"\",\"publisher\":{\"@id\":\"https:\/\/lamellegno.it\/#organization\"},\"potentialAction\":[{\"@type\":\"SearchAction\",\"target\":{\"@type\":\"EntryPoint\",\"urlTemplate\":\"https:\/\/lamellegno.it\/?s={search_term_string}\"},\"query-input\":{\"@type\":\"PropertyValueSpecification\",\"valueRequired\":true,\"valueName\":\"search_term_string\"}}],\"inLanguage\":\"de\"},{\"@type\":\"Organization\",\"@id\":\"https:\/\/lamellegno.it\/#organization\",\"name\":\"Lamel Legno\",\"url\":\"https:\/\/lamellegno.it\/\",\"logo\":{\"@type\":\"ImageObject\",\"inLanguage\":\"de\",\"@id\":\"https:\/\/lamellegno.it\/#\/schema\/logo\/image\/\",\"url\":\"https:\/\/lamellegno.it\/wp-content\/uploads\/2024\/03\/logo.png\",\"contentUrl\":\"https:\/\/lamellegno.it\/wp-content\/uploads\/2024\/03\/logo.png\",\"width\":112,\"height\":102,\"caption\":\"Lamel Legno\"},\"image\":{\"@id\":\"https:\/\/lamellegno.it\/#\/schema\/logo\/image\/\"},\"sameAs\":[\"https:\/\/www.linkedin.com\/company\/lamellegno\/\"]}]}<\/script>\n<!-- \/ Yoast SEO plugin. -->","yoast_head_json":{"title":"Zertifizierungen | Lamel Legno","robots":{"index":"index","follow":"follow","max-snippet":"max-snippet:-1","max-image-preview":"max-image-preview:large","max-video-preview":"max-video-preview:-1"},"canonical":"https:\/\/lamellegno.it\/de\/zertifizierungen\/","og_locale":"de_DE","og_type":"article","og_title":"Zertifizierungen | Lamel Legno","og_url":"https:\/\/lamellegno.it\/de\/zertifizierungen\/","og_site_name":"Lamel Legno","article_modified_time":"2026-04-15T08:21:50+00:00","og_image":[{"width":112,"height":102,"url":"https:\/\/lamellegno.it\/wp-content\/uploads\/2024\/03\/logo.png","type":"image\/png"}],"twitter_card":"summary_large_image","schema":{"@context":"https:\/\/schema.org","@graph":[{"@type":"WebPage","@id":"https:\/\/lamellegno.it\/de\/zertifizierungen\/","url":"https:\/\/lamellegno.it\/de\/zertifizierungen\/","name":"Zertifizierungen | Lamel Legno","isPartOf":{"@id":"https:\/\/lamellegno.it\/#website"},"datePublished":"2024-02-28T10:44:56+00:00","dateModified":"2026-04-15T08:21:50+00:00","breadcrumb":{"@id":"https:\/\/lamellegno.it\/de\/zertifizierungen\/#breadcrumb"},"inLanguage":"de","potentialAction":[{"@type":"ReadAction","target":["https:\/\/lamellegno.it\/de\/zertifizierungen\/"]}]},{"@type":"BreadcrumbList","@id":"https:\/\/lamellegno.it\/de\/zertifizierungen\/#breadcrumb","itemListElement":[{"@type":"ListItem","position":1,"name":"Home","item":"https:\/\/lamellegno.it\/de\/"},{"@type":"ListItem","position":2,"name":"Zertifizierungen"}]},{"@type":"WebSite","@id":"https:\/\/lamellegno.it\/#website","url":"https:\/\/lamellegno.it\/","name":"Lamel Legno","description":"","publisher":{"@id":"https:\/\/lamellegno.it\/#organization"},"potentialAction":[{"@type":"SearchAction","target":{"@type":"EntryPoint","urlTemplate":"https:\/\/lamellegno.it\/?s={search_term_string}"},"query-input":{"@type":"PropertyValueSpecification","valueRequired":true,"valueName":"search_term_string"}}],"inLanguage":"de"},{"@type":"Organization","@id":"https:\/\/lamellegno.it\/#organization","name":"Lamel Legno","url":"https:\/\/lamellegno.it\/","logo":{"@type":"ImageObject","inLanguage":"de","@id":"https:\/\/lamellegno.it\/#\/schema\/logo\/image\/","url":"https:\/\/lamellegno.it\/wp-content\/uploads\/2024\/03\/logo.png","contentUrl":"https:\/\/lamellegno.it\/wp-content\/uploads\/2024\/03\/logo.png","width":112,"height":102,"caption":"Lamel Legno"},"image":{"@id":"https:\/\/lamellegno.it\/#\/schema\/logo\/image\/"},"sameAs":["https:\/\/www.linkedin.com\/company\/lamellegno\/"]}]}},"_links":{"self":[{"href":"https:\/\/lamellegno.it\/de\/wp-json\/wp\/v2\/pages\/1924","targetHints":{"allow":["GET"]}}],"collection":[{"href":"https:\/\/lamellegno.it\/de\/wp-json\/wp\/v2\/pages"}],"about":[{"href":"https:\/\/lamellegno.it\/de\/wp-json\/wp\/v2\/types\/page"}],"author":[{"embeddable":true,"href":"https:\/\/lamellegno.it\/de\/wp-json\/wp\/v2\/users\/4"}],"replies":[{"embeddable":true,"href":"https:\/\/lamellegno.it\/de\/wp-json\/wp\/v2\/comments?post=1924"}],"version-history":[{"count":8,"href":"https:\/\/lamellegno.it\/de\/wp-json\/wp\/v2\/pages\/1924\/revisions"}],"predecessor-version":[{"id":2673,"href":"https:\/\/lamellegno.it\/de\/wp-json\/wp\/v2\/pages\/1924\/revisions\/2673"}],"wp:attachment":[{"href":"https:\/\/lamellegno.it\/de\/wp-json\/wp\/v2\/media?parent=1924"}],"curies":[{"name":"wp","href":"https:\/\/api.w.org\/{rel}","templated":true}]}}