{"id":1997,"date":"2024-02-28T15:57:22","date_gmt":"2024-02-28T14:57:22","guid":{"rendered":"https:\/\/lamellegno.it\/?page_id=1997"},"modified":"2025-04-08T15:20:05","modified_gmt":"2025-04-08T13:20:05","slug":"wir-sind-natur","status":"publish","type":"page","link":"https:\/\/lamellegno.it\/de\/wir-sind-natur\/","title":{"rendered":"Wir sind Natur"},"content":{"rendered":"<div class=\"container-fascia-img-header\" style=\"background-image: url(https:\/\/lamellegno.it\/wp-content\/uploads\/2024\/05\/1sost_header.jpg)\">\n\n    <p id=\"bread-pages\"><span><span><a href=\"https:\/\/lamellegno.it\/de\/\">Home<\/a><\/span><\/span><\/p>\n    <div class=\"inner-fascia-img-header\">\n\n        <h1 class=\"title\">Wir sind Natur<\/h1>\n\n            <\/div>\n<\/div>\n\n\n<div class=\"container-fascia-cta-video bg-bianco\">\n    <div class=\"inner-fascia-cta-video\">\n\n        <div class=\"col-sx\">\n            <span class=\"title-small\">CARBON NEUTRAL PROJECT<\/span>\n            <span class=\"title-big\">WIR PFLANZEN B\u00c4UME IN TANSANIA<\/span>\n\n            <div class=\"testo\"><p>Lamel Legno hat ehrgeizige Ziele und verfolgt aktiv die Agenda 2030 f\u00fcr nachhaltige Entwicklung. Wir haben einen Weg der \u00f6kologischen Nachhaltigkeit eingeschlagen, der sowohl dem Planeten als auch den Menschen zugutekommt. Dar\u00fcber hinaus beteiligen wir uns an globalen Initiativen, die unser Engagement f\u00fcr den Umweltschutz unterstreichen. Ein konkretes Beispiel daf\u00fcr ist unser Wiederaufforstungsprojekt in Tansania, in dessen Rahmen wir aktiv 300 B\u00e4ume pflanzen. Diese Initiative tr\u00e4gt nicht nur zur Kompensation von CO\u2082-Emissionen bei, sondern f\u00f6rdert auch die wirtschaftliche Unabh\u00e4ngigkeit, indem sie die direkte Beteiligung von Frauengemeinschaften der Maasai unterst\u00fctzt.<\/p>\n<p>&nbsp;<\/p>\n<\/div>\n\n                                                <a href=\"https:\/\/app.zeroco2.eco\/it\/partner\/ee8d6184-de82-4212-8d85-c94c50158944?tab=forest\" class=\"btn btn-b\" target=\"_blank\">Projekt entdecken<\/a>\n                                    <\/div>\n\n        \n                                    <img loading=\"lazy\" decoding=\"async\" src=\"https:\/\/lamellegno.it\/wp-content\/uploads\/2024\/05\/2sost_piantiamoalberi.jpg\" alt=\"\" width=\"400\" height=\"400\">\n                    \n    <\/div>\n<\/div>\n\n\n<div class=\"container-fascia-img-sfondo-box-testo bg-verde l-boxed\" id=\"circolarita\">\n    <div class=\"inner-fascia-img-sfondo-box-testo\">\n\n                <div class=\"contenitore pos-altosx\" style=\"background: url('https:\/\/lamellegno.it\/wp-content\/uploads\/2024\/05\/3sost_ogniscarto.jpg')\">\n    \n            <div class=\"box-testo bgbox-trasparente\">\n                <span class=\"title-small\">KREISLAUFWIRTSCHAFT<\/span>\n                <span class=\"title-big\">JEDES RESTHOLZ HAT SEINEN WERT<\/span>\n\n                <div class=\"testo\"><p>Bei Lamel Legno sind wir \u00fcberzeugt, dass jeder Holzabfall seinen Wert hat. Wir erkennen die grundlegende Wichtigkeit dieser nat\u00fcrlichen Ressource und ihr Potenzial f\u00fcr ein zweites Leben an. Dieser Ansatz unterstreicht unser Engagement f\u00fcr nachhaltige und verantwortungsvolle Praktiken, bei denen jeder Materialrest nicht als Abfall, sondern als Gelegenheit zur Innovation und Kreation betrachtet wird. Der Bearbeitungsschrott wird teilweise zur Beheizung des Kessels und teilweise zur Herstellung von \u00f6kologischen Pellets verwendet. Dies minimiert nicht nur die Umweltbelastung unserer Aktivit\u00e4ten, sondern tr\u00e4gt auch zur F\u00f6rderung einer Kreislaufwirtschaft innerhalb der Holzverarbeitungsindustrie bei.<\/p>\n<\/div>\n\n                            <\/div>\n        <\/div>\n\n    <\/div>\n<\/div>\n\n\n<div class=\"container-fascia-img-testi bg-verde\">\n    <div class=\"inner-fascia-img-testi pos-sx\">\n\n                    <img loading=\"lazy\" decoding=\"async\" src=\"https:\/\/lamellegno.it\/wp-content\/uploads\/2024\/05\/4sost_unvaloreassoluto.jpg\" alt=\"\" width=\"400\" height=\"400\">\n        \n        <div class=\"col-dx\">\n            <span class=\"title-small\">Zukunft der Erde<\/span>\n            <span class=\"title-big\">EIN ABSOLUTER WERT<\/span>\n\n            <div class=\"testo\"><p>Wir erkennen, dass die Zukunft unseres Planeten und der kommenden Generationen von den Entscheidungen abh\u00e4ngt, die wir jeden Tag treffen. Aus diesem Grund verfolgen wir einen ganzheitlichen Ansatz zur Nachhaltigkeit, der den gesamten Lebenszyklus unserer Produkte ber\u00fccksichtigt \u2013 von der Auswahl der Rohstoffe \u00fcber die Produktion bis hin zur Energieeffizienz, der Nutzung erneuerbarer Energien und der Reduzierung von Abf\u00e4llen, die f\u00fcr uns h\u00f6chste Priorit\u00e4t haben<\/p>\n<p>&nbsp;<\/p>\n<\/div>\n\n            \n        <\/div>\n\n    <\/div>\n<\/div>\n\n\n<div class=\"container-fascia-img-sfondo-box-testo bg-verde l-fullw\" id=\"\">\n    <div class=\"inner-fascia-img-sfondo-box-testo\">\n\n                <div class=\"contenitore pos-centro\" style=\"background: url('https:\/\/lamellegno.it\/wp-content\/uploads\/2024\/05\/5sost_naturaetecnologia.jpg')\">\n    \n            <div class=\"box-testo bgbox-bianco\">\n                <span class=\"title-small\">Energieeffizienzsteigerung<\/span>\n                <span class=\"title-big\">Natur und Technologie<\/span>\n\n                <div class=\"testo\"><p data-start=\"155\" data-end=\"405\">Der Respekt vor der Umwelt ist seit Jahren ein zentrales Element der T\u00e4tigkeit von Lamel Legno, ein echtes Engagement f\u00fcr Verantwortung, das dem Unternehmen erm\u00f6glicht, mit Stolz an der Nachhaltigkeit und dem Schutz des Territoriums zu arbeiten.<\/p>\n<p data-start=\"407\" data-end=\"497\">Besonders ber\u00fccksichtigt wird die Reduzierung von Energieemissionen in die Atmosph\u00e4re:<\/p>\n<ul>\n<li data-start=\"499\" data-end=\"666\">Es wurde eine Photovoltaikanlage installiert, die j\u00e4hrlich \u00fcber 1 Million kWh erzeugt und eine Verringerung der CO\u2082-Emissionen um etwa 700 Tonnen j\u00e4hrlich bewirkt.<\/li>\n<li data-start=\"668\" data-end=\"892\">Biomasse aus Produktionsabf\u00e4llen wird genutzt, um \u00fcber 2 Milliarden kcal zu erzeugen, die in den Produktionskreislauf des Unternehmens zur\u00fcckgef\u00fchrt werden, was eine Einsparung von mehr als 250.000 m\u00b3 Erdgas erm\u00f6glicht.<\/li>\n<\/ul>\n<\/div>\n\n                            <\/div>\n        <\/div>\n\n    <\/div>\n<\/div>\n\n\n<div class=\"container-fascia-img-testi bg-verde\">\n    <div class=\"inner-fascia-img-testi pos-dx\">\n\n                    <img loading=\"lazy\" decoding=\"async\" src=\"https:\/\/lamellegno.it\/wp-content\/uploads\/2024\/05\/6sost_sostenibiliancheincomunicazione.jpg\" alt=\"\" width=\"400\" height=\"400\">\n        \n        <div class=\"col-dx\">\n            <span class=\"title-small\">PROJEKT <u><a href=\"http:\/\/dialquadrato.com\/\" target=\"blank\">GREENIUMNESS\u00ae<\/a><\/u><\/span>\n            <span class=\"title-big\">NACHHALTIG AUCH IN DER KOMMUNIKATION<\/span>\n\n            <div class=\"testo\"><p>Das Projekt &#8222;Greeniumness\u00ae&#8220; basiert auf einem revolution\u00e4ren Konzept: die Messung der CO2-Emissionen (Abb. 2), die durch jede Interaktion auf digitalen Plattformen entstehen, und deren Umwandlung in &#8222;vermiedene Emissionen&#8220;, indem die Domain auf ein Hosting \u00fcbertragen wird, das mit erneuerbaren Energien betrieben wird (Abb. 1). Gleichzeitig wird eine neue digitale Plattform entwickelt, die einen negativen \u00f6kologischen Fu\u00dfabdruck aufweist (Abb. 3\u20134). Dieser Ansatz, den wir bei Lamel Legno vollst\u00e4ndig \u00fcbernommen haben, stellt die traditionellen Kommunikationskonventionen infrage, indem jeder Klick, Like oder Share (Abb. 5) in eine potenziell positive Handlung f\u00fcr die Umwelt verwandelt wird.<\/p>\n<p>Diese Website ist nachhaltig und inklusiv gem\u00e4\u00df Accessiway-Standards, was bedeutet, dass sie auch Menschen mit Behinderungen den Zugang zur digitalen Revolution erm\u00f6glicht.<\/p>\n<p>Lamel Legno engagiert sich au\u00dferdem f\u00fcr konkrete Ma\u00dfnahmen, um das \u00f6kologische Gleichgewicht wiederherzustellen. Eine dieser Kompensationsma\u00dfnahmen ist die Wiederaufforstung (Abb. 6), die nicht nur CO2 aus der Atmosph\u00e4re absorbiert, sondern auch nat\u00fcrliche \u00d6kosysteme wiederherstellt und sch\u00fctzt. Dadurch wird die Biodiversit\u00e4t gef\u00f6rdert und das Wohl des Planeten unterst\u00fctzt (Abb. 7).<\/p>\n<\/div>\n\n            \n        <\/div>\n\n    <\/div>\n<\/div>\n\n\n<div class=\"container-fascia-img-testi bg-bianco\">\n    <div class=\"inner-fascia-img-testi pos-sx\">\n\n                    <img loading=\"lazy\" decoding=\"async\" src=\"https:\/\/lamellegno.it\/wp-content\/uploads\/2024\/05\/7sost_untraguardopossibile.jpg\" alt=\"\" width=\"400\" height=\"400\">\n        \n        <div class=\"col-dx\">\n            <span class=\"title-small\">Agenda 2030 f\u00fcr nachhaltige Entwicklung<\/span>\n            <span class=\"title-big\">Ein erreichbares Ziel<\/span>\n\n            <div class=\"testo\"><p>Wir sind stolz darauf, unser konkretes Engagement f\u00fcr eine nachhaltigere Zukunft bekannt zu geben, indem wir uns perfekt mit 8 Zielen der Agenda 2030 ausrichten. Durch wegweisende Innovationen und verantwortungsbewusste Praktiken haben wir bedeutende Fortschritte erzielt und die Holzindustrie transformiert. Von der Reduzierung des CO2-Fu\u00dfabdrucks bis hin zur nachhaltigen Waldbewirtschaftung, von der gr\u00fcnen Digitalisierung bis zur Inklusion \u2013 jeder Aspekt unserer T\u00e4tigkeit wurde neu gedacht, um einen minimalen \u00f6kologischen Fu\u00dfabdruck zu gew\u00e4hrleisten. Den Klimawandel zu bek\u00e4mpfen ist nicht nur ein Ziel, sondern eine Realit\u00e4t in Entstehung. Gemeinsam k\u00f6nnen wir einen Unterschied machen.<\/p>\n<\/div>\n\n                            <a href=\"https:\/\/publuu.com\/flip-book\/545725\/1448361\" class=\"btn btn-b\" target=\"_blank\">NACHHALTIGKEITSMANIFEST ENTDECKEN<\/a>\n            \n        <\/div>\n\n    <\/div>\n<\/div>","protected":false},"excerpt":{"rendered":"","protected":false},"author":4,"featured_media":0,"parent":0,"menu_order":0,"comment_status":"closed","ping_status":"closed","template":"","meta":{"_acf_changed":false,"footnotes":""},"class_list":["post-1997","page","type-page","status-publish","hentry"],"acf":[],"yoast_head":"<!-- This site is optimized with the Yoast SEO plugin v25.7 - https:\/\/yoast.com\/wordpress\/plugins\/seo\/ -->\n<title>Wir sind Natur | Lamel Legno<\/title>\n<meta name=\"robots\" content=\"index, follow, max-snippet:-1, max-image-preview:large, max-video-preview:-1\" \/>\n<link rel=\"canonical\" href=\"https:\/\/lamellegno.it\/de\/wir-sind-natur\/\" \/>\n<meta property=\"og:locale\" content=\"de_DE\" \/>\n<meta property=\"og:type\" content=\"article\" \/>\n<meta property=\"og:title\" content=\"Wir sind Natur | Lamel Legno\" \/>\n<meta property=\"og:url\" content=\"https:\/\/lamellegno.it\/de\/wir-sind-natur\/\" \/>\n<meta property=\"og:site_name\" content=\"Lamel Legno\" \/>\n<meta property=\"article:modified_time\" content=\"2025-04-08T13:20:05+00:00\" \/>\n<meta property=\"og:image\" content=\"https:\/\/lamellegno.it\/wp-content\/uploads\/2024\/03\/logo.png\" \/>\n\t<meta property=\"og:image:width\" content=\"112\" \/>\n\t<meta property=\"og:image:height\" content=\"102\" \/>\n\t<meta property=\"og:image:type\" content=\"image\/png\" \/>\n<meta name=\"twitter:card\" content=\"summary_large_image\" \/>\n<script type=\"application\/ld+json\" class=\"yoast-schema-graph\">{\"@context\":\"https:\/\/schema.org\",\"@graph\":[{\"@type\":\"WebPage\",\"@id\":\"https:\/\/lamellegno.it\/de\/wir-sind-natur\/\",\"url\":\"https:\/\/lamellegno.it\/de\/wir-sind-natur\/\",\"name\":\"Wir sind Natur | Lamel Legno\",\"isPartOf\":{\"@id\":\"https:\/\/lamellegno.it\/#website\"},\"datePublished\":\"2024-02-28T14:57:22+00:00\",\"dateModified\":\"2025-04-08T13:20:05+00:00\",\"breadcrumb\":{\"@id\":\"https:\/\/lamellegno.it\/de\/wir-sind-natur\/#breadcrumb\"},\"inLanguage\":\"de\",\"potentialAction\":[{\"@type\":\"ReadAction\",\"target\":[\"https:\/\/lamellegno.it\/de\/wir-sind-natur\/\"]}]},{\"@type\":\"BreadcrumbList\",\"@id\":\"https:\/\/lamellegno.it\/de\/wir-sind-natur\/#breadcrumb\",\"itemListElement\":[{\"@type\":\"ListItem\",\"position\":1,\"name\":\"Home\",\"item\":\"https:\/\/lamellegno.it\/de\/\"},{\"@type\":\"ListItem\",\"position\":2,\"name\":\"Wir sind Natur\"}]},{\"@type\":\"WebSite\",\"@id\":\"https:\/\/lamellegno.it\/#website\",\"url\":\"https:\/\/lamellegno.it\/\",\"name\":\"Lamel Legno\",\"description\":\"\",\"publisher\":{\"@id\":\"https:\/\/lamellegno.it\/#organization\"},\"potentialAction\":[{\"@type\":\"SearchAction\",\"target\":{\"@type\":\"EntryPoint\",\"urlTemplate\":\"https:\/\/lamellegno.it\/?s={search_term_string}\"},\"query-input\":{\"@type\":\"PropertyValueSpecification\",\"valueRequired\":true,\"valueName\":\"search_term_string\"}}],\"inLanguage\":\"de\"},{\"@type\":\"Organization\",\"@id\":\"https:\/\/lamellegno.it\/#organization\",\"name\":\"Lamel Legno\",\"url\":\"https:\/\/lamellegno.it\/\",\"logo\":{\"@type\":\"ImageObject\",\"inLanguage\":\"de\",\"@id\":\"https:\/\/lamellegno.it\/#\/schema\/logo\/image\/\",\"url\":\"https:\/\/lamellegno.it\/wp-content\/uploads\/2024\/03\/logo.png\",\"contentUrl\":\"https:\/\/lamellegno.it\/wp-content\/uploads\/2024\/03\/logo.png\",\"width\":112,\"height\":102,\"caption\":\"Lamel Legno\"},\"image\":{\"@id\":\"https:\/\/lamellegno.it\/#\/schema\/logo\/image\/\"},\"sameAs\":[\"https:\/\/www.linkedin.com\/company\/lamellegno\/\"]}]}<\/script>\n<!-- \/ Yoast SEO plugin. -->","yoast_head_json":{"title":"Wir sind Natur | Lamel Legno","robots":{"index":"index","follow":"follow","max-snippet":"max-snippet:-1","max-image-preview":"max-image-preview:large","max-video-preview":"max-video-preview:-1"},"canonical":"https:\/\/lamellegno.it\/de\/wir-sind-natur\/","og_locale":"de_DE","og_type":"article","og_title":"Wir sind Natur | Lamel Legno","og_url":"https:\/\/lamellegno.it\/de\/wir-sind-natur\/","og_site_name":"Lamel Legno","article_modified_time":"2025-04-08T13:20:05+00:00","og_image":[{"width":112,"height":102,"url":"https:\/\/lamellegno.it\/wp-content\/uploads\/2024\/03\/logo.png","type":"image\/png"}],"twitter_card":"summary_large_image","schema":{"@context":"https:\/\/schema.org","@graph":[{"@type":"WebPage","@id":"https:\/\/lamellegno.it\/de\/wir-sind-natur\/","url":"https:\/\/lamellegno.it\/de\/wir-sind-natur\/","name":"Wir sind Natur | Lamel Legno","isPartOf":{"@id":"https:\/\/lamellegno.it\/#website"},"datePublished":"2024-02-28T14:57:22+00:00","dateModified":"2025-04-08T13:20:05+00:00","breadcrumb":{"@id":"https:\/\/lamellegno.it\/de\/wir-sind-natur\/#breadcrumb"},"inLanguage":"de","potentialAction":[{"@type":"ReadAction","target":["https:\/\/lamellegno.it\/de\/wir-sind-natur\/"]}]},{"@type":"BreadcrumbList","@id":"https:\/\/lamellegno.it\/de\/wir-sind-natur\/#breadcrumb","itemListElement":[{"@type":"ListItem","position":1,"name":"Home","item":"https:\/\/lamellegno.it\/de\/"},{"@type":"ListItem","position":2,"name":"Wir sind Natur"}]},{"@type":"WebSite","@id":"https:\/\/lamellegno.it\/#website","url":"https:\/\/lamellegno.it\/","name":"Lamel Legno","description":"","publisher":{"@id":"https:\/\/lamellegno.it\/#organization"},"potentialAction":[{"@type":"SearchAction","target":{"@type":"EntryPoint","urlTemplate":"https:\/\/lamellegno.it\/?s={search_term_string}"},"query-input":{"@type":"PropertyValueSpecification","valueRequired":true,"valueName":"search_term_string"}}],"inLanguage":"de"},{"@type":"Organization","@id":"https:\/\/lamellegno.it\/#organization","name":"Lamel Legno","url":"https:\/\/lamellegno.it\/","logo":{"@type":"ImageObject","inLanguage":"de","@id":"https:\/\/lamellegno.it\/#\/schema\/logo\/image\/","url":"https:\/\/lamellegno.it\/wp-content\/uploads\/2024\/03\/logo.png","contentUrl":"https:\/\/lamellegno.it\/wp-content\/uploads\/2024\/03\/logo.png","width":112,"height":102,"caption":"Lamel Legno"},"image":{"@id":"https:\/\/lamellegno.it\/#\/schema\/logo\/image\/"},"sameAs":["https:\/\/www.linkedin.com\/company\/lamellegno\/"]}]}},"_links":{"self":[{"href":"https:\/\/lamellegno.it\/de\/wp-json\/wp\/v2\/pages\/1997","targetHints":{"allow":["GET"]}}],"collection":[{"href":"https:\/\/lamellegno.it\/de\/wp-json\/wp\/v2\/pages"}],"about":[{"href":"https:\/\/lamellegno.it\/de\/wp-json\/wp\/v2\/types\/page"}],"author":[{"embeddable":true,"href":"https:\/\/lamellegno.it\/de\/wp-json\/wp\/v2\/users\/4"}],"replies":[{"embeddable":true,"href":"https:\/\/lamellegno.it\/de\/wp-json\/wp\/v2\/comments?post=1997"}],"version-history":[{"count":10,"href":"https:\/\/lamellegno.it\/de\/wp-json\/wp\/v2\/pages\/1997\/revisions"}],"predecessor-version":[{"id":2595,"href":"https:\/\/lamellegno.it\/de\/wp-json\/wp\/v2\/pages\/1997\/revisions\/2595"}],"wp:attachment":[{"href":"https:\/\/lamellegno.it\/de\/wp-json\/wp\/v2\/media?parent=1997"}],"curies":[{"name":"wp","href":"https:\/\/api.w.org\/{rel}","templated":true}]}}