{"id":1826,"date":"2024-02-28T16:19:28","date_gmt":"2024-02-28T15:19:28","guid":{"rendered":"https:\/\/lamellegno.it\/?page_id=1826"},"modified":"2025-02-24T12:05:18","modified_gmt":"2025-02-24T11:05:18","slug":"empresa","status":"publish","type":"page","link":"https:\/\/lamellegno.it\/es\/empresa\/","title":{"rendered":"EMPRESA"},"content":{"rendered":"<div class=\"container-fascia-img-header\" style=\"background-image: url(https:\/\/lamellegno.it\/wp-content\/uploads\/2024\/05\/1azienda_header.jpg)\">\n\n    <p id=\"bread-pages\"><span><span><a href=\"https:\/\/lamellegno.it\/es\/\">Home<\/a><\/span><\/span><\/p>\n    <div class=\"inner-fascia-img-header\">\n\n        <h1 class=\"title\">empresa<\/h1>\n\n            <\/div>\n<\/div>\n\n\n<div class=\"inspiration-gallery-slider\">\n    <div class=\"contenitore\">\n        <div class=\"wrap\">\n            <div class=\"slider \" data-swiper=\"{&quot;wrapperClass&quot;: &quot;slider-wrapper&quot;,&quot;slideClass&quot;: &quot;slide&quot;,&quot;slidesPerView&quot;: &quot;auto&quot;,&quot;loop&quot;: false,&quot;navigation&quot;: {&quot;nextEl&quot;: &quot;.nextslide&quot;, &quot;prevEl&quot;: &quot;.prevslide&quot;}}\">\n\n                <div class=\"slider-wrapper lightgal\">\n                    \n                                                    <div class=\"slide\" data-src=\"https:\/\/lamellegno.it\/wp-content\/uploads\/2024\/05\/4azienda_slider3.jpg\">\n                                <img decoding=\"async\" src=\"https:\/\/lamellegno.it\/wp-content\/uploads\/2024\/05\/4azienda_slider3.jpg\" height=\"800\" alt=\"\" \/>\n                            <\/div>\n                        \n                    \n                                                    <div class=\"slide\" data-src=\"https:\/\/lamellegno.it\/wp-content\/uploads\/2024\/05\/3azienda_slider2.jpg\">\n                                <img decoding=\"async\" src=\"https:\/\/lamellegno.it\/wp-content\/uploads\/2024\/05\/3azienda_slider2.jpg\" height=\"800\" alt=\"\" \/>\n                            <\/div>\n                        \n                    \n                                                    <div class=\"slide\" data-src=\"https:\/\/lamellegno.it\/wp-content\/uploads\/2024\/05\/2azienda_slider1.jpg\">\n                                <img decoding=\"async\" src=\"https:\/\/lamellegno.it\/wp-content\/uploads\/2024\/05\/2azienda_slider1.jpg\" height=\"800\" alt=\"\" \/>\n                            <\/div>\n                        \n                    \n                                                    <div class=\"slide\" data-src=\"https:\/\/lamellegno.it\/wp-content\/uploads\/2024\/05\/slider4.jpg\">\n                                <img decoding=\"async\" src=\"https:\/\/lamellegno.it\/wp-content\/uploads\/2024\/05\/slider4.jpg\" height=\"800\" alt=\"\" \/>\n                            <\/div>\n                        \n                    \n                                                    <div class=\"slide\" data-src=\"https:\/\/lamellegno.it\/wp-content\/uploads\/2024\/05\/slider5.jpg\">\n                                <img decoding=\"async\" src=\"https:\/\/lamellegno.it\/wp-content\/uploads\/2024\/05\/slider5.jpg\" height=\"800\" alt=\"\" \/>\n                            <\/div>\n                        \n                                    <\/div>\n\n                <span class=\"slider-arrow prev prevslide\" tabindex=\"0\" role=\"button\" aria-label=\"Prev slide\"><\/span>\n                <span class=\"slider-arrow next nextslide\" tabindex=\"0\" role=\"button\" aria-label=\"Next slide\"><\/span>\n\n            <\/div>\n        <\/div>\n    <\/div>\n<\/div>\n\n\n<div class=\"container-fascia-img-testi bg-bianco\">\n    <div class=\"inner-fascia-img-testi pos-sx\">\n\n                    <img loading=\"lazy\" decoding=\"async\" src=\"https:\/\/lamellegno.it\/wp-content\/uploads\/2024\/05\/5azienda_lanostramission.jpg\" alt=\"\" width=\"400\" height=\"400\">\n        \n        <div class=\"col-dx\">\n            <span class=\"title-small\">ING. GIUSEPPE SAMMARTINO<\/span>\n            <span class=\"title-big\">NUESTRO OBJETIVO<\/span>\n\n            <div class=\"testo\"><p>La misi\u00f3n de Lamel Legno est\u00e1 profundamente arraigada en el valor intr\u00ednseco de la madera, s\u00edmbolo eterno de una calidad de vida superior. Para nosotros, la madera no es simplemente un material, sino un elemento clave para quienes aspiran a vivir en espacios que transmiten calidez, acogida y confort, enriquecidos con una aut\u00e9ntica sensaci\u00f3n de bienestar. Esta visi\u00f3n nace de un v\u00ednculo hist\u00f3rico con la tradici\u00f3n, un patrimonio que abrazamos con respeto, proyect\u00e1ndolo hacia el futuro mediante la innovaci\u00f3n continua en las t\u00e9cnicas de procesamiento y la adopci\u00f3n de las tecnolog\u00edas m\u00e1s avanzadas.<\/p>\n<\/div>\n\n            \n        <\/div>\n\n    <\/div>\n<\/div>\n\n\n<div class=\"container-fascia-img-sfondo-box-testo bg-verde l-fullw\" id=\"\">\n    <div class=\"inner-fascia-img-sfondo-box-testo\">\n\n                <div class=\"contenitore pos-altosx\" style=\"background: url('https:\/\/lamellegno.it\/wp-content\/uploads\/2024\/05\/6azienda_complessoaziendale.jpg')\">\n    \n            <div class=\"box-testo bgbox-marronet\">\n                <span class=\"title-small\">Los n\u00fameros<\/span>\n                <span class=\"title-big\">Complejo empresarial<\/span>\n\n                <div class=\"testo\"><p>La empresa crece con fuerza gracias a la dedicaci\u00f3n y profesionalidad, consolid\u00e1ndose hoy con un complejo industrial que se extiende sobre una superficie de m\u00e1s de 50.000 m\u00b2, de los cuales 15.000 est\u00e1n cubiertos. La estructura incluye avanzados sistemas de secado que garantizan la humedad \u00f3ptima para el procesamiento de la madera, con una capacidad total de secado de 800 metros c\u00fabicos y un almac\u00e9n de 2.000 metros c\u00fabicos de producto terminado listo para su entrega. Esto convierte a Lamel Legno en un socio confiable y preparado para satisfacer cualquier necesidad del cliente.<\/p>\n<p>&nbsp;<\/p>\n<\/div>\n\n                            <\/div>\n        <\/div>\n\n    <\/div>\n<\/div>\n\n<div class=\"container-fascia-perche-sceglierci\">\n    <div class=\"inner-fascia-perche-sceglierci\">\n\n        <span class=\"title-small\">Los valores<\/span>\n        <span class=\"title-big\">Por qu\u00e9 elegirnos<\/span>\n\n        <div class=\"testo\"><p>Lamel Legno es sin\u00f3nimo de Fiabilidad y Calidad en el sector de los Perfiles y Paneles de madera laminada, siempre\u00a0 a la vanguardia y alineada con las tecnolog\u00edas mas recientes.<\/p>\n<\/div>\n\n        <div class=\"container-box\">\n            <div class=\"box\">\n                <span class=\"title-box\">Investigaci\u00f3n y calidad<\/span>\n                <div class=\"testo-box\"><p>Una actividad productiva siempre orientada hacia la m\u00e1xima calidad de los productos. Una b\u00fasqueda que comienza con la cuidadosa selecci\u00f3n de las materias primas y contin\u00faa en cada fase del proceso gracias a instalaciones modernas, sistemas de control autom\u00e1ticos y la experiencia y competencia de su equipo.<\/p>\n<\/div>\n            <\/div>\n\n            <div class=\"box\">\n                <span class=\"title-box\">Profesionalismo y asistencia<\/span>\n                <div class=\"testo-box\"><p>Profesionalidad y flexibilidad son nuestros mayores puntos fuertes. Somos capaces de adaptarnos a las demandas del mercado en tiempos \u00abcortos\u00bb y de desarrollar productos a medida con una programaci\u00f3n espec\u00edfica de cada etapa del proceso.<\/p>\n<\/div>\n            <\/div>\n\n            <div class=\"box\">\n                <span class=\"title-box\">Sostenibilidad<\/span>\n                <div class=\"testo-box\"><p>Creemos que el verdadero progreso solo es posible a trav\u00e9s de un compromiso concreto con el desarrollo sostenible. Esto se traduce en decisiones pr\u00e1cticas que respetan el medio ambiente y garantizan la prosperidad econ\u00f3mica a largo plazo. Queremos ser un motor de cambio positivo, liderando el sector hacia un futuro donde la innovaci\u00f3n y la sostenibilidad avancen de la mano.<\/p>\n<\/div>\n            <\/div>\n\n            <div class=\"box\">\n                <span class=\"title-box\">Velocidad y satisfacci\u00f3n<\/span>\n                <div class=\"testo-box\"><p>Gracias a un eficiente sistema de gesti\u00f3n y control, la empresa es capaz de garantizar plazos de entrega r\u00e1pidos y puntuales.<br \/>\nEl cumplimiento de las especificaciones t\u00e9cnicas requeridas y de los tiempos de entrega confirmados es nuestro enfoque principal, orientado a lograr la satisfacci\u00f3n del cliente.<\/p>\n<\/div>\n            <\/div>\n        <\/div>\n\n    <\/div>\n<\/div>","protected":false},"excerpt":{"rendered":"","protected":false},"author":4,"featured_media":0,"parent":0,"menu_order":0,"comment_status":"closed","ping_status":"closed","template":"","meta":{"_acf_changed":false,"footnotes":""},"class_list":["post-1826","page","type-page","status-publish","hentry"],"acf":[],"yoast_head":"<!-- This site is optimized with the Yoast SEO plugin v25.7 - https:\/\/yoast.com\/wordpress\/plugins\/seo\/ -->\n<title>EMPRESA | Lamel Legno<\/title>\n<meta name=\"robots\" content=\"index, follow, max-snippet:-1, max-image-preview:large, max-video-preview:-1\" \/>\n<link rel=\"canonical\" href=\"https:\/\/lamellegno.it\/es\/empresa\/\" \/>\n<meta property=\"og:locale\" content=\"es_ES\" \/>\n<meta property=\"og:type\" content=\"article\" \/>\n<meta property=\"og:title\" content=\"EMPRESA | Lamel Legno\" \/>\n<meta property=\"og:url\" content=\"https:\/\/lamellegno.it\/es\/empresa\/\" \/>\n<meta property=\"og:site_name\" content=\"Lamel Legno\" \/>\n<meta property=\"article:modified_time\" content=\"2025-02-24T11:05:18+00:00\" \/>\n<meta property=\"og:image\" content=\"https:\/\/lamellegno.it\/wp-content\/uploads\/2024\/03\/logo.png\" \/>\n\t<meta property=\"og:image:width\" content=\"112\" \/>\n\t<meta property=\"og:image:height\" content=\"102\" \/>\n\t<meta property=\"og:image:type\" content=\"image\/png\" \/>\n<meta name=\"twitter:card\" content=\"summary_large_image\" \/>\n<script type=\"application\/ld+json\" class=\"yoast-schema-graph\">{\"@context\":\"https:\/\/schema.org\",\"@graph\":[{\"@type\":\"WebPage\",\"@id\":\"https:\/\/lamellegno.it\/es\/empresa\/\",\"url\":\"https:\/\/lamellegno.it\/es\/empresa\/\",\"name\":\"EMPRESA | Lamel Legno\",\"isPartOf\":{\"@id\":\"https:\/\/lamellegno.it\/#website\"},\"datePublished\":\"2024-02-28T15:19:28+00:00\",\"dateModified\":\"2025-02-24T11:05:18+00:00\",\"breadcrumb\":{\"@id\":\"https:\/\/lamellegno.it\/es\/empresa\/#breadcrumb\"},\"inLanguage\":\"es\",\"potentialAction\":[{\"@type\":\"ReadAction\",\"target\":[\"https:\/\/lamellegno.it\/es\/empresa\/\"]}]},{\"@type\":\"BreadcrumbList\",\"@id\":\"https:\/\/lamellegno.it\/es\/empresa\/#breadcrumb\",\"itemListElement\":[{\"@type\":\"ListItem\",\"position\":1,\"name\":\"Home\",\"item\":\"https:\/\/lamellegno.it\/es\/\"},{\"@type\":\"ListItem\",\"position\":2,\"name\":\"EMPRESA\"}]},{\"@type\":\"WebSite\",\"@id\":\"https:\/\/lamellegno.it\/#website\",\"url\":\"https:\/\/lamellegno.it\/\",\"name\":\"Lamel Legno\",\"description\":\"\",\"publisher\":{\"@id\":\"https:\/\/lamellegno.it\/#organization\"},\"potentialAction\":[{\"@type\":\"SearchAction\",\"target\":{\"@type\":\"EntryPoint\",\"urlTemplate\":\"https:\/\/lamellegno.it\/?s={search_term_string}\"},\"query-input\":{\"@type\":\"PropertyValueSpecification\",\"valueRequired\":true,\"valueName\":\"search_term_string\"}}],\"inLanguage\":\"es\"},{\"@type\":\"Organization\",\"@id\":\"https:\/\/lamellegno.it\/#organization\",\"name\":\"Lamel Legno\",\"url\":\"https:\/\/lamellegno.it\/\",\"logo\":{\"@type\":\"ImageObject\",\"inLanguage\":\"es\",\"@id\":\"https:\/\/lamellegno.it\/#\/schema\/logo\/image\/\",\"url\":\"https:\/\/lamellegno.it\/wp-content\/uploads\/2024\/03\/logo.png\",\"contentUrl\":\"https:\/\/lamellegno.it\/wp-content\/uploads\/2024\/03\/logo.png\",\"width\":112,\"height\":102,\"caption\":\"Lamel Legno\"},\"image\":{\"@id\":\"https:\/\/lamellegno.it\/#\/schema\/logo\/image\/\"},\"sameAs\":[\"https:\/\/www.linkedin.com\/company\/lamellegno\/\"]}]}<\/script>\n<!-- \/ Yoast SEO plugin. -->","yoast_head_json":{"title":"EMPRESA | Lamel Legno","robots":{"index":"index","follow":"follow","max-snippet":"max-snippet:-1","max-image-preview":"max-image-preview:large","max-video-preview":"max-video-preview:-1"},"canonical":"https:\/\/lamellegno.it\/es\/empresa\/","og_locale":"es_ES","og_type":"article","og_title":"EMPRESA | Lamel Legno","og_url":"https:\/\/lamellegno.it\/es\/empresa\/","og_site_name":"Lamel Legno","article_modified_time":"2025-02-24T11:05:18+00:00","og_image":[{"width":112,"height":102,"url":"https:\/\/lamellegno.it\/wp-content\/uploads\/2024\/03\/logo.png","type":"image\/png"}],"twitter_card":"summary_large_image","schema":{"@context":"https:\/\/schema.org","@graph":[{"@type":"WebPage","@id":"https:\/\/lamellegno.it\/es\/empresa\/","url":"https:\/\/lamellegno.it\/es\/empresa\/","name":"EMPRESA | Lamel Legno","isPartOf":{"@id":"https:\/\/lamellegno.it\/#website"},"datePublished":"2024-02-28T15:19:28+00:00","dateModified":"2025-02-24T11:05:18+00:00","breadcrumb":{"@id":"https:\/\/lamellegno.it\/es\/empresa\/#breadcrumb"},"inLanguage":"es","potentialAction":[{"@type":"ReadAction","target":["https:\/\/lamellegno.it\/es\/empresa\/"]}]},{"@type":"BreadcrumbList","@id":"https:\/\/lamellegno.it\/es\/empresa\/#breadcrumb","itemListElement":[{"@type":"ListItem","position":1,"name":"Home","item":"https:\/\/lamellegno.it\/es\/"},{"@type":"ListItem","position":2,"name":"EMPRESA"}]},{"@type":"WebSite","@id":"https:\/\/lamellegno.it\/#website","url":"https:\/\/lamellegno.it\/","name":"Lamel Legno","description":"","publisher":{"@id":"https:\/\/lamellegno.it\/#organization"},"potentialAction":[{"@type":"SearchAction","target":{"@type":"EntryPoint","urlTemplate":"https:\/\/lamellegno.it\/?s={search_term_string}"},"query-input":{"@type":"PropertyValueSpecification","valueRequired":true,"valueName":"search_term_string"}}],"inLanguage":"es"},{"@type":"Organization","@id":"https:\/\/lamellegno.it\/#organization","name":"Lamel Legno","url":"https:\/\/lamellegno.it\/","logo":{"@type":"ImageObject","inLanguage":"es","@id":"https:\/\/lamellegno.it\/#\/schema\/logo\/image\/","url":"https:\/\/lamellegno.it\/wp-content\/uploads\/2024\/03\/logo.png","contentUrl":"https:\/\/lamellegno.it\/wp-content\/uploads\/2024\/03\/logo.png","width":112,"height":102,"caption":"Lamel Legno"},"image":{"@id":"https:\/\/lamellegno.it\/#\/schema\/logo\/image\/"},"sameAs":["https:\/\/www.linkedin.com\/company\/lamellegno\/"]}]}},"_links":{"self":[{"href":"https:\/\/lamellegno.it\/es\/wp-json\/wp\/v2\/pages\/1826","targetHints":{"allow":["GET"]}}],"collection":[{"href":"https:\/\/lamellegno.it\/es\/wp-json\/wp\/v2\/pages"}],"about":[{"href":"https:\/\/lamellegno.it\/es\/wp-json\/wp\/v2\/types\/page"}],"author":[{"embeddable":true,"href":"https:\/\/lamellegno.it\/es\/wp-json\/wp\/v2\/users\/4"}],"replies":[{"embeddable":true,"href":"https:\/\/lamellegno.it\/es\/wp-json\/wp\/v2\/comments?post=1826"}],"version-history":[{"count":10,"href":"https:\/\/lamellegno.it\/es\/wp-json\/wp\/v2\/pages\/1826\/revisions"}],"predecessor-version":[{"id":2353,"href":"https:\/\/lamellegno.it\/es\/wp-json\/wp\/v2\/pages\/1826\/revisions\/2353"}],"wp:attachment":[{"href":"https:\/\/lamellegno.it\/es\/wp-json\/wp\/v2\/media?parent=1826"}],"curies":[{"name":"wp","href":"https:\/\/api.w.org\/{rel}","templated":true}]}}