{"id":1899,"date":"2024-02-28T11:44:56","date_gmt":"2024-02-28T10:44:56","guid":{"rendered":"https:\/\/lamellegno.it\/?page_id=1899"},"modified":"2026-04-15T10:21:52","modified_gmt":"2026-04-15T08:21:52","slug":"certificaciones","status":"publish","type":"page","link":"https:\/\/lamellegno.it\/es\/certificaciones\/","title":{"rendered":"Certificaciones"},"content":{"rendered":"<div class=\"container-fascia-img-header\" style=\"background-image: url(https:\/\/lamellegno.it\/wp-content\/uploads\/2024\/05\/1certif_header.jpg)\">\n\n    <p id=\"bread-pages\"><span><span><a href=\"https:\/\/lamellegno.it\/es\/\">Home<\/a><\/span><\/span><\/p>\n    <div class=\"inner-fascia-img-header\">\n\n        <h1 class=\"title\">Fiabilidad certificada<\/h1>\n\n            <\/div>\n<\/div>\n\n<div class=\"container-fascia-certificazioni\">\n    <div class=\"inner-fascia-certificazioni\">\n\n        <div class=\"elenco-certificazioni\">\n\n            \n                <div class=\"single-certificazione\">\n\n                    <div class=\"content\">\n                        <div class=\"col-sx\">\n                            <span class=\"title\">FSC\u00ae (Forest Stewardship Council)<\/span>\n                            <div class=\"testo\"><p>La marca FSC\u00ae identifica productos que contienen madera proveniente de bosques gestionados de manera correcta y responsable seg\u00fan estrictos est\u00e1ndares ambientales, sociales y econ\u00f3micos, establecidos y aprobados por el Forest Stewardship Council. Es una organizaci\u00f3n no gubernamental internacional, independiente y sin fines de lucro que incluye grupos ambientalistas y sociales, comunidades ind\u00edgenas, propietarios forestales, industrias que trabajan y comercian madera, cient\u00edficos y t\u00e9cnicos que colaboran para mejorar la gesti\u00f3n de los bosques en todo el mundo.<\/p>\n<div class=\"group\/conversation-turn relative flex w-full min-w-0 flex-col agent-turn\">\n<div class=\"flex-col gap-1 md:gap-3\">\n<div class=\"flex max-w-full flex-col flex-grow\">\n<div class=\"min-h-8 text-message flex w-full flex-col items-end gap-2 whitespace-normal break-words [.text-message+&amp;]:mt-5\" dir=\"auto\" data-message-author-role=\"assistant\" data-message-id=\"b832130b-679d-4ac2-9cf3-95403c0ac644\" data-message-model-slug=\"gpt-4o\">\n<div class=\"flex w-full flex-col gap-1 empty:hidden first:pt-[3px]\">\n<div class=\"markdown prose w-full break-words dark:prose-invert light\">\n<p>FSC\u00ae ha implementado un sistema de certificaci\u00f3n voluntario e independiente que opera a nivel internacional. En su base se encuentran normas para la trazabilidad de los productos. Por trazabilidad se entiende la identificaci\u00f3n de todos los pasos que van desde el bosque de origen hasta el producto final (cadena de custodia, del ingl\u00e9s <em>chain of custody \u2013 COC<\/em>).<\/p>\n<div class=\"flex-shrink-0 flex flex-col relative items-end\">\n<div>\n<div class=\"pt-0\">\n<div class=\"gizmo-bot-avatar flex h-8 w-8 items-center justify-center overflow-hidden rounded-full\">\n<div class=\"relative p-1 rounded-sm flex items-center justify-center bg-token-main-surface-primary text-token-text-primary h-8 w-8\"><\/div>\n<\/div>\n<\/div>\n<\/div>\n<\/div>\n<div class=\"group\/conversation-turn relative flex w-full min-w-0 flex-col agent-turn\">\n<div class=\"flex-col gap-1 md:gap-3\">\n<div class=\"flex max-w-full flex-col flex-grow\">\n<div class=\"min-h-8 text-message flex w-full flex-col items-end gap-2 whitespace-normal break-words [.text-message+&amp;]:mt-5\" dir=\"auto\" data-message-author-role=\"assistant\" data-message-id=\"ace5ef4e-02c3-41c4-9dad-705c4fb34608\" data-message-model-slug=\"gpt-4o\">\n<div class=\"flex w-full flex-col gap-1 empty:hidden first:pt-[3px]\">\n<div class=\"markdown prose w-full break-words dark:prose-invert light\">\n<p>Solo las empresas que posean un certificado v\u00e1lido de COC pueden colocar la marca FSC\u00ae en sus productos. Solicitar, elegir y comprar productos certificados FSC\u00ae significa contribuir de manera directa al crecimiento de un sistema \u00e9tico, responsable y virtuoso, fomentando la certificaci\u00f3n de nuevas \u00e1reas forestales y de nuevas empresas de transformaci\u00f3n de madera.<\/p>\n<div class=\"flex-shrink-0 flex flex-col relative items-end\">\n<div>\n<div class=\"pt-0\">\n<div class=\"gizmo-bot-avatar flex h-8 w-8 items-center justify-center overflow-hidden rounded-full\">\n<div class=\"relative p-1 rounded-sm flex items-center justify-center bg-token-main-surface-primary text-token-text-primary h-8 w-8\"><\/div>\n<\/div>\n<\/div>\n<\/div>\n<\/div>\n<div class=\"group\/conversation-turn relative flex w-full min-w-0 flex-col agent-turn\">\n<div class=\"flex-col gap-1 md:gap-3\">\n<div class=\"flex max-w-full flex-col flex-grow\">\n<div class=\"min-h-8 text-message flex w-full flex-col items-end gap-2 whitespace-normal break-words [.text-message+&amp;]:mt-5\" dir=\"auto\" data-message-author-role=\"assistant\" data-message-id=\"c9360e77-3dff-4fbf-8e72-c5195c6bb659\" data-message-model-slug=\"gpt-4o\">\n<div class=\"flex w-full flex-col gap-1 empty:hidden first:pt-[3px]\">\n<div class=\"markdown prose w-full break-words dark:prose-invert light\">\n<p>Los productos certificados se suministran bajo solicitud.<\/p>\n<\/div>\n<\/div>\n<\/div>\n<\/div>\n<\/div>\n<\/div>\n<\/div>\n<\/div>\n<\/div>\n<\/div>\n<\/div>\n<\/div>\n<p>&nbsp;<\/p>\n<\/div>\n<\/div>\n<\/div>\n<\/div>\n<\/div>\n<\/div>\n<p>&nbsp;<\/p>\n<\/div>\n                        <\/div>\n\n                        <div class=\"img-link\">\n                                                            <img loading=\"lazy\" decoding=\"async\" src=\"https:\/\/lamellegno.it\/wp-content\/uploads\/2024\/04\/fsc-logo.png\" alt=\"\" width=\"400\" height=\"400\">\n                            \n                                                            <a href=\"\/wp-content\/uploads\/2024\/03\/ITCE_000444_CertificateFSC_2023.pdf\" class=\"btn btn-b\">DESCARGAR EL CERTIFICADO<\/a>\n                                                    <\/div>\n                    <\/div>\n                <\/div>\n\n            \n                <div class=\"single-certificazione\">\n\n                    <div class=\"content\">\n                        <div class=\"col-sx\">\n                            <span class=\"title\">ISO 9001<\/span>\n                            <div class=\"testo\"><p>La norma ISO 9001 est\u00e1 dirigida a cualquier tipo de organizaci\u00f3n, p\u00fablica o privada, de cualquier sector y tama\u00f1o. Es el est\u00e1ndar de referencia reconocido internacionalmente para la gesti\u00f3n de la Calidad en cualquier organizaci\u00f3n o empresa que busque responder simult\u00e1neamente a:<\/p>\n<div class=\"group\/conversation-turn relative flex w-full min-w-0 flex-col agent-turn\">\n<div class=\"flex-col gap-1 md:gap-3\">\n<div class=\"flex max-w-full flex-col flex-grow\">\n<div class=\"min-h-8 text-message flex w-full flex-col items-end gap-2 whitespace-normal break-words [.text-message+&amp;]:mt-5\" dir=\"auto\" data-message-author-role=\"assistant\" data-message-id=\"3ea62a2d-a4a9-4fcf-a3b4-efe60033262a\" data-message-model-slug=\"gpt-4o\">\n<div class=\"flex w-full flex-col gap-1 empty:hidden first:pt-[3px]\">\n<div class=\"markdown prose w-full break-words dark:prose-invert light\">\n<p>\u2013 La necesidad de aumentar la eficacia de los procesos internos, reduciendo ineficiencias;<br \/>\n\u2013 La creciente competitividad en los mercados mediante la mejora de la satisfacci\u00f3n y la fidelizaci\u00f3n de los clientes.<\/p>\n<div class=\"flex-shrink-0 flex flex-col relative items-end\">\n<div>\n<div class=\"pt-0\">\n<div class=\"gizmo-bot-avatar flex h-8 w-8 items-center justify-center overflow-hidden rounded-full\">\n<div class=\"relative p-1 rounded-sm flex items-center justify-center bg-token-main-surface-primary text-token-text-primary h-8 w-8\"><\/div>\n<\/div>\n<\/div>\n<\/div>\n<\/div>\n<div class=\"group\/conversation-turn relative flex w-full min-w-0 flex-col agent-turn\">\n<div class=\"flex-col gap-1 md:gap-3\">\n<div class=\"flex max-w-full flex-col flex-grow\">\n<div class=\"min-h-8 text-message flex w-full flex-col items-end gap-2 whitespace-normal break-words [.text-message+&amp;]:mt-5\" dir=\"auto\" data-message-author-role=\"assistant\" data-message-id=\"f18a3539-0c92-4f7f-a5ac-168a93d15bff\" data-message-model-slug=\"gpt-4o\">\n<div class=\"flex w-full flex-col gap-1 empty:hidden first:pt-[3px]\">\n<div class=\"markdown prose w-full break-words dark:prose-invert light\">\n<p>El objetivo principal de la ISO 9001 es la mejora continua del desempe\u00f1o empresarial, permitiendo a la empresa certificada garantizar a sus clientes el mantenimiento y la mejora constante de la calidad de sus bienes y servicios. Desde esta perspectiva, el modelo ISO 9001 representa una herramienta estrat\u00e9gica, ya que est\u00e1 orientado al control de costos, al aumento de la productividad y a la reducci\u00f3n de desperdicios.<\/p>\n<p>Desde un punto de vista sustancial, esto se traduce en la reducci\u00f3n del riesgo de no cumplir con lo prometido a los clientes y en la capacidad de controlar los procesos mediante la medici\u00f3n del desempe\u00f1o y la identificaci\u00f3n de indicadores adecuados.<\/p>\n<p>&nbsp;<\/p>\n<\/div>\n<\/div>\n<\/div>\n<\/div>\n<\/div>\n<\/div>\n<p>&nbsp;<\/p>\n<\/div>\n<\/div>\n<\/div>\n<\/div>\n<\/div>\n<\/div>\n<\/div>\n                        <\/div>\n\n                        <div class=\"img-link\">\n                                                            <img loading=\"lazy\" decoding=\"async\" src=\"https:\/\/lamellegno.it\/wp-content\/uploads\/2024\/03\/sgs.jpg\" alt=\"\" width=\"400\" height=\"400\">\n                            \n                                                            <a href=\"\/wp-content\/uploads\/2026\/04\/SGS_ISO-9001_2015_ITSU_000679_EN.pdf\" class=\"btn btn-b\">DESCARGAR EL CERTIFICADO<\/a>\n                                                    <\/div>\n                    <\/div>\n                <\/div>\n\n            \n                <div class=\"single-certificazione\">\n\n                    <div class=\"content\">\n                        <div class=\"col-sx\">\n                            <span class=\"title\">PEFC (Programme for Endorsement of Forest Certification)<\/span>\n                            <div class=\"testo\"><p>El PEFC, <em>Programme for Endorsement of Forest Certification schemes<\/em> (Programa para el Reconocimiento de Sistemas de Certificaci\u00f3n Forestal), es un organismo independiente para la evaluaci\u00f3n del desempe\u00f1o ambiental y la sostenibilidad de los sistemas de gesti\u00f3n forestal. Es un sistema de certificaci\u00f3n global basado en acuerdos intergubernamentales y procesos reconocidos a nivel internacional. Apoya los m\u00e1s altos est\u00e1ndares de gesti\u00f3n forestal sostenible sin excepciones.<\/p>\n<div class=\"group\/conversation-turn relative flex w-full min-w-0 flex-col agent-turn\">\n<div class=\"flex-col gap-1 md:gap-3\">\n<div class=\"flex max-w-full flex-col flex-grow\">\n<div class=\"min-h-8 text-message flex w-full flex-col items-end gap-2 whitespace-normal break-words [.text-message+&amp;]:mt-5\" dir=\"auto\" data-message-author-role=\"assistant\" data-message-id=\"891e03af-af4c-4466-91ed-5586bb7ebd2a\" data-message-model-slug=\"gpt-4o\">\n<div class=\"flex w-full flex-col gap-1 empty:hidden first:pt-[3px]\">\n<div class=\"markdown prose w-full break-words dark:prose-invert light\">\n<p>Desde 2001, exige el cumplimiento de todas las convenciones fundamentales de la OIT (<em>Organizaci\u00f3n Internacional del Trabajo<\/em>) y respeta las necesidades espec\u00edficas de las propiedades forestales familiares y los peque\u00f1os bosques. Contribuye de manera duradera a la subsistencia y al desarrollo rural, promoviendo el mantenimiento o la mejora de la biodiversidad y los ecosistemas, fomentando el empleo local, protegiendo los derechos y la salud de los trabajadores, respetando las tradiciones y los derechos de los pueblos ind\u00edgenas y cumpliendo con las leyes, evitando, por ejemplo, la tala ilegal, la corrupci\u00f3n y el trabajo infantil o forzado.<\/p>\n<p>Los bosques certificados son controlados regularmente por inspectores independientes.<br \/>\nLos productos certificados se suministran bajo solicitud.<\/p>\n<\/div>\n<\/div>\n<\/div>\n<\/div>\n<\/div>\n<\/div>\n<\/div>\n                        <\/div>\n\n                        <div class=\"img-link\">\n                                                            <img loading=\"lazy\" decoding=\"async\" src=\"https:\/\/lamellegno.it\/wp-content\/uploads\/2024\/03\/pefc.jpg\" alt=\"\" width=\"400\" height=\"400\">\n                            \n                                                            <a href=\"\/wp-content\/uploads\/2024\/03\/ITCE_000445_CertificatePEFC_2023.pdf\" class=\"btn btn-b\">DESCARGAR EL CERTIFICADO<\/a>\n                                                    <\/div>\n                    <\/div>\n                <\/div>\n\n            \n                <div class=\"single-certificazione\">\n\n                    <div class=\"content\">\n                        <div class=\"col-sx\">\n                            <span class=\"title\">Catas Quality Award<\/span>\n                            <div class=\"testo\"><p>Desde 1993, CATAS opera como una tercera parte independiente en el sector de la certificaci\u00f3n de productos, con la marca CATAS QUALITY AWARD (CQA), verificando y certificando la conformidad de un producto con normas y especificaciones t\u00e9cnicas.<\/p>\n<p>La certificaci\u00f3n CQA implica controles peri\u00f3dicos del producto y de los procesos productivos y organizativos de la empresa por parte de CATAS, controles mensuales del producto realizados por la propia empresa y la realizaci\u00f3n peri\u00f3dica de pruebas de laboratorio. Esto proporciona un mayor valor a\u00f1adido a los productos y asegura su conformidad continua con los requisitos definidos por las normas:<br \/>\nNormas Europeas (EN), Internacionales (ISO) y Nacionales (UNI, DIN, BS, NF, ASTM, ANSI, etc.). A estas se suman aquellas realizadas seg\u00fan especificaciones espec\u00edficas solicitadas por el cliente.<\/p>\n<div class=\"group\/conversation-turn relative flex w-full min-w-0 flex-col agent-turn\">\n<div class=\"flex-col gap-1 md:gap-3\">\n<div class=\"flex max-w-full flex-col flex-grow\">\n<div class=\"min-h-8 text-message flex w-full flex-col items-end gap-2 whitespace-normal break-words [.text-message+&amp;]:mt-5\" dir=\"auto\" data-message-author-role=\"assistant\" data-message-id=\"9e06e534-302a-4459-8774-79ffcafd6ef4\" data-message-model-slug=\"gpt-4o\">\n<div class=\"flex w-full flex-col gap-1 empty:hidden first:pt-[3px]\">\n<div class=\"markdown prose w-full break-words dark:prose-invert light\">\n<p>En comparaci\u00f3n con el informe de ensayo, que se refiere \u00fanicamente a la muestra enviada por el cliente a su discreci\u00f3n, el certificado de producto extiende, controla y supervisa el cumplimiento de los requisitos preestablecidos a toda la producci\u00f3n. Esto reduce los riesgos asociados con productos no conformes y, al mismo tiempo, fomenta la mejora de los productos a trav\u00e9s del monitoreo realizado por el organismo que emite la certificaci\u00f3n.<\/p>\n<\/div>\n<\/div>\n<\/div>\n<\/div>\n<\/div>\n<\/div>\n<p>&nbsp;<\/p>\n<p>&nbsp;<\/p>\n<\/div>\n                        <\/div>\n\n                        <div class=\"img-link\">\n                                                            <img loading=\"lazy\" decoding=\"async\" src=\"https:\/\/lamellegno.it\/wp-content\/uploads\/2024\/04\/CQA-certifed-logo.jpg\" alt=\"\" width=\"400\" height=\"400\">\n                            \n                                                            <a href=\"\/wp-content\/uploads\/2026\/04\/ATTCQA_0198E_2600-1.pdf\" class=\"btn btn-b\">DESCARGAR EL CERTIFICADO<\/a>\n                                                    <\/div>\n                    <\/div>\n                <\/div>\n\n            \n        <\/div>\n\n    <\/div>\n<\/div>","protected":false},"excerpt":{"rendered":"","protected":false},"author":4,"featured_media":0,"parent":0,"menu_order":0,"comment_status":"closed","ping_status":"closed","template":"","meta":{"_acf_changed":false,"footnotes":""},"class_list":["post-1899","page","type-page","status-publish","hentry"],"acf":[],"yoast_head":"<!-- This site is optimized with the Yoast SEO plugin v25.7 - https:\/\/yoast.com\/wordpress\/plugins\/seo\/ -->\n<title>Certificaciones | Lamel Legno<\/title>\n<meta name=\"robots\" content=\"index, follow, max-snippet:-1, max-image-preview:large, max-video-preview:-1\" \/>\n<link rel=\"canonical\" href=\"https:\/\/lamellegno.it\/es\/certificaciones\/\" \/>\n<meta property=\"og:locale\" content=\"es_ES\" \/>\n<meta property=\"og:type\" content=\"article\" \/>\n<meta property=\"og:title\" content=\"Certificaciones | Lamel Legno\" \/>\n<meta property=\"og:url\" content=\"https:\/\/lamellegno.it\/es\/certificaciones\/\" \/>\n<meta property=\"og:site_name\" content=\"Lamel Legno\" \/>\n<meta property=\"article:modified_time\" content=\"2026-04-15T08:21:52+00:00\" \/>\n<meta property=\"og:image\" content=\"https:\/\/lamellegno.it\/wp-content\/uploads\/2024\/03\/logo.png\" \/>\n\t<meta property=\"og:image:width\" content=\"112\" \/>\n\t<meta property=\"og:image:height\" content=\"102\" \/>\n\t<meta property=\"og:image:type\" content=\"image\/png\" \/>\n<meta name=\"twitter:card\" content=\"summary_large_image\" \/>\n<script type=\"application\/ld+json\" class=\"yoast-schema-graph\">{\"@context\":\"https:\/\/schema.org\",\"@graph\":[{\"@type\":\"WebPage\",\"@id\":\"https:\/\/lamellegno.it\/es\/certificaciones\/\",\"url\":\"https:\/\/lamellegno.it\/es\/certificaciones\/\",\"name\":\"Certificaciones | Lamel Legno\",\"isPartOf\":{\"@id\":\"https:\/\/lamellegno.it\/#website\"},\"datePublished\":\"2024-02-28T10:44:56+00:00\",\"dateModified\":\"2026-04-15T08:21:52+00:00\",\"breadcrumb\":{\"@id\":\"https:\/\/lamellegno.it\/es\/certificaciones\/#breadcrumb\"},\"inLanguage\":\"es\",\"potentialAction\":[{\"@type\":\"ReadAction\",\"target\":[\"https:\/\/lamellegno.it\/es\/certificaciones\/\"]}]},{\"@type\":\"BreadcrumbList\",\"@id\":\"https:\/\/lamellegno.it\/es\/certificaciones\/#breadcrumb\",\"itemListElement\":[{\"@type\":\"ListItem\",\"position\":1,\"name\":\"Home\",\"item\":\"https:\/\/lamellegno.it\/es\/\"},{\"@type\":\"ListItem\",\"position\":2,\"name\":\"Certificaciones\"}]},{\"@type\":\"WebSite\",\"@id\":\"https:\/\/lamellegno.it\/#website\",\"url\":\"https:\/\/lamellegno.it\/\",\"name\":\"Lamel Legno\",\"description\":\"\",\"publisher\":{\"@id\":\"https:\/\/lamellegno.it\/#organization\"},\"potentialAction\":[{\"@type\":\"SearchAction\",\"target\":{\"@type\":\"EntryPoint\",\"urlTemplate\":\"https:\/\/lamellegno.it\/?s={search_term_string}\"},\"query-input\":{\"@type\":\"PropertyValueSpecification\",\"valueRequired\":true,\"valueName\":\"search_term_string\"}}],\"inLanguage\":\"es\"},{\"@type\":\"Organization\",\"@id\":\"https:\/\/lamellegno.it\/#organization\",\"name\":\"Lamel Legno\",\"url\":\"https:\/\/lamellegno.it\/\",\"logo\":{\"@type\":\"ImageObject\",\"inLanguage\":\"es\",\"@id\":\"https:\/\/lamellegno.it\/#\/schema\/logo\/image\/\",\"url\":\"https:\/\/lamellegno.it\/wp-content\/uploads\/2024\/03\/logo.png\",\"contentUrl\":\"https:\/\/lamellegno.it\/wp-content\/uploads\/2024\/03\/logo.png\",\"width\":112,\"height\":102,\"caption\":\"Lamel Legno\"},\"image\":{\"@id\":\"https:\/\/lamellegno.it\/#\/schema\/logo\/image\/\"},\"sameAs\":[\"https:\/\/www.linkedin.com\/company\/lamellegno\/\"]}]}<\/script>\n<!-- \/ Yoast SEO plugin. -->","yoast_head_json":{"title":"Certificaciones | Lamel Legno","robots":{"index":"index","follow":"follow","max-snippet":"max-snippet:-1","max-image-preview":"max-image-preview:large","max-video-preview":"max-video-preview:-1"},"canonical":"https:\/\/lamellegno.it\/es\/certificaciones\/","og_locale":"es_ES","og_type":"article","og_title":"Certificaciones | Lamel Legno","og_url":"https:\/\/lamellegno.it\/es\/certificaciones\/","og_site_name":"Lamel Legno","article_modified_time":"2026-04-15T08:21:52+00:00","og_image":[{"width":112,"height":102,"url":"https:\/\/lamellegno.it\/wp-content\/uploads\/2024\/03\/logo.png","type":"image\/png"}],"twitter_card":"summary_large_image","schema":{"@context":"https:\/\/schema.org","@graph":[{"@type":"WebPage","@id":"https:\/\/lamellegno.it\/es\/certificaciones\/","url":"https:\/\/lamellegno.it\/es\/certificaciones\/","name":"Certificaciones | Lamel Legno","isPartOf":{"@id":"https:\/\/lamellegno.it\/#website"},"datePublished":"2024-02-28T10:44:56+00:00","dateModified":"2026-04-15T08:21:52+00:00","breadcrumb":{"@id":"https:\/\/lamellegno.it\/es\/certificaciones\/#breadcrumb"},"inLanguage":"es","potentialAction":[{"@type":"ReadAction","target":["https:\/\/lamellegno.it\/es\/certificaciones\/"]}]},{"@type":"BreadcrumbList","@id":"https:\/\/lamellegno.it\/es\/certificaciones\/#breadcrumb","itemListElement":[{"@type":"ListItem","position":1,"name":"Home","item":"https:\/\/lamellegno.it\/es\/"},{"@type":"ListItem","position":2,"name":"Certificaciones"}]},{"@type":"WebSite","@id":"https:\/\/lamellegno.it\/#website","url":"https:\/\/lamellegno.it\/","name":"Lamel Legno","description":"","publisher":{"@id":"https:\/\/lamellegno.it\/#organization"},"potentialAction":[{"@type":"SearchAction","target":{"@type":"EntryPoint","urlTemplate":"https:\/\/lamellegno.it\/?s={search_term_string}"},"query-input":{"@type":"PropertyValueSpecification","valueRequired":true,"valueName":"search_term_string"}}],"inLanguage":"es"},{"@type":"Organization","@id":"https:\/\/lamellegno.it\/#organization","name":"Lamel Legno","url":"https:\/\/lamellegno.it\/","logo":{"@type":"ImageObject","inLanguage":"es","@id":"https:\/\/lamellegno.it\/#\/schema\/logo\/image\/","url":"https:\/\/lamellegno.it\/wp-content\/uploads\/2024\/03\/logo.png","contentUrl":"https:\/\/lamellegno.it\/wp-content\/uploads\/2024\/03\/logo.png","width":112,"height":102,"caption":"Lamel Legno"},"image":{"@id":"https:\/\/lamellegno.it\/#\/schema\/logo\/image\/"},"sameAs":["https:\/\/www.linkedin.com\/company\/lamellegno\/"]}]}},"_links":{"self":[{"href":"https:\/\/lamellegno.it\/es\/wp-json\/wp\/v2\/pages\/1899","targetHints":{"allow":["GET"]}}],"collection":[{"href":"https:\/\/lamellegno.it\/es\/wp-json\/wp\/v2\/pages"}],"about":[{"href":"https:\/\/lamellegno.it\/es\/wp-json\/wp\/v2\/types\/page"}],"author":[{"embeddable":true,"href":"https:\/\/lamellegno.it\/es\/wp-json\/wp\/v2\/users\/4"}],"replies":[{"embeddable":true,"href":"https:\/\/lamellegno.it\/es\/wp-json\/wp\/v2\/comments?post=1899"}],"version-history":[{"count":10,"href":"https:\/\/lamellegno.it\/es\/wp-json\/wp\/v2\/pages\/1899\/revisions"}],"predecessor-version":[{"id":2674,"href":"https:\/\/lamellegno.it\/es\/wp-json\/wp\/v2\/pages\/1899\/revisions\/2674"}],"wp:attachment":[{"href":"https:\/\/lamellegno.it\/es\/wp-json\/wp\/v2\/media?parent=1899"}],"curies":[{"name":"wp","href":"https:\/\/api.w.org\/{rel}","templated":true}]}}