{"id":2043,"date":"2024-02-27T23:07:18","date_gmt":"2024-02-27T22:07:18","guid":{"rendered":"https:\/\/lamellegno.it\/?page_id=2043"},"modified":"2025-02-27T12:02:16","modified_gmt":"2025-02-27T11:02:16","slug":"pagina-de-inicio","status":"publish","type":"page","link":"https:\/\/lamellegno.it\/es\/","title":{"rendered":"P\u00e1gina de inicio"},"content":{"rendered":"<div class=\"container-fascia-img-header\" style=\"background-image: url(https:\/\/lamellegno.it\/wp-content\/uploads\/2024\/05\/1home-header.jpg)\">\n\n    <p id=\"bread-pages\"><span><span><a href=\"https:\/\/lamellegno.it\/es\/\">Home<\/a><\/span><\/span><\/p>\n    <div class=\"inner-fascia-img-header\">\n\n        <h1 class=\"title\"> \u00a1 Somos madera!<\/h1>\n\n                    <a href=\"\/noi-siamo-natura\/\" class=\"btn btn-w\">Descubre<\/a>\n            <\/div>\n<\/div>\n\n\n<div class=\"container-fascia-cta-video bg-verde\">\n    <div class=\"inner-fascia-cta-video\">\n\n        <div class=\"col-sx\">\n            <span class=\"title-small\">sobre nosotros<\/span>\n            <span class=\"title-big\"> Madera laminada desde 1990.<\/span>\n\n            <div class=\"testo\"><div class=\"flex-shrink-0 flex flex-col relative items-end\">\n<div>\n<div class=\"pt-0\">\n<div class=\"gizmo-bot-avatar flex h-8 w-8 items-center justify-center overflow-hidden rounded-full\">\n<div class=\"relative p-1 rounded-sm flex items-center justify-center bg-token-main-surface-primary text-token-text-primary h-8 w-8\"><\/div>\n<\/div>\n<\/div>\n<\/div>\n<\/div>\n<div class=\"group\/conversation-turn relative flex w-full min-w-0 flex-col agent-turn\">\n<div class=\"flex-col gap-1 md:gap-3\">\n<div class=\"flex max-w-full flex-col flex-grow\">\n<div class=\"min-h-8 text-message flex w-full flex-col items-end gap-2 whitespace-normal break-words text-start [.text-message+&amp;]:mt-5\" dir=\"auto\" data-message-author-role=\"assistant\" data-message-id=\"d5ec43d6-2da4-43a3-b2ae-9e7b4ee58117\" data-message-model-slug=\"gpt-4o-mini\">\n<div class=\"flex w-full flex-col gap-1 empty:hidden first:pt-[3px]\">\n<div class=\"markdown prose w-full break-words dark:prose-invert light\">\n<p>Lamel Legno, con una historia arraigada en la tradici\u00f3n y una mirada siempre orientada hacia la innovaci\u00f3n, se posiciona entre las empresas l\u00edderes en el sector de la elaboraci\u00f3n de la madera.<\/p>\n<\/div>\n<\/div>\n<\/div>\n<\/div>\n<\/div>\n<\/div>\n<\/div>\n\n                                                <a href=\"\/azienda\/\" class=\"btn btn-w\" target=\"\">Descubre<\/a>\n                                    <\/div>\n\n                    <div class=\"aspect-ratio\">\n                <iframe src=\"https:\/\/www.youtube.com\/embed\/XDeTTITS2ZY?si=PnJ2AAbCx1OEHQ8M\" frameborder=\"0\" allowfullscreen><\/iframe>\n            <\/div>\n        \n        \n    <\/div>\n<\/div>\n\n\n<div class=\"container-fascia-img-sfondo-box-testo bg-bianco l-boxed\" id=\"\">\n    <div class=\"inner-fascia-img-sfondo-box-testo\">\n\n                <div class=\"contenitore pos-altosx\" style=\"background: url('https:\/\/lamellegno.it\/wp-content\/uploads\/2024\/05\/2home_perfezionecontrollata.jpg')\">\n    \n            <div class=\"box-testo bgbox-marrone\">\n                <span class=\"title-small\">Producci\u00f3n industrial<\/span>\n                <span class=\"title-big\">Perfecci\u00f3n controlada<\/span>\n\n                <div class=\"testo\"><p>Lamel Legno se distingue por su capacidad para producir madera laminada de calidad y ofrecer soluciones personalizadas, debido a una atenci\u00f3n cuidadosa a las necesidades del cliente y de un profundo conocimiento de la materia prima.<\/p>\n<\/div>\n\n                                                            <a href=\"https:\/\/online.publuu.com\/545725\/1229056\" class=\"btn btn-w\" target=\"_blank\">Descubre el cat\u00e1logo<\/a>\n                                                <\/div>\n        <\/div>\n\n    <\/div>\n<\/div>\n\n\n<div class=\"inspiration-gallery-slider\">\n    <div class=\"contenitore\">\n        <div class=\"wrap\">\n            <div class=\"slider \" data-swiper=\"{&quot;wrapperClass&quot;: &quot;slider-wrapper&quot;,&quot;slideClass&quot;: &quot;slide&quot;,&quot;slidesPerView&quot;: &quot;auto&quot;,&quot;loop&quot;: false,&quot;navigation&quot;: {&quot;nextEl&quot;: &quot;.nextslide&quot;, &quot;prevEl&quot;: &quot;.prevslide&quot;}}\">\n\n                <div class=\"slider-wrapper lightgal\">\n                    \n                                                    <div class=\"slide\" data-src=\"https:\/\/lamellegno.it\/wp-content\/uploads\/2024\/05\/3home_slider1.jpg\">\n                                <img decoding=\"async\" src=\"https:\/\/lamellegno.it\/wp-content\/uploads\/2024\/05\/3home_slider1.jpg\" height=\"800\" alt=\"\" \/>\n                            <\/div>\n                        \n                    \n                                                    <div class=\"slide\" data-src=\"https:\/\/lamellegno.it\/wp-content\/uploads\/2024\/05\/4home_slider2.jpg\">\n                                <img decoding=\"async\" src=\"https:\/\/lamellegno.it\/wp-content\/uploads\/2024\/05\/4home_slider2.jpg\" height=\"800\" alt=\"\" \/>\n                            <\/div>\n                        \n                    \n                                                    <div class=\"slide\" data-src=\"https:\/\/lamellegno.it\/wp-content\/uploads\/2024\/05\/5home_slider3.jpg\">\n                                <img decoding=\"async\" src=\"https:\/\/lamellegno.it\/wp-content\/uploads\/2024\/05\/5home_slider3.jpg\" height=\"800\" alt=\"\" \/>\n                            <\/div>\n                        \n                    \n                                                    <div class=\"slide\" data-src=\"https:\/\/lamellegno.it\/wp-content\/uploads\/2024\/05\/6home_slider4.jpg\">\n                                <img decoding=\"async\" src=\"https:\/\/lamellegno.it\/wp-content\/uploads\/2024\/05\/6home_slider4.jpg\" height=\"800\" alt=\"\" \/>\n                            <\/div>\n                        \n                                    <\/div>\n\n                <span class=\"slider-arrow prev prevslide\" tabindex=\"0\" role=\"button\" aria-label=\"Prev slide\"><\/span>\n                <span class=\"slider-arrow next nextslide\" tabindex=\"0\" role=\"button\" aria-label=\"Next slide\"><\/span>\n\n            <\/div>\n        <\/div>\n    <\/div>\n<\/div>\n\n\n<div class=\"container-fascia-img-sfondo-box-testo bg-bianco l-fullw\" id=\"\">\n    <div class=\"inner-fascia-img-sfondo-box-testo\">\n\n                <div class=\"contenitore pos-altosx\" style=\"background: url('https:\/\/lamellegno.it\/wp-content\/uploads\/2024\/05\/7home_dascartoarisorsa-1.jpg')\">\n    \n            <div class=\"box-testo bgbox-trasparente\">\n                <span class=\"title-small\">SOSTENIBILIDAD<\/span>\n                <span class=\"title-big\"> De desecho a recurso: nueva vida a la madera.<\/span>\n\n                <div class=\"testo\"><p>&nbsp;<\/p>\n<div class=\"group\/conversation-turn relative flex w-full min-w-0 flex-col agent-turn\">\n<div class=\"flex-col gap-1 md:gap-3\">\n<div class=\"flex max-w-full flex-col flex-grow\">\n<div class=\"min-h-8 text-message flex w-full flex-col items-end gap-2 whitespace-normal break-words text-start [.text-message+&amp;]:mt-5\" dir=\"auto\" data-message-author-role=\"assistant\" data-message-id=\"85e15dc3-f243-4066-9d4d-1ce937bd745a\" data-message-model-slug=\"gpt-4o-mini\">\n<div class=\"flex w-full flex-col gap-1 empty:hidden first:pt-[3px]\">\n<div class=\"markdown prose w-full break-words dark:prose-invert light\">\n<p>La innovaci\u00f3n, para Lamel Legno, tambi\u00e9n significa responsabilidad. Nos dedicamos en un proceso de sostenibilidad que nos posiciona como protagonistas en la gesti\u00f3n responsable de los recursos forestales, en la reducci\u00f3n del impacto ambiental de nuestra producci\u00f3n y en la adopci\u00f3n de pr\u00e1cticas comerciales \u00e9ticas, especialmente en evitar el desperdicio.<\/p>\n<\/div>\n<\/div>\n<\/div>\n<\/div>\n<\/div>\n<\/div>\n<\/div>\n\n                                                            <a href=\"\/noi-siamo-natura#circolarita\" class=\"btn btn-w\" target=\"\">Descubre<\/a>\n                                                <\/div>\n        <\/div>\n\n    <\/div>\n<\/div>","protected":false},"excerpt":{"rendered":"","protected":false},"author":4,"featured_media":0,"parent":0,"menu_order":0,"comment_status":"closed","ping_status":"closed","template":"","meta":{"_acf_changed":false,"footnotes":""},"class_list":["post-2043","page","type-page","status-publish","hentry"],"acf":[],"yoast_head":"<!-- This site is optimized with the Yoast SEO plugin v25.7 - https:\/\/yoast.com\/wordpress\/plugins\/seo\/ -->\n<title>P\u00e1gina de inicio | Lamel Legno<\/title>\n<meta name=\"robots\" content=\"index, follow, max-snippet:-1, max-image-preview:large, max-video-preview:-1\" \/>\n<link rel=\"canonical\" href=\"https:\/\/lamellegno.it\/es\/\" \/>\n<meta property=\"og:locale\" content=\"es_ES\" \/>\n<meta property=\"og:type\" content=\"article\" \/>\n<meta property=\"og:title\" content=\"P\u00e1gina de inicio | Lamel Legno\" \/>\n<meta property=\"og:url\" content=\"https:\/\/lamellegno.it\/es\/\" \/>\n<meta property=\"og:site_name\" content=\"Lamel Legno\" \/>\n<meta property=\"article:modified_time\" content=\"2025-02-27T11:02:16+00:00\" \/>\n<meta property=\"og:image\" content=\"https:\/\/lamellegno.it\/wp-content\/uploads\/2024\/03\/logo.png\" \/>\n\t<meta property=\"og:image:width\" content=\"112\" \/>\n\t<meta property=\"og:image:height\" content=\"102\" \/>\n\t<meta property=\"og:image:type\" content=\"image\/png\" \/>\n<meta name=\"twitter:card\" content=\"summary_large_image\" \/>\n<script type=\"application\/ld+json\" class=\"yoast-schema-graph\">{\"@context\":\"https:\/\/schema.org\",\"@graph\":[{\"@type\":\"WebPage\",\"@id\":\"https:\/\/lamellegno.it\/es\/\",\"url\":\"https:\/\/lamellegno.it\/es\/\",\"name\":\"P\u00e1gina de inicio | Lamel Legno\",\"isPartOf\":{\"@id\":\"https:\/\/lamellegno.it\/#website\"},\"datePublished\":\"2024-02-27T22:07:18+00:00\",\"dateModified\":\"2025-02-27T11:02:16+00:00\",\"breadcrumb\":{\"@id\":\"https:\/\/lamellegno.it\/es\/#breadcrumb\"},\"inLanguage\":\"es\",\"potentialAction\":[{\"@type\":\"ReadAction\",\"target\":[\"https:\/\/lamellegno.it\/es\/\"]}]},{\"@type\":\"BreadcrumbList\",\"@id\":\"https:\/\/lamellegno.it\/es\/#breadcrumb\",\"itemListElement\":[{\"@type\":\"ListItem\",\"position\":1,\"name\":\"Home\",\"item\":\"https:\/\/lamellegno.it\/es\/\"},{\"@type\":\"ListItem\",\"position\":2,\"name\":\"P\u00e1gina de inicio\"}]},{\"@type\":\"WebSite\",\"@id\":\"https:\/\/lamellegno.it\/#website\",\"url\":\"https:\/\/lamellegno.it\/\",\"name\":\"Lamel Legno\",\"description\":\"\",\"publisher\":{\"@id\":\"https:\/\/lamellegno.it\/#organization\"},\"potentialAction\":[{\"@type\":\"SearchAction\",\"target\":{\"@type\":\"EntryPoint\",\"urlTemplate\":\"https:\/\/lamellegno.it\/?s={search_term_string}\"},\"query-input\":{\"@type\":\"PropertyValueSpecification\",\"valueRequired\":true,\"valueName\":\"search_term_string\"}}],\"inLanguage\":\"es\"},{\"@type\":\"Organization\",\"@id\":\"https:\/\/lamellegno.it\/#organization\",\"name\":\"Lamel Legno\",\"url\":\"https:\/\/lamellegno.it\/\",\"logo\":{\"@type\":\"ImageObject\",\"inLanguage\":\"es\",\"@id\":\"https:\/\/lamellegno.it\/#\/schema\/logo\/image\/\",\"url\":\"https:\/\/lamellegno.it\/wp-content\/uploads\/2024\/03\/logo.png\",\"contentUrl\":\"https:\/\/lamellegno.it\/wp-content\/uploads\/2024\/03\/logo.png\",\"width\":112,\"height\":102,\"caption\":\"Lamel Legno\"},\"image\":{\"@id\":\"https:\/\/lamellegno.it\/#\/schema\/logo\/image\/\"},\"sameAs\":[\"https:\/\/www.linkedin.com\/company\/lamellegno\/\"]}]}<\/script>\n<!-- \/ Yoast SEO plugin. -->","yoast_head_json":{"title":"P\u00e1gina de inicio | Lamel Legno","robots":{"index":"index","follow":"follow","max-snippet":"max-snippet:-1","max-image-preview":"max-image-preview:large","max-video-preview":"max-video-preview:-1"},"canonical":"https:\/\/lamellegno.it\/es\/","og_locale":"es_ES","og_type":"article","og_title":"P\u00e1gina de inicio | Lamel Legno","og_url":"https:\/\/lamellegno.it\/es\/","og_site_name":"Lamel Legno","article_modified_time":"2025-02-27T11:02:16+00:00","og_image":[{"width":112,"height":102,"url":"https:\/\/lamellegno.it\/wp-content\/uploads\/2024\/03\/logo.png","type":"image\/png"}],"twitter_card":"summary_large_image","schema":{"@context":"https:\/\/schema.org","@graph":[{"@type":"WebPage","@id":"https:\/\/lamellegno.it\/es\/","url":"https:\/\/lamellegno.it\/es\/","name":"P\u00e1gina de inicio | Lamel Legno","isPartOf":{"@id":"https:\/\/lamellegno.it\/#website"},"datePublished":"2024-02-27T22:07:18+00:00","dateModified":"2025-02-27T11:02:16+00:00","breadcrumb":{"@id":"https:\/\/lamellegno.it\/es\/#breadcrumb"},"inLanguage":"es","potentialAction":[{"@type":"ReadAction","target":["https:\/\/lamellegno.it\/es\/"]}]},{"@type":"BreadcrumbList","@id":"https:\/\/lamellegno.it\/es\/#breadcrumb","itemListElement":[{"@type":"ListItem","position":1,"name":"Home","item":"https:\/\/lamellegno.it\/es\/"},{"@type":"ListItem","position":2,"name":"P\u00e1gina de inicio"}]},{"@type":"WebSite","@id":"https:\/\/lamellegno.it\/#website","url":"https:\/\/lamellegno.it\/","name":"Lamel Legno","description":"","publisher":{"@id":"https:\/\/lamellegno.it\/#organization"},"potentialAction":[{"@type":"SearchAction","target":{"@type":"EntryPoint","urlTemplate":"https:\/\/lamellegno.it\/?s={search_term_string}"},"query-input":{"@type":"PropertyValueSpecification","valueRequired":true,"valueName":"search_term_string"}}],"inLanguage":"es"},{"@type":"Organization","@id":"https:\/\/lamellegno.it\/#organization","name":"Lamel Legno","url":"https:\/\/lamellegno.it\/","logo":{"@type":"ImageObject","inLanguage":"es","@id":"https:\/\/lamellegno.it\/#\/schema\/logo\/image\/","url":"https:\/\/lamellegno.it\/wp-content\/uploads\/2024\/03\/logo.png","contentUrl":"https:\/\/lamellegno.it\/wp-content\/uploads\/2024\/03\/logo.png","width":112,"height":102,"caption":"Lamel Legno"},"image":{"@id":"https:\/\/lamellegno.it\/#\/schema\/logo\/image\/"},"sameAs":["https:\/\/www.linkedin.com\/company\/lamellegno\/"]}]}},"_links":{"self":[{"href":"https:\/\/lamellegno.it\/es\/wp-json\/wp\/v2\/pages\/2043","targetHints":{"allow":["GET"]}}],"collection":[{"href":"https:\/\/lamellegno.it\/es\/wp-json\/wp\/v2\/pages"}],"about":[{"href":"https:\/\/lamellegno.it\/es\/wp-json\/wp\/v2\/types\/page"}],"author":[{"embeddable":true,"href":"https:\/\/lamellegno.it\/es\/wp-json\/wp\/v2\/users\/4"}],"replies":[{"embeddable":true,"href":"https:\/\/lamellegno.it\/es\/wp-json\/wp\/v2\/comments?post=2043"}],"version-history":[{"count":4,"href":"https:\/\/lamellegno.it\/es\/wp-json\/wp\/v2\/pages\/2043\/revisions"}],"predecessor-version":[{"id":2504,"href":"https:\/\/lamellegno.it\/es\/wp-json\/wp\/v2\/pages\/2043\/revisions\/2504"}],"wp:attachment":[{"href":"https:\/\/lamellegno.it\/es\/wp-json\/wp\/v2\/media?parent=2043"}],"curies":[{"name":"wp","href":"https:\/\/api.w.org\/{rel}","templated":true}]}}