{"id":2065,"date":"2024-02-28T15:57:22","date_gmt":"2024-02-28T14:57:22","guid":{"rendered":"https:\/\/lamellegno.it\/?page_id=2065"},"modified":"2025-02-24T16:44:41","modified_gmt":"2025-02-24T15:44:41","slug":"somos-naturaleza","status":"publish","type":"page","link":"https:\/\/lamellegno.it\/es\/somos-naturaleza\/","title":{"rendered":"Somos Naturaleza"},"content":{"rendered":"<div class=\"container-fascia-img-header\" style=\"background-image: url(https:\/\/lamellegno.it\/wp-content\/uploads\/2024\/05\/1sost_header.jpg)\">\n\n    <p id=\"bread-pages\"><span><span><a href=\"https:\/\/lamellegno.it\/es\/\">Home<\/a><\/span><\/span><\/p>\n    <div class=\"inner-fascia-img-header\">\n\n        <h1 class=\"title\"> \u00a1 SOMOS NATURALEZA!<\/h1>\n\n            <\/div>\n<\/div>\n\n\n<div class=\"container-fascia-cta-video bg-bianco\">\n    <div class=\"inner-fascia-cta-video\">\n\n        <div class=\"col-sx\">\n            <span class=\"title-small\">Proyecto Carbon Neutral<\/span>\n            <span class=\"title-big\">Plantamos \u00e1rboles en Tanzania.<\/span>\n\n            <div class=\"testo\"><p>&nbsp;<\/p>\n<p>Lamel Legno tiene grandes aspiraciones sobre todo hacia los Objetivos de Desarrollo Sostenible 2030. Hemos iniciado un camino hacia la sostenibilidad ambiental, que aporta valor al planeta y a las personas, y hemos adoptado iniciativas globales que reflejan nuestra entrega a la preservaci\u00f3n del medio ambiente. Un ejemplo concreto de nuestro trabajo es el proyecto de reforestaci\u00f3n en Tanzania, donde estamos activamente implicado en la plantaci\u00f3n de 300 \u00e1rboles. Esta iniciativa no solo contribuye a compensar las emisiones de CO2, sino que apoya la independencia econ\u00f3mica porque se centra\u00a0 en la participaci\u00f3n directa de las comunidades de mujeres Maasai.<\/p>\n<\/div>\n\n                                                <a href=\"https:\/\/app.zeroco2.eco\/it\/partner\/ee8d6184-de82-4212-8d85-c94c50158944?tab=forest\" class=\"btn btn-b\" target=\"_blank\">Ir al proyecto<\/a>\n                                    <\/div>\n\n        \n                                    <img loading=\"lazy\" decoding=\"async\" src=\"https:\/\/lamellegno.it\/wp-content\/uploads\/2024\/05\/2sost_piantiamoalberi.jpg\" alt=\"\" width=\"400\" height=\"400\">\n                    \n    <\/div>\n<\/div>\n\n\n<div class=\"container-fascia-img-sfondo-box-testo bg-verde l-boxed\" id=\"circolarita\">\n    <div class=\"inner-fascia-img-sfondo-box-testo\">\n\n                <div class=\"contenitore pos-altosx\" style=\"background: url('https:\/\/lamellegno.it\/wp-content\/uploads\/2024\/05\/3sost_ogniscarto.jpg')\">\n    \n            <div class=\"box-testo bgbox-trasparente\">\n                <span class=\"title-small\">CIRCULARIDAD<\/span>\n                <span class=\"title-big\">Cada residuo de madera cuenta<\/span>\n\n                <div class=\"testo\"><p data-start=\"0\" data-end=\"360\">En Lamel Legno, estamos convencidos de que cada residuo de madera cuenta, reconociendo el valor intr\u00ednseco de este recurso natural y su potencial para una segunda vida. Este enfoque subraya nuestro compromiso con pr\u00e1cticas sostenibles y responsables, donde cada fragmento de material no se considera un desecho, sino una oportunidad para innovar y crear.<\/p>\n<p data-start=\"362\" data-end=\"683\" data-is-last-node=\"\" data-is-only-node=\"\">Los residuos del proceso de fabricaci\u00f3n se utilizan en parte para alimentar la caldera y en parte para la producci\u00f3n de pellets ecol\u00f3gicos. Esto no solo minimiza el impacto ambiental de nuestras operaciones, sino que tambi\u00e9n contribuye a promover una econom\u00eda circular dentro del sector de la transformaci\u00f3n de la madera.<\/p>\n<\/div>\n\n                            <\/div>\n        <\/div>\n\n    <\/div>\n<\/div>\n\n\n<div class=\"container-fascia-img-testi bg-verde\">\n    <div class=\"inner-fascia-img-testi pos-sx\">\n\n                    <img loading=\"lazy\" decoding=\"async\" src=\"https:\/\/lamellegno.it\/wp-content\/uploads\/2024\/05\/4sost_unvaloreassoluto.jpg\" alt=\"\" width=\"400\" height=\"400\">\n        \n        <div class=\"col-dx\">\n            <span class=\"title-small\">Futuro del planeta<\/span>\n            <span class=\"title-big\">UN VALOR ABSOLUTO<\/span>\n\n            <div class=\"testo\"><p>&nbsp;<\/p>\n<div class=\"flex max-w-full flex-col flex-grow\">\n<div class=\"min-h-8 text-message flex w-full flex-col items-end gap-2 whitespace-normal break-words text-start [.text-message+&amp;]:mt-5\" dir=\"auto\" data-message-author-role=\"assistant\" data-message-id=\"2f32a9bf-3ee2-485e-bbad-6e24ca95f229\" data-message-model-slug=\"gpt-4o\">\n<div class=\"flex w-full flex-col gap-1 empty:hidden first:pt-[3px]\">\n<div class=\"markdown prose w-full break-words dark:prose-invert light\">\n<p data-start=\"0\" data-end=\"419\" data-is-last-node=\"\" data-is-only-node=\"\">Reconocemos que el futuro de nuestro planeta y de las generaciones futuras depende de las decisiones que tomamos cada d\u00eda. Por este motivo, adoptamos un enfoque hol\u00edstico de la sostenibilidad, considerando todo el ciclo de vida de nuestros productos, desde la selecci\u00f3n de materias primas hasta la producci\u00f3n, donde la eficiencia energ\u00e9tica, el uso de energ\u00edas renovables y la reducci\u00f3n de residuos son prioridades.<\/p>\n<\/div>\n<\/div>\n<\/div>\n<\/div>\n<\/div>\n\n            \n        <\/div>\n\n    <\/div>\n<\/div>\n\n\n<div class=\"container-fascia-img-sfondo-box-testo bg-verde l-fullw\" id=\"\">\n    <div class=\"inner-fascia-img-sfondo-box-testo\">\n\n                <div class=\"contenitore pos-centro\" style=\"background: url('https:\/\/lamellegno.it\/wp-content\/uploads\/2024\/05\/5sost_naturaetecnologia.jpg')\">\n    \n            <div class=\"box-testo bgbox-bianco\">\n                <span class=\"title-small\">Eficiencia energ\u00e9tica<\/span>\n                <span class=\"title-big\">Naturaleza y tecnolog\u00eda<\/span>\n\n                <div class=\"testo\"><p>El respeto por el medioambiente ha sido durante a\u00f1os un elemento b\u00e1sico de la actividad de Lamel Legno, un verdadero compromiso de responsabilidad empresarial que permite a la empresa operar con orgullo bajo una perspectiva de sostenibilidad y preservaci\u00f3n del territorio.<\/p>\n<p data-start=\"0\" data-end=\"93\">Se presta especial atenci\u00f3n a la reducci\u00f3n de las emisiones energ\u00e9ticas en la atm\u00f3sfera:<\/p>\n<ul data-start=\"95\" data-end=\"499\" data-is-last-node=\"\" data-is-only-node=\"\">\n<li data-start=\"95\" data-end=\"275\">Se ha instalado una planta fotovoltaica que produce m\u00e1s de 1 mill\u00f3n de kWh al a\u00f1o, lo que permite reducir las emisiones en aproximadamente 700 toneladas anuales de CO\u2082.<\/li>\n<li data-start=\"276\" data-end=\"499\" data-is-last-node=\"\">Se utilizan biomasas provenientes de residuos de producci\u00f3n, generando m\u00e1s de 2.000 millones de Kcal, que se reutilizan en el ciclo productivo de la empresa, logrando un ahorro de m\u00e1s de 250.000 m\u00b3 de gas natural.<\/li>\n<\/ul>\n<\/div>\n\n                            <\/div>\n        <\/div>\n\n    <\/div>\n<\/div>\n\n\n<div class=\"container-fascia-img-testi bg-verde\">\n    <div class=\"inner-fascia-img-testi pos-dx\">\n\n                    <img loading=\"lazy\" decoding=\"async\" src=\"https:\/\/lamellegno.it\/wp-content\/uploads\/2024\/05\/6sost_sostenibiliancheincomunicazione.jpg\" alt=\"\" width=\"400\" height=\"400\">\n        \n        <div class=\"col-dx\">\n            <span class=\"title-small\">PROYECTO <u><a href=\"http:\/\/dialquadrato.com\/\" target=\"blank\">GREENIUMNESS\u00ae<\/a><\/u><\/span>\n            <span class=\"title-big\">Sostenibles tambi\u00e9n en la comunicaci\u00f3n<\/span>\n\n            <div class=\"testo\"><p data-start=\"0\" data-end=\"392\">El proyecto \u201cGreeniumness\u00ae\u201d se basa en un concepto revolucionario: medir las emisiones de CO\u2082 (fig. 2) generadas por cada interacci\u00f3n en plataformas digitales y transformar estas emisiones en \u00abemisiones evitadas\u00bb, transfiriendo el dominio a un hosting alimentado por energ\u00edas renovables (fig. 1) y desarrollando una nueva plataforma digital con una huella ecol\u00f3gica negativa (fig. 3-4).<\/p>\n<p data-start=\"394\" data-end=\"777\">Este enfoque, que hemos adoptado completamente en Lamel Legno, desaf\u00eda las convenciones tradicionales de la comunicaci\u00f3n, transformando cada clic, \u00abme gusta\u00bb o compartici\u00f3n (fig. 5) en una acci\u00f3n potencialmente positiva para el medioambiente. Este sitio es sostenible e inclusivo, ya que permite que las minor\u00edas afectadas por discapacidades puedan acceder a la revoluci\u00f3n digital.<\/p>\n<p data-start=\"779\" data-end=\"1129\" data-is-last-node=\"\" data-is-only-node=\"\">Lamel Legno tambi\u00e9n se compromete a llevar a cabo acciones concretas para restaurar el equilibrio ecol\u00f3gico. Una de las formas de compensaci\u00f3n es la reforestaci\u00f3n (fig. 6), que no solo absorbe CO\u2082 de la atm\u00f3sfera, sino que tambi\u00e9n restaura y protege los ecosistemas naturales, contribuyendo as\u00ed a la biodiversidad y al bienestar del planeta (fig. 7).<\/p>\n<\/div>\n\n            \n        <\/div>\n\n    <\/div>\n<\/div>\n\n\n<div class=\"container-fascia-img-testi bg-bianco\">\n    <div class=\"inner-fascia-img-testi pos-sx\">\n\n                    <img loading=\"lazy\" decoding=\"async\" src=\"https:\/\/lamellegno.it\/wp-content\/uploads\/2024\/05\/7sost_untraguardopossibile.jpg\" alt=\"\" width=\"400\" height=\"400\">\n        \n        <div class=\"col-dx\">\n            <span class=\"title-small\">Agenda 2030<\/span>\n            <span class=\"title-big\">Una meta posible<\/span>\n\n            <div class=\"testo\"><p>Estamos orgullosos de comunicar nuestro compromiso concreto hacia un futuro m\u00e1s sostenible, aline\u00e1ndonos perfectamente con 8 de los objetivos de la Agenda 2030. A trav\u00e9s de innovaciones pioneras y pr\u00e1cticas responsables, hemos alcanzado logros significativos y transformado la industria de la madera. Desde la reducci\u00f3n de la huella de carbono hasta la gesti\u00f3n sostenible de los bosques, pasando por la digitalizaci\u00f3n verde y la inclusividad, cada aspecto de nuestra actividad ha sido repensado para garantizar un impacto ambiental m\u00ednimo. Luchar contra el cambio clim\u00e1tico no es solo un objetivo, sino una realidad en construcci\u00f3n. Juntos, podemos marcar la diferencia.<\/p>\n<\/div>\n\n                            <a href=\"https:\/\/publuu.com\/flip-book\/545725\/1448361\" class=\"btn btn-b\" target=\"_blank\">Descubre el manifiesto de sostenibilidad<\/a>\n            \n        <\/div>\n\n    <\/div>\n<\/div>","protected":false},"excerpt":{"rendered":"","protected":false},"author":4,"featured_media":0,"parent":0,"menu_order":0,"comment_status":"closed","ping_status":"closed","template":"","meta":{"_acf_changed":false,"footnotes":""},"class_list":["post-2065","page","type-page","status-publish","hentry"],"acf":[],"yoast_head":"<!-- This site is optimized with the Yoast SEO plugin v25.7 - https:\/\/yoast.com\/wordpress\/plugins\/seo\/ -->\n<title>Somos Naturaleza | Lamel Legno<\/title>\n<meta name=\"robots\" content=\"index, follow, max-snippet:-1, max-image-preview:large, max-video-preview:-1\" \/>\n<link rel=\"canonical\" href=\"https:\/\/lamellegno.it\/es\/somos-naturaleza\/\" \/>\n<meta property=\"og:locale\" content=\"es_ES\" \/>\n<meta property=\"og:type\" content=\"article\" \/>\n<meta property=\"og:title\" content=\"Somos Naturaleza | Lamel Legno\" \/>\n<meta property=\"og:url\" content=\"https:\/\/lamellegno.it\/es\/somos-naturaleza\/\" \/>\n<meta property=\"og:site_name\" content=\"Lamel Legno\" \/>\n<meta property=\"article:modified_time\" content=\"2025-02-24T15:44:41+00:00\" \/>\n<meta property=\"og:image\" content=\"https:\/\/lamellegno.it\/wp-content\/uploads\/2024\/03\/logo.png\" \/>\n\t<meta property=\"og:image:width\" content=\"112\" \/>\n\t<meta property=\"og:image:height\" content=\"102\" \/>\n\t<meta property=\"og:image:type\" content=\"image\/png\" \/>\n<meta name=\"twitter:card\" content=\"summary_large_image\" \/>\n<script type=\"application\/ld+json\" class=\"yoast-schema-graph\">{\"@context\":\"https:\/\/schema.org\",\"@graph\":[{\"@type\":\"WebPage\",\"@id\":\"https:\/\/lamellegno.it\/es\/somos-naturaleza\/\",\"url\":\"https:\/\/lamellegno.it\/es\/somos-naturaleza\/\",\"name\":\"Somos Naturaleza | Lamel Legno\",\"isPartOf\":{\"@id\":\"https:\/\/lamellegno.it\/#website\"},\"datePublished\":\"2024-02-28T14:57:22+00:00\",\"dateModified\":\"2025-02-24T15:44:41+00:00\",\"breadcrumb\":{\"@id\":\"https:\/\/lamellegno.it\/es\/somos-naturaleza\/#breadcrumb\"},\"inLanguage\":\"es\",\"potentialAction\":[{\"@type\":\"ReadAction\",\"target\":[\"https:\/\/lamellegno.it\/es\/somos-naturaleza\/\"]}]},{\"@type\":\"BreadcrumbList\",\"@id\":\"https:\/\/lamellegno.it\/es\/somos-naturaleza\/#breadcrumb\",\"itemListElement\":[{\"@type\":\"ListItem\",\"position\":1,\"name\":\"Home\",\"item\":\"https:\/\/lamellegno.it\/es\/\"},{\"@type\":\"ListItem\",\"position\":2,\"name\":\"Somos Naturaleza\"}]},{\"@type\":\"WebSite\",\"@id\":\"https:\/\/lamellegno.it\/#website\",\"url\":\"https:\/\/lamellegno.it\/\",\"name\":\"Lamel Legno\",\"description\":\"\",\"publisher\":{\"@id\":\"https:\/\/lamellegno.it\/#organization\"},\"potentialAction\":[{\"@type\":\"SearchAction\",\"target\":{\"@type\":\"EntryPoint\",\"urlTemplate\":\"https:\/\/lamellegno.it\/?s={search_term_string}\"},\"query-input\":{\"@type\":\"PropertyValueSpecification\",\"valueRequired\":true,\"valueName\":\"search_term_string\"}}],\"inLanguage\":\"es\"},{\"@type\":\"Organization\",\"@id\":\"https:\/\/lamellegno.it\/#organization\",\"name\":\"Lamel Legno\",\"url\":\"https:\/\/lamellegno.it\/\",\"logo\":{\"@type\":\"ImageObject\",\"inLanguage\":\"es\",\"@id\":\"https:\/\/lamellegno.it\/#\/schema\/logo\/image\/\",\"url\":\"https:\/\/lamellegno.it\/wp-content\/uploads\/2024\/03\/logo.png\",\"contentUrl\":\"https:\/\/lamellegno.it\/wp-content\/uploads\/2024\/03\/logo.png\",\"width\":112,\"height\":102,\"caption\":\"Lamel Legno\"},\"image\":{\"@id\":\"https:\/\/lamellegno.it\/#\/schema\/logo\/image\/\"},\"sameAs\":[\"https:\/\/www.linkedin.com\/company\/lamellegno\/\"]}]}<\/script>\n<!-- \/ Yoast SEO plugin. -->","yoast_head_json":{"title":"Somos Naturaleza | Lamel Legno","robots":{"index":"index","follow":"follow","max-snippet":"max-snippet:-1","max-image-preview":"max-image-preview:large","max-video-preview":"max-video-preview:-1"},"canonical":"https:\/\/lamellegno.it\/es\/somos-naturaleza\/","og_locale":"es_ES","og_type":"article","og_title":"Somos Naturaleza | Lamel Legno","og_url":"https:\/\/lamellegno.it\/es\/somos-naturaleza\/","og_site_name":"Lamel Legno","article_modified_time":"2025-02-24T15:44:41+00:00","og_image":[{"width":112,"height":102,"url":"https:\/\/lamellegno.it\/wp-content\/uploads\/2024\/03\/logo.png","type":"image\/png"}],"twitter_card":"summary_large_image","schema":{"@context":"https:\/\/schema.org","@graph":[{"@type":"WebPage","@id":"https:\/\/lamellegno.it\/es\/somos-naturaleza\/","url":"https:\/\/lamellegno.it\/es\/somos-naturaleza\/","name":"Somos Naturaleza | Lamel Legno","isPartOf":{"@id":"https:\/\/lamellegno.it\/#website"},"datePublished":"2024-02-28T14:57:22+00:00","dateModified":"2025-02-24T15:44:41+00:00","breadcrumb":{"@id":"https:\/\/lamellegno.it\/es\/somos-naturaleza\/#breadcrumb"},"inLanguage":"es","potentialAction":[{"@type":"ReadAction","target":["https:\/\/lamellegno.it\/es\/somos-naturaleza\/"]}]},{"@type":"BreadcrumbList","@id":"https:\/\/lamellegno.it\/es\/somos-naturaleza\/#breadcrumb","itemListElement":[{"@type":"ListItem","position":1,"name":"Home","item":"https:\/\/lamellegno.it\/es\/"},{"@type":"ListItem","position":2,"name":"Somos Naturaleza"}]},{"@type":"WebSite","@id":"https:\/\/lamellegno.it\/#website","url":"https:\/\/lamellegno.it\/","name":"Lamel Legno","description":"","publisher":{"@id":"https:\/\/lamellegno.it\/#organization"},"potentialAction":[{"@type":"SearchAction","target":{"@type":"EntryPoint","urlTemplate":"https:\/\/lamellegno.it\/?s={search_term_string}"},"query-input":{"@type":"PropertyValueSpecification","valueRequired":true,"valueName":"search_term_string"}}],"inLanguage":"es"},{"@type":"Organization","@id":"https:\/\/lamellegno.it\/#organization","name":"Lamel Legno","url":"https:\/\/lamellegno.it\/","logo":{"@type":"ImageObject","inLanguage":"es","@id":"https:\/\/lamellegno.it\/#\/schema\/logo\/image\/","url":"https:\/\/lamellegno.it\/wp-content\/uploads\/2024\/03\/logo.png","contentUrl":"https:\/\/lamellegno.it\/wp-content\/uploads\/2024\/03\/logo.png","width":112,"height":102,"caption":"Lamel Legno"},"image":{"@id":"https:\/\/lamellegno.it\/#\/schema\/logo\/image\/"},"sameAs":["https:\/\/www.linkedin.com\/company\/lamellegno\/"]}]}},"_links":{"self":[{"href":"https:\/\/lamellegno.it\/es\/wp-json\/wp\/v2\/pages\/2065","targetHints":{"allow":["GET"]}}],"collection":[{"href":"https:\/\/lamellegno.it\/es\/wp-json\/wp\/v2\/pages"}],"about":[{"href":"https:\/\/lamellegno.it\/es\/wp-json\/wp\/v2\/types\/page"}],"author":[{"embeddable":true,"href":"https:\/\/lamellegno.it\/es\/wp-json\/wp\/v2\/users\/4"}],"replies":[{"embeddable":true,"href":"https:\/\/lamellegno.it\/es\/wp-json\/wp\/v2\/comments?post=2065"}],"version-history":[{"count":9,"href":"https:\/\/lamellegno.it\/es\/wp-json\/wp\/v2\/pages\/2065\/revisions"}],"predecessor-version":[{"id":2469,"href":"https:\/\/lamellegno.it\/es\/wp-json\/wp\/v2\/pages\/2065\/revisions\/2469"}],"wp:attachment":[{"href":"https:\/\/lamellegno.it\/es\/wp-json\/wp\/v2\/media?parent=2065"}],"curies":[{"name":"wp","href":"https:\/\/api.w.org\/{rel}","templated":true}]}}