{"id":776,"date":"2024-02-27T23:07:18","date_gmt":"2024-02-27T22:07:18","guid":{"rendered":"https:\/\/lamellegno.it\/home-page\/"},"modified":"2024-06-13T11:24:45","modified_gmt":"2024-06-13T09:24:45","slug":"home-page","status":"publish","type":"page","link":"https:\/\/lamellegno.it\/fr\/","title":{"rendered":"Home page"},"content":{"rendered":"<div class=\"container-fascia-img-header\" style=\"background-image: url(https:\/\/lamellegno.it\/wp-content\/uploads\/2024\/05\/1home-header.jpg)\">\n\n    <p id=\"bread-pages\"><span><span><a href=\"https:\/\/lamellegno.it\/fr\/\">Home<\/a><\/span><\/span><\/p>\n    <div class=\"inner-fascia-img-header\">\n\n        <h1 class=\"title\">NOUS SOMMES LE BOIS<\/h1>\n\n                    <a href=\"\/fr\/nous-sommes-la-nature\/\" class=\"btn btn-w\">D\u00c9COUVRIR<\/a>\n            <\/div>\n<\/div>\n\n\n<div class=\"container-fascia-cta-video bg-verde\">\n    <div class=\"inner-fascia-cta-video\">\n\n        <div class=\"col-sx\">\n            <span class=\"title-small\">\u00c0 PROPOS DE NOUS<\/span>\n            <span class=\"title-big\">LAMELL\u00c9 COLL\u00c9 DEPUIS 1990<\/span>\n\n            <div class=\"testo\"><p>Lamel Legno, avec une histoire ancr\u00e9e dans la tradition et un regard vers l&rsquo;innovation, se positionne parmi les entreprises leaders du secteur du travail du bois.<\/p>\n<\/div>\n\n                                                <a href=\"\/fr\/entreprise\/\" class=\"btn btn-w\" target=\"\">D\u00c9COUVRIR<\/a>\n                                    <\/div>\n\n                    <div class=\"aspect-ratio\">\n                <iframe src=\"https:\/\/www.youtube.com\/embed\/XDeTTITS2ZY?si=PnJ2AAbCx1OEHQ8M\" frameborder=\"0\" allowfullscreen><\/iframe>\n            <\/div>\n        \n        \n    <\/div>\n<\/div>\n\n\n<div class=\"container-fascia-img-sfondo-box-testo bg-bianco l-boxed\" id=\"\">\n    <div class=\"inner-fascia-img-sfondo-box-testo\">\n\n                <div class=\"contenitore pos-altosx\" style=\"background: url('https:\/\/lamellegno.it\/wp-content\/uploads\/2024\/05\/2home_perfezionecontrollata.jpg')\">\n    \n            <div class=\"box-testo bgbox-marrone\">\n                <span class=\"title-small\">PRODUCTION INDUSTRIELLE<\/span>\n                <span class=\"title-big\">LA PERFECTION CONTROLEE<\/span>\n\n                <div class=\"testo\"><p>Lamel Legno se distingue par sa capacit\u00e9 \u00e0 produire du bois lamin\u00e9 de haute qualit\u00e9 et \u00e0 offrir des solutions personnalis\u00e9es, fruit de l&rsquo;attention port\u00e9e aux besoins des clients et d&rsquo;une connaissance approfondie de la mati\u00e8re premi\u00e8re.<\/p>\n<\/div>\n\n                                                            <a href=\"https:\/\/online.publuu.com\/545725\/1229060\" class=\"btn btn-w\" target=\"_blank\">VOIR CATALOGUE<\/a>\n                                                <\/div>\n        <\/div>\n\n    <\/div>\n<\/div>\n\n\n<div class=\"inspiration-gallery-slider\">\n    <div class=\"contenitore\">\n        <div class=\"wrap\">\n            <div class=\"slider \" data-swiper=\"{&quot;wrapperClass&quot;: &quot;slider-wrapper&quot;,&quot;slideClass&quot;: &quot;slide&quot;,&quot;slidesPerView&quot;: &quot;auto&quot;,&quot;loop&quot;: false,&quot;navigation&quot;: {&quot;nextEl&quot;: &quot;.nextslide&quot;, &quot;prevEl&quot;: &quot;.prevslide&quot;}}\">\n\n                <div class=\"slider-wrapper lightgal\">\n                    \n                                                    <div class=\"slide\" data-src=\"https:\/\/lamellegno.it\/wp-content\/uploads\/2024\/05\/3home_slider1.jpg\">\n                                <img decoding=\"async\" src=\"https:\/\/lamellegno.it\/wp-content\/uploads\/2024\/05\/3home_slider1.jpg\" height=\"800\" alt=\"\" \/>\n                            <\/div>\n                        \n                    \n                                                    <div class=\"slide\" data-src=\"https:\/\/lamellegno.it\/wp-content\/uploads\/2024\/05\/4home_slider2.jpg\">\n                                <img decoding=\"async\" src=\"https:\/\/lamellegno.it\/wp-content\/uploads\/2024\/05\/4home_slider2.jpg\" height=\"800\" alt=\"\" \/>\n                            <\/div>\n                        \n                    \n                                                    <div class=\"slide\" data-src=\"https:\/\/lamellegno.it\/wp-content\/uploads\/2024\/05\/5home_slider3.jpg\">\n                                <img decoding=\"async\" src=\"https:\/\/lamellegno.it\/wp-content\/uploads\/2024\/05\/5home_slider3.jpg\" height=\"800\" alt=\"\" \/>\n                            <\/div>\n                        \n                    \n                                                    <div class=\"slide\" data-src=\"https:\/\/lamellegno.it\/wp-content\/uploads\/2024\/05\/6home_slider4.jpg\">\n                                <img decoding=\"async\" src=\"https:\/\/lamellegno.it\/wp-content\/uploads\/2024\/05\/6home_slider4.jpg\" height=\"800\" alt=\"\" \/>\n                            <\/div>\n                        \n                                    <\/div>\n\n                <span class=\"slider-arrow prev prevslide\" tabindex=\"0\" role=\"button\" aria-label=\"Prev slide\"><\/span>\n                <span class=\"slider-arrow next nextslide\" tabindex=\"0\" role=\"button\" aria-label=\"Next slide\"><\/span>\n\n            <\/div>\n        <\/div>\n    <\/div>\n<\/div>\n\n\n<div class=\"container-fascia-img-sfondo-box-testo bg-bianco l-fullw\" id=\"\">\n    <div class=\"inner-fascia-img-sfondo-box-testo\">\n\n                <div class=\"contenitore pos-altosx\" style=\"background: url('https:\/\/lamellegno.it\/wp-content\/uploads\/2024\/05\/7home_dascartoarisorsa-1.jpg')\">\n    \n            <div class=\"box-testo bgbox-trasparente\">\n                <span class=\"title-small\">DURABILIT\u00c9<\/span>\n                <span class=\"title-big\">Du gaspillage \u00e0 la valeur : donner une nouvelle vie au bois<\/span>\n\n                <div class=\"testo\"><p>Pour Lamel Legno, l&rsquo;innovation est aussi synonyme de responsabilit\u00e9. Nous nous engageons sur une voie de d\u00e9veloppement durable qui nous voit comme protagonistes de la gestion responsable des ressources foresti\u00e8res, afin de r\u00e9duire l&rsquo;impact environnemental de notre processus de production et d&rsquo;adopter des pratiques commerciales \u00e9thiques, en \u00e9vitant avant tout gaspillage.<\/p>\n<\/div>\n\n                                                            <a href=\"\/fr\/nous-sommes-la-nature#circulaire\" class=\"btn btn-w\" target=\"\">D\u00c9COUVRIR<\/a>\n                                                <\/div>\n        <\/div>\n\n    <\/div>\n<\/div>","protected":false},"excerpt":{"rendered":"","protected":false},"author":1,"featured_media":0,"parent":0,"menu_order":0,"comment_status":"closed","ping_status":"closed","template":"","meta":{"_acf_changed":false,"footnotes":""},"class_list":["post-776","page","type-page","status-publish","hentry"],"acf":[],"yoast_head":"<!-- This site is optimized with the Yoast SEO plugin v25.7 - https:\/\/yoast.com\/wordpress\/plugins\/seo\/ -->\n<title>Home page | Lamel Legno<\/title>\n<meta name=\"robots\" content=\"index, follow, max-snippet:-1, max-image-preview:large, max-video-preview:-1\" \/>\n<link rel=\"canonical\" href=\"https:\/\/lamellegno.it\/fr\/\" \/>\n<meta property=\"og:locale\" content=\"fr_FR\" \/>\n<meta property=\"og:type\" content=\"article\" \/>\n<meta property=\"og:title\" content=\"Home page | Lamel Legno\" \/>\n<meta property=\"og:url\" content=\"https:\/\/lamellegno.it\/fr\/\" \/>\n<meta property=\"og:site_name\" content=\"Lamel Legno\" \/>\n<meta property=\"article:modified_time\" content=\"2024-06-13T09:24:45+00:00\" \/>\n<meta property=\"og:image\" content=\"https:\/\/lamellegno.it\/wp-content\/uploads\/2024\/03\/logo.png\" \/>\n\t<meta property=\"og:image:width\" content=\"112\" \/>\n\t<meta property=\"og:image:height\" content=\"102\" \/>\n\t<meta property=\"og:image:type\" content=\"image\/png\" \/>\n<meta name=\"twitter:card\" content=\"summary_large_image\" \/>\n<script type=\"application\/ld+json\" class=\"yoast-schema-graph\">{\"@context\":\"https:\/\/schema.org\",\"@graph\":[{\"@type\":\"WebPage\",\"@id\":\"https:\/\/lamellegno.it\/fr\/\",\"url\":\"https:\/\/lamellegno.it\/fr\/\",\"name\":\"Home page | Lamel Legno\",\"isPartOf\":{\"@id\":\"https:\/\/lamellegno.it\/#website\"},\"datePublished\":\"2024-02-27T22:07:18+00:00\",\"dateModified\":\"2024-06-13T09:24:45+00:00\",\"breadcrumb\":{\"@id\":\"https:\/\/lamellegno.it\/fr\/#breadcrumb\"},\"inLanguage\":\"fr-FR\",\"potentialAction\":[{\"@type\":\"ReadAction\",\"target\":[\"https:\/\/lamellegno.it\/fr\/\"]}]},{\"@type\":\"BreadcrumbList\",\"@id\":\"https:\/\/lamellegno.it\/fr\/#breadcrumb\",\"itemListElement\":[{\"@type\":\"ListItem\",\"position\":1,\"name\":\"Home\",\"item\":\"https:\/\/lamellegno.it\/fr\/\"},{\"@type\":\"ListItem\",\"position\":2,\"name\":\"Home page\"}]},{\"@type\":\"WebSite\",\"@id\":\"https:\/\/lamellegno.it\/#website\",\"url\":\"https:\/\/lamellegno.it\/\",\"name\":\"Lamel Legno\",\"description\":\"\",\"publisher\":{\"@id\":\"https:\/\/lamellegno.it\/#organization\"},\"potentialAction\":[{\"@type\":\"SearchAction\",\"target\":{\"@type\":\"EntryPoint\",\"urlTemplate\":\"https:\/\/lamellegno.it\/?s={search_term_string}\"},\"query-input\":{\"@type\":\"PropertyValueSpecification\",\"valueRequired\":true,\"valueName\":\"search_term_string\"}}],\"inLanguage\":\"fr-FR\"},{\"@type\":\"Organization\",\"@id\":\"https:\/\/lamellegno.it\/#organization\",\"name\":\"Lamel Legno\",\"url\":\"https:\/\/lamellegno.it\/\",\"logo\":{\"@type\":\"ImageObject\",\"inLanguage\":\"fr-FR\",\"@id\":\"https:\/\/lamellegno.it\/#\/schema\/logo\/image\/\",\"url\":\"https:\/\/lamellegno.it\/wp-content\/uploads\/2024\/03\/logo.png\",\"contentUrl\":\"https:\/\/lamellegno.it\/wp-content\/uploads\/2024\/03\/logo.png\",\"width\":112,\"height\":102,\"caption\":\"Lamel Legno\"},\"image\":{\"@id\":\"https:\/\/lamellegno.it\/#\/schema\/logo\/image\/\"},\"sameAs\":[\"https:\/\/www.linkedin.com\/company\/lamellegno\/\"]}]}<\/script>\n<!-- \/ Yoast SEO plugin. -->","yoast_head_json":{"title":"Home page | Lamel Legno","robots":{"index":"index","follow":"follow","max-snippet":"max-snippet:-1","max-image-preview":"max-image-preview:large","max-video-preview":"max-video-preview:-1"},"canonical":"https:\/\/lamellegno.it\/fr\/","og_locale":"fr_FR","og_type":"article","og_title":"Home page | Lamel Legno","og_url":"https:\/\/lamellegno.it\/fr\/","og_site_name":"Lamel Legno","article_modified_time":"2024-06-13T09:24:45+00:00","og_image":[{"width":112,"height":102,"url":"https:\/\/lamellegno.it\/wp-content\/uploads\/2024\/03\/logo.png","type":"image\/png"}],"twitter_card":"summary_large_image","schema":{"@context":"https:\/\/schema.org","@graph":[{"@type":"WebPage","@id":"https:\/\/lamellegno.it\/fr\/","url":"https:\/\/lamellegno.it\/fr\/","name":"Home page | Lamel Legno","isPartOf":{"@id":"https:\/\/lamellegno.it\/#website"},"datePublished":"2024-02-27T22:07:18+00:00","dateModified":"2024-06-13T09:24:45+00:00","breadcrumb":{"@id":"https:\/\/lamellegno.it\/fr\/#breadcrumb"},"inLanguage":"fr-FR","potentialAction":[{"@type":"ReadAction","target":["https:\/\/lamellegno.it\/fr\/"]}]},{"@type":"BreadcrumbList","@id":"https:\/\/lamellegno.it\/fr\/#breadcrumb","itemListElement":[{"@type":"ListItem","position":1,"name":"Home","item":"https:\/\/lamellegno.it\/fr\/"},{"@type":"ListItem","position":2,"name":"Home page"}]},{"@type":"WebSite","@id":"https:\/\/lamellegno.it\/#website","url":"https:\/\/lamellegno.it\/","name":"Lamel Legno","description":"","publisher":{"@id":"https:\/\/lamellegno.it\/#organization"},"potentialAction":[{"@type":"SearchAction","target":{"@type":"EntryPoint","urlTemplate":"https:\/\/lamellegno.it\/?s={search_term_string}"},"query-input":{"@type":"PropertyValueSpecification","valueRequired":true,"valueName":"search_term_string"}}],"inLanguage":"fr-FR"},{"@type":"Organization","@id":"https:\/\/lamellegno.it\/#organization","name":"Lamel Legno","url":"https:\/\/lamellegno.it\/","logo":{"@type":"ImageObject","inLanguage":"fr-FR","@id":"https:\/\/lamellegno.it\/#\/schema\/logo\/image\/","url":"https:\/\/lamellegno.it\/wp-content\/uploads\/2024\/03\/logo.png","contentUrl":"https:\/\/lamellegno.it\/wp-content\/uploads\/2024\/03\/logo.png","width":112,"height":102,"caption":"Lamel Legno"},"image":{"@id":"https:\/\/lamellegno.it\/#\/schema\/logo\/image\/"},"sameAs":["https:\/\/www.linkedin.com\/company\/lamellegno\/"]}]}},"_links":{"self":[{"href":"https:\/\/lamellegno.it\/fr\/wp-json\/wp\/v2\/pages\/776","targetHints":{"allow":["GET"]}}],"collection":[{"href":"https:\/\/lamellegno.it\/fr\/wp-json\/wp\/v2\/pages"}],"about":[{"href":"https:\/\/lamellegno.it\/fr\/wp-json\/wp\/v2\/types\/page"}],"author":[{"embeddable":true,"href":"https:\/\/lamellegno.it\/fr\/wp-json\/wp\/v2\/users\/1"}],"replies":[{"embeddable":true,"href":"https:\/\/lamellegno.it\/fr\/wp-json\/wp\/v2\/comments?post=776"}],"version-history":[{"count":10,"href":"https:\/\/lamellegno.it\/fr\/wp-json\/wp\/v2\/pages\/776\/revisions"}],"predecessor-version":[{"id":1793,"href":"https:\/\/lamellegno.it\/fr\/wp-json\/wp\/v2\/pages\/776\/revisions\/1793"}],"wp:attachment":[{"href":"https:\/\/lamellegno.it\/fr\/wp-json\/wp\/v2\/media?parent=776"}],"curies":[{"name":"wp","href":"https:\/\/api.w.org\/{rel}","templated":true}]}}