{"id":781,"date":"2024-02-28T16:19:28","date_gmt":"2024-02-28T15:19:28","guid":{"rendered":"https:\/\/lamellegno.it\/azienda\/"},"modified":"2024-05-08T11:31:19","modified_gmt":"2024-05-08T09:31:19","slug":"entreprise","status":"publish","type":"page","link":"https:\/\/lamellegno.it\/fr\/entreprise\/","title":{"rendered":"Entreprise"},"content":{"rendered":"<div class=\"container-fascia-img-header\" style=\"background-image: url(https:\/\/lamellegno.it\/wp-content\/uploads\/2024\/05\/1azienda_header.jpg)\">\n\n    <p id=\"bread-pages\"><span><span><a href=\"https:\/\/lamellegno.it\/fr\/\">Home<\/a><\/span><\/span><\/p>\n    <div class=\"inner-fascia-img-header\">\n\n        <h1 class=\"title\">Entreprise<\/h1>\n\n            <\/div>\n<\/div>\n\n<div class=\"container-fascia-titoli-testo\">\n    <div class=\"inner-fascia-titoli-testo\">\n\n        <div class=\"col-sx\">\n            <span class=\"title-small\">TECHNOLOGIE ET INNOVATION<\/span>\n            <span class=\"title-big\">PRODUCTION ET MATI\u00c8RES PREMI\u00c8RES<\/span>\n        <\/div>\n\n        <div class=\"testo\"><p>La strat\u00e9gie de Lamel Legno est bas\u00e9e sur la technologie et l&rsquo;efficacit\u00e9 : des lignes de production ultramodernes et hautement sp\u00e9cialis\u00e9es, \u00e9quip\u00e9es de syst\u00e8mes de contr\u00f4le qualit\u00e9 informatis\u00e9s et automatiques, permettant la cr\u00e9ation de produits fiables et de haute qualit\u00e9.<br \/>\nLamel Legno s\u00e9lectionne soigneusement chaque fournisseur et ach\u00e8te exclusivement des mati\u00e8res premi\u00e8res de qualit\u00e9 sup\u00e9rieure : des\u00a0 bois d\u2019 essences diverses, provenant de for\u00eats certifi\u00e9es et non soumis \u00e0 la coupe ill\u00e9gale conform\u00e9ment \u00e0 la r\u00e9glementation Europ\u00e9enne, trait\u00e9 avec les technologies de coupe, de s\u00e9chage et de collage les plus avanc\u00e9es.<\/p>\n<\/div>\n\n    <\/div>\n<\/div>\n\n\n<div class=\"inspiration-gallery-slider\">\n    <div class=\"contenitore\">\n        <div class=\"wrap\">\n            <div class=\"slider \" data-swiper=\"{&quot;wrapperClass&quot;: &quot;slider-wrapper&quot;,&quot;slideClass&quot;: &quot;slide&quot;,&quot;slidesPerView&quot;: &quot;auto&quot;,&quot;loop&quot;: false,&quot;navigation&quot;: {&quot;nextEl&quot;: &quot;.nextslide&quot;, &quot;prevEl&quot;: &quot;.prevslide&quot;}}\">\n\n                <div class=\"slider-wrapper lightgal\">\n                    \n                                                    <div class=\"slide\" data-src=\"https:\/\/lamellegno.it\/wp-content\/uploads\/2024\/05\/4azienda_slider3.jpg\">\n                                <img decoding=\"async\" src=\"https:\/\/lamellegno.it\/wp-content\/uploads\/2024\/05\/4azienda_slider3.jpg\" height=\"800\" alt=\"\" \/>\n                            <\/div>\n                        \n                    \n                                                    <div class=\"slide\" data-src=\"https:\/\/lamellegno.it\/wp-content\/uploads\/2024\/05\/3azienda_slider2.jpg\">\n                                <img decoding=\"async\" src=\"https:\/\/lamellegno.it\/wp-content\/uploads\/2024\/05\/3azienda_slider2.jpg\" height=\"800\" alt=\"\" \/>\n                            <\/div>\n                        \n                    \n                                                    <div class=\"slide\" data-src=\"https:\/\/lamellegno.it\/wp-content\/uploads\/2024\/05\/2azienda_slider1.jpg\">\n                                <img decoding=\"async\" src=\"https:\/\/lamellegno.it\/wp-content\/uploads\/2024\/05\/2azienda_slider1.jpg\" height=\"800\" alt=\"\" \/>\n                            <\/div>\n                        \n                    \n                                                    <div class=\"slide\" data-src=\"https:\/\/lamellegno.it\/wp-content\/uploads\/2024\/05\/slider4.jpg\">\n                                <img decoding=\"async\" src=\"https:\/\/lamellegno.it\/wp-content\/uploads\/2024\/05\/slider4.jpg\" height=\"800\" alt=\"\" \/>\n                            <\/div>\n                        \n                    \n                                                    <div class=\"slide\" data-src=\"https:\/\/lamellegno.it\/wp-content\/uploads\/2024\/05\/slider5.jpg\">\n                                <img decoding=\"async\" src=\"https:\/\/lamellegno.it\/wp-content\/uploads\/2024\/05\/slider5.jpg\" height=\"800\" alt=\"\" \/>\n                            <\/div>\n                        \n                                    <\/div>\n\n                <span class=\"slider-arrow prev prevslide\" tabindex=\"0\" role=\"button\" aria-label=\"Prev slide\"><\/span>\n                <span class=\"slider-arrow next nextslide\" tabindex=\"0\" role=\"button\" aria-label=\"Next slide\"><\/span>\n\n            <\/div>\n        <\/div>\n    <\/div>\n<\/div>\n\n\n<div class=\"container-fascia-img-testi bg-bianco\">\n    <div class=\"inner-fascia-img-testi pos-sx\">\n\n                    <img loading=\"lazy\" decoding=\"async\" src=\"https:\/\/lamellegno.it\/wp-content\/uploads\/2024\/05\/5azienda_lanostramission.jpg\" alt=\"\" width=\"400\" height=\"400\">\n        \n        <div class=\"col-dx\">\n            <span class=\"title-small\">ING. GIUSEPPE SAMMARTINO<\/span>\n            <span class=\"title-big\">NOTRE MISSION<\/span>\n\n            <div class=\"testo\"><p>La mission de Lamel Legno est profond\u00e9ment ancr\u00e9e dans la valeur intrins\u00e8que du bois, symbole \u00e9ternel d&rsquo;une qualit\u00e9 de vie sup\u00e9rieure. Pour nous, le bois n&rsquo;est pas seulement un mat\u00e9riau, mais un \u00e9l\u00e9ment fondamental pour ceux qui aspirent \u00e0 vivre dans des espaces de vie qui d\u00e9gagent chaleur, accueil et confort, enrichis d&rsquo;un sentiment de bien-\u00eatre authentique. Cette vision na\u00eet d&rsquo;un lien historique avec la tradition, un h\u00e9ritage que nous embrassons avec respect, en le projetant vers l&rsquo;avenir gr\u00e2ce \u00e0 l&rsquo;innovation continue des techniques de transformation et \u00e0 l&rsquo;adoption des technologies les plus avanc\u00e9es.<\/p>\n<\/div>\n\n            \n        <\/div>\n\n    <\/div>\n<\/div>\n\n\n<div class=\"container-fascia-img-sfondo-box-testo bg-verde l-fullw\" id=\"\">\n    <div class=\"inner-fascia-img-sfondo-box-testo\">\n\n                <div class=\"contenitore pos-altosx\" style=\"background: url('https:\/\/lamellegno.it\/wp-content\/uploads\/2024\/05\/6azienda_complessoaziendale.jpg')\">\n    \n            <div class=\"box-testo bgbox-marronet\">\n                <span class=\"title-small\">LES CHIFFRES<\/span>\n                <span class=\"title-big\">STRUCTURE DE L\u2019ENTREPRISE<\/span>\n\n                <div class=\"testo\"><p>L&rsquo;entreprise conna\u00eet une forte croissance gr\u00e2ce \u00e0 son d\u00e9vouement et son professionnalisme, s&rsquo;\u00e9tablissant aujourd&rsquo;hui avec un b\u00e2timent d&rsquo;entreprise qui s&rsquo;\u00e9tend sur plus de 50 000 m\u00b2, dont 15 000 couverts.<br \/>\nLa structure comprend des syst\u00e8mes de s\u00e9chage avanc\u00e9s qui garantissent une humidit\u00e9 optimale de traitement du bois, avec une capacit\u00e9 de s\u00e9chage totale de 800 m\u00e8tres cubes et un entrep\u00f4t de 2000 m\u00e8tres cubes de produits finis pr\u00eats \u00e0 \u00eatre livr\u00e9s, faisant de Lamel Legno un partenaire fiable et pr\u00eat \u00e0 satisfaire tous les besoins de ses clients.<\/p>\n<\/div>\n\n                            <\/div>\n        <\/div>\n\n    <\/div>\n<\/div>\n\n<div class=\"container-fascia-perche-sceglierci\">\n    <div class=\"inner-fascia-perche-sceglierci\">\n\n        <span class=\"title-small\">LES VALEURS<\/span>\n        <span class=\"title-big\">POURQUOI NOUS CHOISIR<\/span>\n\n        <div class=\"testo\"><p>Lamel Legno est synonyme de fiabilit\u00e9 et de qualit\u00e9 dans le secteur des profil\u00e9s et panneaux en bois lamin\u00e9, toujours \u00e0 la pointe et en phase avec les derni\u00e8res technologies.<\/p>\n<\/div>\n\n        <div class=\"container-box\">\n            <div class=\"box\">\n                <span class=\"title-box\">Recherche et Qualit\u00e9<\/span>\n                <div class=\"testo-box\"><p>Une activit\u00e9 de production toujours orient\u00e9e vers l&rsquo;obtention de la plus haute qualit\u00e9 de produits. Une recherche qui commence par la s\u00e9lection minutieuse des mati\u00e8res premi\u00e8res et se poursuit \u00e0 chaque phase de travail gr\u00e2ce \u00e0 des syst\u00e8mes modernes, des syst\u00e8mes de contr\u00f4le automatique, l&rsquo;exp\u00e9rience et la comp\u00e9tence de son \u00e9quipe.<\/p>\n<\/div>\n            <\/div>\n\n            <div class=\"box\">\n                <span class=\"title-box\">Professionnalisme et Assistance<\/span>\n                <div class=\"testo-box\"><p>Le professionnalisme et la flexibilit\u00e9 sont nos plus grandes forces. Nous sommes capables de nous adapter aux exigences du march\u00e9 en \u00ab\u00a0peu\u00a0\u00bb de temps et de cr\u00e9er des produits sur demande avec une programmation sp\u00e9cifique des diff\u00e9rentes phases du processus.<\/p>\n<\/div>\n            <\/div>\n\n            <div class=\"box\">\n                <span class=\"title-box\">Durabilit\u00e9<\/span>\n                <div class=\"testo-box\"><p>Nous pensons qu&rsquo;un v\u00e9ritable progr\u00e8s n&rsquo;est possible que par un engagement concret en faveur du d\u00e9veloppement durable. Cela se traduit par des choix concrets qui respectent l&rsquo;environnement et garantissent une prosp\u00e9rit\u00e9 \u00e9conomique \u00e0 long terme. Nous voulons \u00eatre un moteur de changement positif, en conduisant le secteur vers un avenir o\u00f9 innovation et durabilit\u00e9 vont de pair.<\/p>\n<\/div>\n            <\/div>\n\n            <div class=\"box\">\n                <span class=\"title-box\">Rapidit\u00e9 et Satisfaction<\/span>\n                <div class=\"testo-box\"><p>Gr\u00e2ce \u00e0 un syst\u00e8me de gestion et de contr\u00f4le efficace, l&rsquo;entreprise est en mesure de garantir des d\u00e9lais de livraison rapides et ponctuels.<br \/>\nLe respect des sp\u00e9cifications techniques requises et la confirmation des d\u00e9lais de livraison sont au centre de nos pr\u00e9occupations, visant \u00e0 la satisfaction du client.<\/p>\n<\/div>\n            <\/div>\n        <\/div>\n\n    <\/div>\n<\/div>","protected":false},"excerpt":{"rendered":"","protected":false},"author":1,"featured_media":0,"parent":0,"menu_order":0,"comment_status":"closed","ping_status":"closed","template":"","meta":{"_acf_changed":false,"footnotes":""},"class_list":["post-781","page","type-page","status-publish","hentry"],"acf":[],"yoast_head":"<!-- This site is optimized with the Yoast SEO plugin v25.7 - https:\/\/yoast.com\/wordpress\/plugins\/seo\/ -->\n<title>Entreprise | Lamel Legno<\/title>\n<meta name=\"robots\" content=\"index, follow, max-snippet:-1, max-image-preview:large, max-video-preview:-1\" \/>\n<link rel=\"canonical\" href=\"https:\/\/lamellegno.it\/fr\/entreprise\/\" \/>\n<meta property=\"og:locale\" content=\"fr_FR\" \/>\n<meta property=\"og:type\" content=\"article\" \/>\n<meta property=\"og:title\" content=\"Entreprise | Lamel Legno\" \/>\n<meta property=\"og:url\" content=\"https:\/\/lamellegno.it\/fr\/entreprise\/\" \/>\n<meta property=\"og:site_name\" content=\"Lamel Legno\" \/>\n<meta property=\"article:modified_time\" content=\"2024-05-08T09:31:19+00:00\" \/>\n<meta property=\"og:image\" content=\"https:\/\/lamellegno.it\/wp-content\/uploads\/2024\/03\/logo.png\" \/>\n\t<meta property=\"og:image:width\" content=\"112\" \/>\n\t<meta property=\"og:image:height\" content=\"102\" \/>\n\t<meta property=\"og:image:type\" content=\"image\/png\" \/>\n<meta name=\"twitter:card\" content=\"summary_large_image\" \/>\n<script type=\"application\/ld+json\" class=\"yoast-schema-graph\">{\"@context\":\"https:\/\/schema.org\",\"@graph\":[{\"@type\":\"WebPage\",\"@id\":\"https:\/\/lamellegno.it\/fr\/entreprise\/\",\"url\":\"https:\/\/lamellegno.it\/fr\/entreprise\/\",\"name\":\"Entreprise | Lamel Legno\",\"isPartOf\":{\"@id\":\"https:\/\/lamellegno.it\/#website\"},\"datePublished\":\"2024-02-28T15:19:28+00:00\",\"dateModified\":\"2024-05-08T09:31:19+00:00\",\"breadcrumb\":{\"@id\":\"https:\/\/lamellegno.it\/fr\/entreprise\/#breadcrumb\"},\"inLanguage\":\"fr-FR\",\"potentialAction\":[{\"@type\":\"ReadAction\",\"target\":[\"https:\/\/lamellegno.it\/fr\/entreprise\/\"]}]},{\"@type\":\"BreadcrumbList\",\"@id\":\"https:\/\/lamellegno.it\/fr\/entreprise\/#breadcrumb\",\"itemListElement\":[{\"@type\":\"ListItem\",\"position\":1,\"name\":\"Home\",\"item\":\"https:\/\/lamellegno.it\/fr\/\"},{\"@type\":\"ListItem\",\"position\":2,\"name\":\"Entreprise\"}]},{\"@type\":\"WebSite\",\"@id\":\"https:\/\/lamellegno.it\/#website\",\"url\":\"https:\/\/lamellegno.it\/\",\"name\":\"Lamel Legno\",\"description\":\"\",\"publisher\":{\"@id\":\"https:\/\/lamellegno.it\/#organization\"},\"potentialAction\":[{\"@type\":\"SearchAction\",\"target\":{\"@type\":\"EntryPoint\",\"urlTemplate\":\"https:\/\/lamellegno.it\/?s={search_term_string}\"},\"query-input\":{\"@type\":\"PropertyValueSpecification\",\"valueRequired\":true,\"valueName\":\"search_term_string\"}}],\"inLanguage\":\"fr-FR\"},{\"@type\":\"Organization\",\"@id\":\"https:\/\/lamellegno.it\/#organization\",\"name\":\"Lamel Legno\",\"url\":\"https:\/\/lamellegno.it\/\",\"logo\":{\"@type\":\"ImageObject\",\"inLanguage\":\"fr-FR\",\"@id\":\"https:\/\/lamellegno.it\/#\/schema\/logo\/image\/\",\"url\":\"https:\/\/lamellegno.it\/wp-content\/uploads\/2024\/03\/logo.png\",\"contentUrl\":\"https:\/\/lamellegno.it\/wp-content\/uploads\/2024\/03\/logo.png\",\"width\":112,\"height\":102,\"caption\":\"Lamel Legno\"},\"image\":{\"@id\":\"https:\/\/lamellegno.it\/#\/schema\/logo\/image\/\"},\"sameAs\":[\"https:\/\/www.linkedin.com\/company\/lamellegno\/\"]}]}<\/script>\n<!-- \/ Yoast SEO plugin. -->","yoast_head_json":{"title":"Entreprise | Lamel Legno","robots":{"index":"index","follow":"follow","max-snippet":"max-snippet:-1","max-image-preview":"max-image-preview:large","max-video-preview":"max-video-preview:-1"},"canonical":"https:\/\/lamellegno.it\/fr\/entreprise\/","og_locale":"fr_FR","og_type":"article","og_title":"Entreprise | Lamel Legno","og_url":"https:\/\/lamellegno.it\/fr\/entreprise\/","og_site_name":"Lamel Legno","article_modified_time":"2024-05-08T09:31:19+00:00","og_image":[{"width":112,"height":102,"url":"https:\/\/lamellegno.it\/wp-content\/uploads\/2024\/03\/logo.png","type":"image\/png"}],"twitter_card":"summary_large_image","schema":{"@context":"https:\/\/schema.org","@graph":[{"@type":"WebPage","@id":"https:\/\/lamellegno.it\/fr\/entreprise\/","url":"https:\/\/lamellegno.it\/fr\/entreprise\/","name":"Entreprise | Lamel Legno","isPartOf":{"@id":"https:\/\/lamellegno.it\/#website"},"datePublished":"2024-02-28T15:19:28+00:00","dateModified":"2024-05-08T09:31:19+00:00","breadcrumb":{"@id":"https:\/\/lamellegno.it\/fr\/entreprise\/#breadcrumb"},"inLanguage":"fr-FR","potentialAction":[{"@type":"ReadAction","target":["https:\/\/lamellegno.it\/fr\/entreprise\/"]}]},{"@type":"BreadcrumbList","@id":"https:\/\/lamellegno.it\/fr\/entreprise\/#breadcrumb","itemListElement":[{"@type":"ListItem","position":1,"name":"Home","item":"https:\/\/lamellegno.it\/fr\/"},{"@type":"ListItem","position":2,"name":"Entreprise"}]},{"@type":"WebSite","@id":"https:\/\/lamellegno.it\/#website","url":"https:\/\/lamellegno.it\/","name":"Lamel Legno","description":"","publisher":{"@id":"https:\/\/lamellegno.it\/#organization"},"potentialAction":[{"@type":"SearchAction","target":{"@type":"EntryPoint","urlTemplate":"https:\/\/lamellegno.it\/?s={search_term_string}"},"query-input":{"@type":"PropertyValueSpecification","valueRequired":true,"valueName":"search_term_string"}}],"inLanguage":"fr-FR"},{"@type":"Organization","@id":"https:\/\/lamellegno.it\/#organization","name":"Lamel Legno","url":"https:\/\/lamellegno.it\/","logo":{"@type":"ImageObject","inLanguage":"fr-FR","@id":"https:\/\/lamellegno.it\/#\/schema\/logo\/image\/","url":"https:\/\/lamellegno.it\/wp-content\/uploads\/2024\/03\/logo.png","contentUrl":"https:\/\/lamellegno.it\/wp-content\/uploads\/2024\/03\/logo.png","width":112,"height":102,"caption":"Lamel Legno"},"image":{"@id":"https:\/\/lamellegno.it\/#\/schema\/logo\/image\/"},"sameAs":["https:\/\/www.linkedin.com\/company\/lamellegno\/"]}]}},"_links":{"self":[{"href":"https:\/\/lamellegno.it\/fr\/wp-json\/wp\/v2\/pages\/781","targetHints":{"allow":["GET"]}}],"collection":[{"href":"https:\/\/lamellegno.it\/fr\/wp-json\/wp\/v2\/pages"}],"about":[{"href":"https:\/\/lamellegno.it\/fr\/wp-json\/wp\/v2\/types\/page"}],"author":[{"embeddable":true,"href":"https:\/\/lamellegno.it\/fr\/wp-json\/wp\/v2\/users\/1"}],"replies":[{"embeddable":true,"href":"https:\/\/lamellegno.it\/fr\/wp-json\/wp\/v2\/comments?post=781"}],"version-history":[{"count":4,"href":"https:\/\/lamellegno.it\/fr\/wp-json\/wp\/v2\/pages\/781\/revisions"}],"predecessor-version":[{"id":1678,"href":"https:\/\/lamellegno.it\/fr\/wp-json\/wp\/v2\/pages\/781\/revisions\/1678"}],"wp:attachment":[{"href":"https:\/\/lamellegno.it\/fr\/wp-json\/wp\/v2\/media?parent=781"}],"curies":[{"name":"wp","href":"https:\/\/api.w.org\/{rel}","templated":true}]}}