{"id":791,"date":"2024-02-28T15:57:22","date_gmt":"2024-02-28T14:57:22","guid":{"rendered":"https:\/\/lamellegno.it\/noi-siamo-natura\/"},"modified":"2024-09-09T15:48:35","modified_gmt":"2024-09-09T13:48:35","slug":"nous-sommes-la-nature","status":"publish","type":"page","link":"https:\/\/lamellegno.it\/fr\/nous-sommes-la-nature\/","title":{"rendered":"Nous sommes la nature"},"content":{"rendered":"<div class=\"container-fascia-img-header\" style=\"background-image: url(https:\/\/lamellegno.it\/wp-content\/uploads\/2024\/05\/1sost_header.jpg)\">\n\n    <p id=\"bread-pages\"><span><span><a href=\"https:\/\/lamellegno.it\/fr\/\">Home<\/a><\/span><\/span><\/p>\n    <div class=\"inner-fascia-img-header\">\n\n        <h1 class=\"title\">Nous sommes la nature<\/h1>\n\n            <\/div>\n<\/div>\n\n\n<div class=\"container-fascia-cta-video bg-bianco\">\n    <div class=\"inner-fascia-cta-video\">\n\n        <div class=\"col-sx\">\n            <span class=\"title-small\">PROJET NEUTRALIT\u00c9 CARBONE<\/span>\n            <span class=\"title-big\">NOUS PLANTONS DES ARBRES EN TANZANIE<\/span>\n\n            <div class=\"testo\"><p>Lamel Legno voit grand. Et elle vole vers les Objectifs de D\u00e9veloppement Durable 2030. Nous avons entam\u00e9 une voie de durabilit\u00e9 environnementale, qui apporte de la valeur \u00e0 la plan\u00e8te et aux personnes. Nous adh\u00e9rons \u00e0 des initiatives mondiales qui refl\u00e8tent notre engagement \u00e0 prot\u00e9ger l&rsquo;environnement. Un exemple concret de notre engagement est le projet de reboisement en Tanzanie, o\u00f9 nous participons activement \u00e0 la plantation de 300 arbres. Cette initiative permet non seulement de compenser les \u00e9missions de CO2, mais aussi de soutenir l&rsquo;ind\u00e9pendance \u00e9conomique car elle se concentre sur l&rsquo;implication directe des communaut\u00e9s de femmes Masa\u00ef.<\/p>\n<\/div>\n\n                                                <a href=\"https:\/\/app.zeroco2.eco\/partner\/ee8d6184-de82-4212-8d85-c94c50158944?tab=forest\" class=\"btn btn-b\" target=\"_blank\">VOIR LE PROJET<\/a>\n                                    <\/div>\n\n        \n                                    <img loading=\"lazy\" decoding=\"async\" src=\"https:\/\/lamellegno.it\/wp-content\/uploads\/2024\/05\/2sost_piantiamoalberi.jpg\" alt=\"\" width=\"400\" height=\"400\">\n                    \n    <\/div>\n<\/div>\n\n\n<div class=\"container-fascia-img-sfondo-box-testo bg-verde l-boxed\" id=\"circulaire\">\n    <div class=\"inner-fascia-img-sfondo-box-testo\">\n\n                <div class=\"contenitore pos-altosx\" style=\"background: url('https:\/\/lamellegno.it\/wp-content\/uploads\/2024\/05\/3sost_ogniscarto.jpg')\">\n    \n            <div class=\"box-testo bgbox-trasparente\">\n                <span class=\"title-small\">\u00c9CONOMIE CIRCULAIRE<\/span>\n                <span class=\"title-big\">CHAQUE D\u00c9CHET COMPTE<\/span>\n\n                <div class=\"testo\"><p>Chez Lamel Legno, nous sommes convaincus que chaque d\u00e9chet de bois compte, en reconnaissant la valeur de cette ressource naturelle et sa potentielle seconde vie. Cette approche souligne notre engagement envers des pratiques durables et responsables, o\u00f9 chaque morceau de mat\u00e9riau n&rsquo;est pas consid\u00e9r\u00e9 comme un d\u00e9chet, mais comme une opportunit\u00e9 d&rsquo;innovation et de cr\u00e9ation. Les d\u00e9chets de la transformation du bois sont utilis\u00e9s en partie pour alimenter la chaudi\u00e8re et en partie pour la production de granul\u00e9s \u00e9cologiques. Cela permet non seulement de minimiser l&rsquo;impact environnemental de nos activit\u00e9s, mais aussi de promouvoir une \u00e9conomie circulaire au sein de l&rsquo;industrie du travail du bois.<\/p>\n<\/div>\n\n                            <\/div>\n        <\/div>\n\n    <\/div>\n<\/div>\n\n\n<div class=\"container-fascia-img-testi bg-verde\">\n    <div class=\"inner-fascia-img-testi pos-sx\">\n\n                    <img loading=\"lazy\" decoding=\"async\" src=\"https:\/\/lamellegno.it\/wp-content\/uploads\/2024\/05\/4sost_unvaloreassoluto.jpg\" alt=\"\" width=\"400\" height=\"400\">\n        \n        <div class=\"col-dx\">\n            <span class=\"title-small\">L&rsquo;AVENIR DE LA PLAN\u00c8TE<\/span>\n            <span class=\"title-big\">UNE VALEUR ABSOLUE<\/span>\n\n            <div class=\"testo\"><p>Nous reconnaissons que l&rsquo;avenir de notre plan\u00e8te et des g\u00e9n\u00e9rations futures d\u00e9pend des choix que nous faisons chaque jour. C&rsquo;est pourquoi nous adoptons une approche holistique de la durabilit\u00e9, qui prend en compte l&rsquo;ensemble du cycle de vie de nos produits, de la s\u00e9lection des mati\u00e8res premi\u00e8res \u00e0 la production, o\u00f9 l&rsquo;efficacit\u00e9 \u00e9nerg\u00e9tique, les \u00e9nergies renouvelables et la r\u00e9duction des d\u00e9chets sont des priorit\u00e9s.<\/p>\n<\/div>\n\n            \n        <\/div>\n\n    <\/div>\n<\/div>\n\n\n<div class=\"container-fascia-img-sfondo-box-testo bg-verde l-fullw\" id=\"\">\n    <div class=\"inner-fascia-img-sfondo-box-testo\">\n\n                <div class=\"contenitore pos-centro\" style=\"background: url('https:\/\/lamellegno.it\/wp-content\/uploads\/2024\/05\/5sost_naturaetecnologia.jpg')\">\n    \n            <div class=\"box-testo bgbox-bianco\">\n                <span class=\"title-small\">EFFICACIT\u00c9 \u00c9NERG\u00c9TIQUE<\/span>\n                <span class=\"title-big\">NATURE ET TECHNOLOGIE<\/span>\n\n                <div class=\"testo\"><p>Le respect de l&rsquo;environnement est depuis des ann\u00e9es une pierre angulaire de l&rsquo;activit\u00e9 de Lamel Legno, un v\u00e9ritable engagement de responsabilit\u00e9 d&rsquo;entreprise qui permet \u00e0 l&rsquo;entreprise d&rsquo;op\u00e9rer fi\u00e8rement dans une perspective de durabilit\u00e9 et de protection du territoire.<\/p>\n<p>Une attention particuli\u00e8re est port\u00e9e \u00e0 la limitation des \u00e9missions d&rsquo;\u00e9nergie dans l&rsquo;atmosph\u00e8re:<\/p>\n<ul>\n<li>un syst\u00e8me photovolta\u00efque a \u00e9t\u00e9 construit qui produit plus de 1 million de kWh\/an avec une r\u00e9duction des \u00e9missions d&rsquo;environ 700 tonnes de CO2 par an.<\/li>\n<li>utilisation de biomasse provenant de d\u00e9chets de production qui g\u00e9n\u00e8re plus de 2 milliards de Kcal r\u00e9utilis\u00e9s dans le cycle de production de l&rsquo;entreprise pour une \u00e9conomie de plus de 250 000 m3 de gaz naturel.<\/li>\n<\/ul>\n<\/div>\n\n                            <\/div>\n        <\/div>\n\n    <\/div>\n<\/div>\n\n\n<div class=\"container-fascia-img-testi bg-verde\">\n    <div class=\"inner-fascia-img-testi pos-dx\">\n\n                    <img loading=\"lazy\" decoding=\"async\" src=\"https:\/\/lamellegno.it\/wp-content\/uploads\/2024\/05\/6sost_sostenibiliancheincomunicazione.jpg\" alt=\"\" width=\"400\" height=\"400\">\n        \n        <div class=\"col-dx\">\n            <span class=\"title-small\">PROJECT <u><a href=\"http:\/\/dialquadrato.com\/\" target=\"blank\">GREENIUMNESS\u00ae<\/a><\/u><\/span>\n            <span class=\"title-big\">DURABLE AUSSI DANS LA COMMUNICATION<\/span>\n\n            <div class=\"testo\"><p>Le projet \u00ab\u00a0<span style=\"text-decoration: underline;\">Greeniumness\u00ae<\/span>\u00a0\u00bb repose sur un concept r\u00e9volutionnaire : mesurer les \u00e9missions de CO2 (fig.2) g\u00e9n\u00e9r\u00e9es par chaque interaction sur les plateformes digitales et transformer ces \u00e9missions en \u00ab\u00a0\u00e9missions \u00e9vit\u00e9es\u00a0\u00bb, en transf\u00e9rant le domaine vers un h\u00e9bergement aliment\u00e9 par des \u00e9nergies renouvelables (fig.1) et en d\u00e9veloppant une nouvelle plateforme digitale \u00e0 l&#8217;empreinte \u00e9cologique n\u00e9gative (fig.3-4). Cette approche, que nous avons pleinement adopt\u00e9e chez Lamel Legno, remet en question les pratiques de communication traditionnelles, transformant chaque clic, like ou partage (fig.5) en une action potentiellement positive pour l&rsquo;environnement. Ce site est durable et accessible, ce qui signifie qu&rsquo;il permet \u00e9galement aux minorit\u00e9s handicap\u00e9es d&rsquo;acc\u00e9der \u00e0 la r\u00e9volution num\u00e9rique. Lamel Legno s&rsquo;engage \u00e9galement \u00e0 mettre en \u0153uvre des actions concr\u00e8tes pour restaurer l&rsquo;\u00e9quilibre \u00e9cologique. L&rsquo;une des formes de compensation est le reboisement (fig.6), qui permet non seulement d&rsquo;absorber le CO2 de l&rsquo;atmosph\u00e8re, mais aussi de restaurer et de prot\u00e9ger les \u00e9cosyst\u00e8mes naturels, contribuant ainsi \u00e0 la biodiversit\u00e9 et au bien-\u00eatre de la plan\u00e8te (fig.7).<\/p>\n<\/div>\n\n            \n        <\/div>\n\n    <\/div>\n<\/div>\n\n\n<div class=\"container-fascia-img-testi bg-bianco\">\n    <div class=\"inner-fascia-img-testi pos-sx\">\n\n                    <img loading=\"lazy\" decoding=\"async\" src=\"https:\/\/lamellegno.it\/wp-content\/uploads\/2024\/05\/7sost_untraguardopossibile.jpg\" alt=\"\" width=\"400\" height=\"400\">\n        \n        <div class=\"col-dx\">\n            <span class=\"title-small\">Agenda 2030<\/span>\n            <span class=\"title-big\">UN OBJECTIF POSSIBLE<\/span>\n\n            <div class=\"testo\"><p>Nous sommes fiers de vous communiquer notre engagement concret pour un avenir plus durable, respectant parfaitement 9 des objectifs de l&rsquo;Agenda 2030. Gr\u00e2ce \u00e0 des innovations pionni\u00e8res et des pratiques responsables, nous avons atteint des objectifs importants et transform\u00e9 l&rsquo;industrie du bois. De la r\u00e9duction de l&#8217;empreinte carbone \u00e0 la gestion durable des for\u00eats, en passant par la num\u00e9risation verte et l&rsquo;inclusion, chaque aspect de notre activit\u00e9 a \u00e9t\u00e9 repens\u00e9 pour garantir un impact environnemental minimal. La lutte contre le changement climatique n&rsquo;est pas seulement un objectif, mais une r\u00e9alit\u00e9 en construction. Ensemble, nous pouvons faire la diff\u00e9rence.<\/p>\n<\/div>\n\n                            <a href=\"https:\/\/publuu.com\/flip-book\/545725\/1448361\" class=\"btn btn-b\" target=\"_blank\">D\u00c9COUVREZ LE MANIFESTE DE DURABILIT\u00c9<\/a>\n            \n        <\/div>\n\n    <\/div>\n<\/div>","protected":false},"excerpt":{"rendered":"","protected":false},"author":1,"featured_media":0,"parent":0,"menu_order":0,"comment_status":"closed","ping_status":"closed","template":"","meta":{"_acf_changed":false,"footnotes":""},"class_list":["post-791","page","type-page","status-publish","hentry"],"acf":[],"yoast_head":"<!-- This site is optimized with the Yoast SEO plugin v25.7 - https:\/\/yoast.com\/wordpress\/plugins\/seo\/ -->\n<title>Nous sommes la nature | Lamel Legno<\/title>\n<meta name=\"robots\" content=\"index, follow, max-snippet:-1, max-image-preview:large, max-video-preview:-1\" \/>\n<link rel=\"canonical\" href=\"https:\/\/lamellegno.it\/fr\/nous-sommes-la-nature\/\" \/>\n<meta property=\"og:locale\" content=\"fr_FR\" \/>\n<meta property=\"og:type\" content=\"article\" \/>\n<meta property=\"og:title\" content=\"Nous sommes la nature | Lamel Legno\" \/>\n<meta property=\"og:url\" content=\"https:\/\/lamellegno.it\/fr\/nous-sommes-la-nature\/\" \/>\n<meta property=\"og:site_name\" content=\"Lamel Legno\" \/>\n<meta property=\"article:modified_time\" content=\"2024-09-09T13:48:35+00:00\" \/>\n<meta property=\"og:image\" content=\"https:\/\/lamellegno.it\/wp-content\/uploads\/2024\/03\/logo.png\" \/>\n\t<meta property=\"og:image:width\" content=\"112\" \/>\n\t<meta property=\"og:image:height\" content=\"102\" \/>\n\t<meta property=\"og:image:type\" content=\"image\/png\" \/>\n<meta name=\"twitter:card\" content=\"summary_large_image\" \/>\n<script type=\"application\/ld+json\" class=\"yoast-schema-graph\">{\"@context\":\"https:\/\/schema.org\",\"@graph\":[{\"@type\":\"WebPage\",\"@id\":\"https:\/\/lamellegno.it\/fr\/nous-sommes-la-nature\/\",\"url\":\"https:\/\/lamellegno.it\/fr\/nous-sommes-la-nature\/\",\"name\":\"Nous sommes la nature | Lamel Legno\",\"isPartOf\":{\"@id\":\"https:\/\/lamellegno.it\/#website\"},\"datePublished\":\"2024-02-28T14:57:22+00:00\",\"dateModified\":\"2024-09-09T13:48:35+00:00\",\"breadcrumb\":{\"@id\":\"https:\/\/lamellegno.it\/fr\/nous-sommes-la-nature\/#breadcrumb\"},\"inLanguage\":\"fr-FR\",\"potentialAction\":[{\"@type\":\"ReadAction\",\"target\":[\"https:\/\/lamellegno.it\/fr\/nous-sommes-la-nature\/\"]}]},{\"@type\":\"BreadcrumbList\",\"@id\":\"https:\/\/lamellegno.it\/fr\/nous-sommes-la-nature\/#breadcrumb\",\"itemListElement\":[{\"@type\":\"ListItem\",\"position\":1,\"name\":\"Home\",\"item\":\"https:\/\/lamellegno.it\/fr\/\"},{\"@type\":\"ListItem\",\"position\":2,\"name\":\"Nous sommes la nature\"}]},{\"@type\":\"WebSite\",\"@id\":\"https:\/\/lamellegno.it\/#website\",\"url\":\"https:\/\/lamellegno.it\/\",\"name\":\"Lamel Legno\",\"description\":\"\",\"publisher\":{\"@id\":\"https:\/\/lamellegno.it\/#organization\"},\"potentialAction\":[{\"@type\":\"SearchAction\",\"target\":{\"@type\":\"EntryPoint\",\"urlTemplate\":\"https:\/\/lamellegno.it\/?s={search_term_string}\"},\"query-input\":{\"@type\":\"PropertyValueSpecification\",\"valueRequired\":true,\"valueName\":\"search_term_string\"}}],\"inLanguage\":\"fr-FR\"},{\"@type\":\"Organization\",\"@id\":\"https:\/\/lamellegno.it\/#organization\",\"name\":\"Lamel Legno\",\"url\":\"https:\/\/lamellegno.it\/\",\"logo\":{\"@type\":\"ImageObject\",\"inLanguage\":\"fr-FR\",\"@id\":\"https:\/\/lamellegno.it\/#\/schema\/logo\/image\/\",\"url\":\"https:\/\/lamellegno.it\/wp-content\/uploads\/2024\/03\/logo.png\",\"contentUrl\":\"https:\/\/lamellegno.it\/wp-content\/uploads\/2024\/03\/logo.png\",\"width\":112,\"height\":102,\"caption\":\"Lamel Legno\"},\"image\":{\"@id\":\"https:\/\/lamellegno.it\/#\/schema\/logo\/image\/\"},\"sameAs\":[\"https:\/\/www.linkedin.com\/company\/lamellegno\/\"]}]}<\/script>\n<!-- \/ Yoast SEO plugin. -->","yoast_head_json":{"title":"Nous sommes la nature | Lamel Legno","robots":{"index":"index","follow":"follow","max-snippet":"max-snippet:-1","max-image-preview":"max-image-preview:large","max-video-preview":"max-video-preview:-1"},"canonical":"https:\/\/lamellegno.it\/fr\/nous-sommes-la-nature\/","og_locale":"fr_FR","og_type":"article","og_title":"Nous sommes la nature | Lamel Legno","og_url":"https:\/\/lamellegno.it\/fr\/nous-sommes-la-nature\/","og_site_name":"Lamel Legno","article_modified_time":"2024-09-09T13:48:35+00:00","og_image":[{"width":112,"height":102,"url":"https:\/\/lamellegno.it\/wp-content\/uploads\/2024\/03\/logo.png","type":"image\/png"}],"twitter_card":"summary_large_image","schema":{"@context":"https:\/\/schema.org","@graph":[{"@type":"WebPage","@id":"https:\/\/lamellegno.it\/fr\/nous-sommes-la-nature\/","url":"https:\/\/lamellegno.it\/fr\/nous-sommes-la-nature\/","name":"Nous sommes la nature | Lamel Legno","isPartOf":{"@id":"https:\/\/lamellegno.it\/#website"},"datePublished":"2024-02-28T14:57:22+00:00","dateModified":"2024-09-09T13:48:35+00:00","breadcrumb":{"@id":"https:\/\/lamellegno.it\/fr\/nous-sommes-la-nature\/#breadcrumb"},"inLanguage":"fr-FR","potentialAction":[{"@type":"ReadAction","target":["https:\/\/lamellegno.it\/fr\/nous-sommes-la-nature\/"]}]},{"@type":"BreadcrumbList","@id":"https:\/\/lamellegno.it\/fr\/nous-sommes-la-nature\/#breadcrumb","itemListElement":[{"@type":"ListItem","position":1,"name":"Home","item":"https:\/\/lamellegno.it\/fr\/"},{"@type":"ListItem","position":2,"name":"Nous sommes la nature"}]},{"@type":"WebSite","@id":"https:\/\/lamellegno.it\/#website","url":"https:\/\/lamellegno.it\/","name":"Lamel Legno","description":"","publisher":{"@id":"https:\/\/lamellegno.it\/#organization"},"potentialAction":[{"@type":"SearchAction","target":{"@type":"EntryPoint","urlTemplate":"https:\/\/lamellegno.it\/?s={search_term_string}"},"query-input":{"@type":"PropertyValueSpecification","valueRequired":true,"valueName":"search_term_string"}}],"inLanguage":"fr-FR"},{"@type":"Organization","@id":"https:\/\/lamellegno.it\/#organization","name":"Lamel Legno","url":"https:\/\/lamellegno.it\/","logo":{"@type":"ImageObject","inLanguage":"fr-FR","@id":"https:\/\/lamellegno.it\/#\/schema\/logo\/image\/","url":"https:\/\/lamellegno.it\/wp-content\/uploads\/2024\/03\/logo.png","contentUrl":"https:\/\/lamellegno.it\/wp-content\/uploads\/2024\/03\/logo.png","width":112,"height":102,"caption":"Lamel Legno"},"image":{"@id":"https:\/\/lamellegno.it\/#\/schema\/logo\/image\/"},"sameAs":["https:\/\/www.linkedin.com\/company\/lamellegno\/"]}]}},"_links":{"self":[{"href":"https:\/\/lamellegno.it\/fr\/wp-json\/wp\/v2\/pages\/791","targetHints":{"allow":["GET"]}}],"collection":[{"href":"https:\/\/lamellegno.it\/fr\/wp-json\/wp\/v2\/pages"}],"about":[{"href":"https:\/\/lamellegno.it\/fr\/wp-json\/wp\/v2\/types\/page"}],"author":[{"embeddable":true,"href":"https:\/\/lamellegno.it\/fr\/wp-json\/wp\/v2\/users\/1"}],"replies":[{"embeddable":true,"href":"https:\/\/lamellegno.it\/fr\/wp-json\/wp\/v2\/comments?post=791"}],"version-history":[{"count":10,"href":"https:\/\/lamellegno.it\/fr\/wp-json\/wp\/v2\/pages\/791\/revisions"}],"predecessor-version":[{"id":1802,"href":"https:\/\/lamellegno.it\/fr\/wp-json\/wp\/v2\/pages\/791\/revisions\/1802"}],"wp:attachment":[{"href":"https:\/\/lamellegno.it\/fr\/wp-json\/wp\/v2\/media?parent=791"}],"curies":[{"name":"wp","href":"https:\/\/api.w.org\/{rel}","templated":true}]}}