{"id":822,"date":"2024-02-28T11:44:56","date_gmt":"2024-02-28T10:44:56","guid":{"rendered":"https:\/\/lamellegno.it\/certificazioni\/"},"modified":"2026-04-15T10:21:49","modified_gmt":"2026-04-15T08:21:49","slug":"certifications","status":"publish","type":"page","link":"https:\/\/lamellegno.it\/fr\/certifications\/","title":{"rendered":"Certifications"},"content":{"rendered":"<div class=\"container-fascia-img-header\" style=\"background-image: url(https:\/\/lamellegno.it\/wp-content\/uploads\/2024\/05\/1certif_header.jpg)\">\n\n    <p id=\"bread-pages\"><span><span><a href=\"https:\/\/lamellegno.it\/fr\/\">Home<\/a><\/span><\/span><\/p>\n    <div class=\"inner-fascia-img-header\">\n\n        <h1 class=\"title\">FIABILIT\u00c9 CERTIFI\u00c9E<\/h1>\n\n            <\/div>\n<\/div>\n\n<div class=\"container-fascia-certificazioni\">\n    <div class=\"inner-fascia-certificazioni\">\n\n        <div class=\"elenco-certificazioni\">\n\n            \n                <div class=\"single-certificazione\">\n\n                    <div class=\"content\">\n                        <div class=\"col-sx\">\n                            <span class=\"title\">FSC\u00ae (Forest Stewardship Council)<\/span>\n                            <div class=\"testo\"><p>La marque FSC\u00ae identifie les produits contenant du bois provenant de for\u00eats g\u00e9r\u00e9es de mani\u00e8re correcte et responsable, selon des normes environnementales, sociales et \u00e9conomiques rigoureuses, \u00e9tablies et approuv\u00e9es par le Forest Stewardship Council. Il s&rsquo;agit d&rsquo;une organisation non gouvernementale internationale, ind\u00e9pendante et \u00e0 but non lucratif qui regroupe des groupes environnementaux et sociaux, des communaut\u00e9s indig\u00e8nes, des propri\u00e9taires forestiers, des industries qui travaillent et commercialisent le bois, des scientifiques et des techniciens qui travaillent ensemble pour am\u00e9liorer la gestion foresti\u00e8re dans le monde entier. Le FSC\u00ae dispose d&rsquo;un syst\u00e8me de certification volontaire et ind\u00e9pendant fonctionnant au niveau international. \u00c0 la base, il y a des r\u00e8gles de tra\u00e7abilit\u00e9 des produits.<\/p>\n<p>&nbsp;<\/p>\n<p>La tra\u00e7abilit\u00e9 signifie l&rsquo;identification de toutes les \u00e9tapes qui m\u00e8nent de la for\u00eat d&rsquo;origine au produit fini (cha\u00eene de contr\u00f4le, de l&rsquo;anglais chain of custody &#8211; COC). Seules les entreprises en possession d&rsquo;un certificat COC valide peuvent apposer la marque FSC\u00ae sur leurs produits.<\/p>\n<p>&nbsp;<\/p>\n<p>Demander, choisir et acheter des produits certifi\u00e9s FSC\u00ae signifie contribuer directement \u00e0 la croissance d&rsquo;un syst\u00e8me \u00e9thique, responsable et vertueux, en stimulant la certification de nouvelles zones foresti\u00e8res et de nouvelles entreprises de transformation du bois.<\/p>\n<p>&nbsp;<\/p>\n<p><em>Produits certifi\u00e9s fournis sur demande.<\/em><\/p>\n<\/div>\n                        <\/div>\n\n                        <div class=\"img-link\">\n                                                            <img loading=\"lazy\" decoding=\"async\" src=\"https:\/\/lamellegno.it\/wp-content\/uploads\/2024\/04\/fsc-logo.png\" alt=\"\" width=\"400\" height=\"400\">\n                            \n                                                            <a href=\"\/wp-content\/uploads\/2024\/03\/ITCE_000444_CertificateFSC_2023.pdf\" class=\"btn btn-b\">T\u00c9L\u00c9CHARGER LE CERTIFICAT<\/a>\n                                                    <\/div>\n                    <\/div>\n                <\/div>\n\n            \n                <div class=\"single-certificazione\">\n\n                    <div class=\"content\">\n                        <div class=\"col-sx\">\n                            <span class=\"title\">ISO 9001<\/span>\n                            <div class=\"testo\"><p>La norme ISO 9001 s&rsquo;adresse \u00e0 tout type d&rsquo;organisation publique ou priv\u00e9e, de tout secteur et de toute taille. C&rsquo;est la norme de r\u00e9f\u00e9rence internationalement reconnue pour le management de la qualit\u00e9 de toute organisation ou entreprise qui souhaite r\u00e9pondre simultan\u00e9ment:<\/p>\n<ul>\n<li>Au besoin d&rsquo;augmenter l&rsquo;efficacit\u00e9 des processus internes avec la r\u00e9duction cons\u00e9quente des inefficacit\u00e9s ;<\/li>\n<li>\u00c0 la comp\u00e9titivit\u00e9 croissante sur les march\u00e9s en am\u00e9liorant la satisfaction et la fid\u00e9lit\u00e9 des clients.<\/li>\n<\/ul>\n<p>&nbsp;<\/p>\n<p>L&rsquo;objectif principal de la norme ISO 9001 est l&rsquo;am\u00e9lioration continue des performances de l&rsquo;entreprise, en permettant \u00e0 l&rsquo;entreprise certifi\u00e9e de garantir \u00e0 ses clients le maintien et l&rsquo;am\u00e9lioration de la qualit\u00e9 de ses biens et services dans le temps. De ce point de vue, le mod\u00e8le ISO 9001 repr\u00e9sente un outil strat\u00e9gique car il vise \u00e0 contr\u00f4ler les co\u00fbts, \u00e0 augmenter la productivit\u00e9 et \u00e0 r\u00e9duire les gaspillages.<\/p>\n<p>&nbsp;<\/p>\n<p>D&rsquo;un point de vue substantiel, cela se traduit par la r\u00e9duction du risque de ne pas respecter les promesses faites aux clients et la capacit\u00e9 de garder les processus sous contr\u00f4le gr\u00e2ce \u00e0 la mesure des performances et \u00e0 l&rsquo;identification d&rsquo;indicateurs ad\u00e9quats.<\/p>\n<\/div>\n                        <\/div>\n\n                        <div class=\"img-link\">\n                                                            <img loading=\"lazy\" decoding=\"async\" src=\"https:\/\/lamellegno.it\/wp-content\/uploads\/2024\/03\/sgs.jpg\" alt=\"\" width=\"400\" height=\"400\">\n                            \n                                                            <a href=\"\/wp-content\/uploads\/2026\/04\/SGS_ISO-9001_2015_ITSU_000679_EN.pdf\" class=\"btn btn-b\">T\u00c9L\u00c9CHARGER LE CERTIFICAT<\/a>\n                                                    <\/div>\n                    <\/div>\n                <\/div>\n\n            \n                <div class=\"single-certificazione\">\n\n                    <div class=\"content\">\n                        <div class=\"col-sx\">\n                            <span class=\"title\">PEFC (Programme for Endorsement of Forest Certification)<\/span>\n                            <div class=\"testo\"><p>Le PEFC (Programme for Endorsement of Forest Certification schemes) est un organisme ind\u00e9pendant d&rsquo;\u00e9valuation des performances environnementales et de la durabilit\u00e9 des syst\u00e8mes de gestion foresti\u00e8re.<br \/>\nIl s&rsquo;agit d&rsquo;un syst\u00e8me de certification mondial bas\u00e9 sur des accords intergouvernementaux et des processus internationalement reconnus. Il maintient sans exception les normes les plus \u00e9lev\u00e9es en mati\u00e8re de gestion durable des for\u00eats.<\/p>\n<p>&nbsp;<\/p>\n<p>Depuis 2001, il exige le respect de toutes les conventions fondamentales de l&rsquo;OIT (Organisation internationale du travail) et tient compte des besoins sp\u00e9cifiques des propri\u00e9t\u00e9s foresti\u00e8res familiales et des petites for\u00eats avec la contribution durable \u00e0 la subsistance et au d\u00e9veloppement rural, au maintien ou \u00e0 l&rsquo;am\u00e9lioration de la biodiversit\u00e9 et des \u00e9cosyst\u00e8mes, \u00e0 la promotion de l&#8217;emploi local en prot\u00e9geant les droits et la sant\u00e9 des travailleurs, au respect des traditions et des droits des peuples autochtones et au respect des lois, par exemple en \u00e9vitant les coupes ill\u00e9gales, la corruption et le travail des enfants ou le travail forc\u00e9.<\/p>\n<p>&nbsp;<\/p>\n<p>Les for\u00eats certifi\u00e9es font l&rsquo;objet de contr\u00f4les r\u00e9guliers par des inspecteurs ind\u00e9pendants.<br \/>\n<em>Produits certifi\u00e9s fournis sur demande.<\/em><\/p>\n<\/div>\n                        <\/div>\n\n                        <div class=\"img-link\">\n                                                            <img loading=\"lazy\" decoding=\"async\" src=\"https:\/\/lamellegno.it\/wp-content\/uploads\/2024\/03\/pefc.jpg\" alt=\"\" width=\"400\" height=\"400\">\n                            \n                                                            <a href=\"\/wp-content\/uploads\/2024\/03\/ITCE_000445_CertificatePEFC_2023.pdf\" class=\"btn btn-b\">T\u00c9L\u00c9CHARGER LE CERTIFICAT<\/a>\n                                                    <\/div>\n                    <\/div>\n                <\/div>\n\n            \n                <div class=\"single-certificazione\">\n\n                    <div class=\"content\">\n                        <div class=\"col-sx\">\n                            <span class=\"title\">Catas Quality Award<\/span>\n                            <div class=\"testo\"><p>Depuis 1993, CATAS op\u00e8re en tant que tierce partie ind\u00e9pendante dans le secteur de la certification de produits, avec la marque CATAS QUALITY AWARD (CQA). Elle v\u00e9rifie et certifie la conformit\u00e9 d&rsquo;un produit aux normes et aux sp\u00e9cifications techniques.<\/p>\n<p>&nbsp;<\/p>\n<p>La certification CQA implique des contr\u00f4les p\u00e9riodiques du produit et des processus de production et d&rsquo;organisation de l&rsquo;entreprise par CATAS, des contr\u00f4les mensuels du produit par l&rsquo;entreprise et la r\u00e9alisation p\u00e9riodique d&rsquo;essais en laboratoire. Cela apporte une plus grande valeur ajout\u00e9e aux produits et garantit leur conformit\u00e9 dans le temps aux exigences d\u00e9finies par les normes: Normes europ\u00e9ennes (EN), internationales (ISO) et nationales (UNI, DIN, BS, NF, ASTM, ANSI, etc.). A cela s&rsquo;ajoutent celles r\u00e9alis\u00e9es selon des sp\u00e9cifications sp\u00e9cifiques demand\u00e9es par le client.<\/p>\n<p>&nbsp;<\/p>\n<p>Par rapport au rapport d&rsquo;essai, qui ne concerne que l&rsquo;\u00e9chantillon envoy\u00e9 par le client \u00e0 sa discr\u00e9tion, le certificat de produit \u00e9tend, par le contr\u00f4le et le suivi, la satisfaction d&rsquo;exigences pr\u00e9\u00e9tablies \u00e0 l&rsquo;ensemble de la production, r\u00e9duisant ainsi les risques dus \u00e0 des produits non conformes et favorisant, dans le m\u00eame temps, l&rsquo;am\u00e9lioration des produits gr\u00e2ce au suivi par l&rsquo;organisme qui d\u00e9livre la certification.<\/p>\n<\/div>\n                        <\/div>\n\n                        <div class=\"img-link\">\n                                                            <img loading=\"lazy\" decoding=\"async\" src=\"https:\/\/lamellegno.it\/wp-content\/uploads\/2024\/04\/CQA-certifed-logo.jpg\" alt=\"\" width=\"400\" height=\"400\">\n                            \n                                                            <a href=\"\/wp-content\/uploads\/2026\/04\/ATTCQA_0198E_2600-1.pdf\" class=\"btn btn-b\">T\u00c9L\u00c9CHARGER LE CERTIFICAT<\/a>\n                                                    <\/div>\n                    <\/div>\n                <\/div>\n\n            \n        <\/div>\n\n    <\/div>\n<\/div>","protected":false},"excerpt":{"rendered":"","protected":false},"author":1,"featured_media":0,"parent":0,"menu_order":0,"comment_status":"closed","ping_status":"closed","template":"","meta":{"_acf_changed":false,"footnotes":""},"class_list":["post-822","page","type-page","status-publish","hentry"],"acf":[],"yoast_head":"<!-- This site is optimized with the Yoast SEO plugin v25.7 - https:\/\/yoast.com\/wordpress\/plugins\/seo\/ -->\n<title>Certifications | Lamel Legno<\/title>\n<meta name=\"robots\" content=\"index, follow, max-snippet:-1, max-image-preview:large, max-video-preview:-1\" \/>\n<link rel=\"canonical\" href=\"https:\/\/lamellegno.it\/fr\/certifications\/\" \/>\n<meta property=\"og:locale\" content=\"fr_FR\" \/>\n<meta property=\"og:type\" content=\"article\" \/>\n<meta property=\"og:title\" content=\"Certifications | Lamel Legno\" \/>\n<meta property=\"og:url\" content=\"https:\/\/lamellegno.it\/fr\/certifications\/\" \/>\n<meta property=\"og:site_name\" content=\"Lamel Legno\" \/>\n<meta property=\"article:modified_time\" content=\"2026-04-15T08:21:49+00:00\" \/>\n<meta property=\"og:image\" content=\"https:\/\/lamellegno.it\/wp-content\/uploads\/2024\/03\/logo.png\" \/>\n\t<meta property=\"og:image:width\" content=\"112\" \/>\n\t<meta property=\"og:image:height\" content=\"102\" \/>\n\t<meta property=\"og:image:type\" content=\"image\/png\" \/>\n<meta name=\"twitter:card\" content=\"summary_large_image\" \/>\n<script type=\"application\/ld+json\" class=\"yoast-schema-graph\">{\"@context\":\"https:\/\/schema.org\",\"@graph\":[{\"@type\":\"WebPage\",\"@id\":\"https:\/\/lamellegno.it\/fr\/certifications\/\",\"url\":\"https:\/\/lamellegno.it\/fr\/certifications\/\",\"name\":\"Certifications | Lamel Legno\",\"isPartOf\":{\"@id\":\"https:\/\/lamellegno.it\/#website\"},\"datePublished\":\"2024-02-28T10:44:56+00:00\",\"dateModified\":\"2026-04-15T08:21:49+00:00\",\"breadcrumb\":{\"@id\":\"https:\/\/lamellegno.it\/fr\/certifications\/#breadcrumb\"},\"inLanguage\":\"fr-FR\",\"potentialAction\":[{\"@type\":\"ReadAction\",\"target\":[\"https:\/\/lamellegno.it\/fr\/certifications\/\"]}]},{\"@type\":\"BreadcrumbList\",\"@id\":\"https:\/\/lamellegno.it\/fr\/certifications\/#breadcrumb\",\"itemListElement\":[{\"@type\":\"ListItem\",\"position\":1,\"name\":\"Home\",\"item\":\"https:\/\/lamellegno.it\/fr\/\"},{\"@type\":\"ListItem\",\"position\":2,\"name\":\"Certifications\"}]},{\"@type\":\"WebSite\",\"@id\":\"https:\/\/lamellegno.it\/#website\",\"url\":\"https:\/\/lamellegno.it\/\",\"name\":\"Lamel Legno\",\"description\":\"\",\"publisher\":{\"@id\":\"https:\/\/lamellegno.it\/#organization\"},\"potentialAction\":[{\"@type\":\"SearchAction\",\"target\":{\"@type\":\"EntryPoint\",\"urlTemplate\":\"https:\/\/lamellegno.it\/?s={search_term_string}\"},\"query-input\":{\"@type\":\"PropertyValueSpecification\",\"valueRequired\":true,\"valueName\":\"search_term_string\"}}],\"inLanguage\":\"fr-FR\"},{\"@type\":\"Organization\",\"@id\":\"https:\/\/lamellegno.it\/#organization\",\"name\":\"Lamel Legno\",\"url\":\"https:\/\/lamellegno.it\/\",\"logo\":{\"@type\":\"ImageObject\",\"inLanguage\":\"fr-FR\",\"@id\":\"https:\/\/lamellegno.it\/#\/schema\/logo\/image\/\",\"url\":\"https:\/\/lamellegno.it\/wp-content\/uploads\/2024\/03\/logo.png\",\"contentUrl\":\"https:\/\/lamellegno.it\/wp-content\/uploads\/2024\/03\/logo.png\",\"width\":112,\"height\":102,\"caption\":\"Lamel Legno\"},\"image\":{\"@id\":\"https:\/\/lamellegno.it\/#\/schema\/logo\/image\/\"},\"sameAs\":[\"https:\/\/www.linkedin.com\/company\/lamellegno\/\"]}]}<\/script>\n<!-- \/ Yoast SEO plugin. -->","yoast_head_json":{"title":"Certifications | Lamel Legno","robots":{"index":"index","follow":"follow","max-snippet":"max-snippet:-1","max-image-preview":"max-image-preview:large","max-video-preview":"max-video-preview:-1"},"canonical":"https:\/\/lamellegno.it\/fr\/certifications\/","og_locale":"fr_FR","og_type":"article","og_title":"Certifications | Lamel Legno","og_url":"https:\/\/lamellegno.it\/fr\/certifications\/","og_site_name":"Lamel Legno","article_modified_time":"2026-04-15T08:21:49+00:00","og_image":[{"width":112,"height":102,"url":"https:\/\/lamellegno.it\/wp-content\/uploads\/2024\/03\/logo.png","type":"image\/png"}],"twitter_card":"summary_large_image","schema":{"@context":"https:\/\/schema.org","@graph":[{"@type":"WebPage","@id":"https:\/\/lamellegno.it\/fr\/certifications\/","url":"https:\/\/lamellegno.it\/fr\/certifications\/","name":"Certifications | Lamel Legno","isPartOf":{"@id":"https:\/\/lamellegno.it\/#website"},"datePublished":"2024-02-28T10:44:56+00:00","dateModified":"2026-04-15T08:21:49+00:00","breadcrumb":{"@id":"https:\/\/lamellegno.it\/fr\/certifications\/#breadcrumb"},"inLanguage":"fr-FR","potentialAction":[{"@type":"ReadAction","target":["https:\/\/lamellegno.it\/fr\/certifications\/"]}]},{"@type":"BreadcrumbList","@id":"https:\/\/lamellegno.it\/fr\/certifications\/#breadcrumb","itemListElement":[{"@type":"ListItem","position":1,"name":"Home","item":"https:\/\/lamellegno.it\/fr\/"},{"@type":"ListItem","position":2,"name":"Certifications"}]},{"@type":"WebSite","@id":"https:\/\/lamellegno.it\/#website","url":"https:\/\/lamellegno.it\/","name":"Lamel Legno","description":"","publisher":{"@id":"https:\/\/lamellegno.it\/#organization"},"potentialAction":[{"@type":"SearchAction","target":{"@type":"EntryPoint","urlTemplate":"https:\/\/lamellegno.it\/?s={search_term_string}"},"query-input":{"@type":"PropertyValueSpecification","valueRequired":true,"valueName":"search_term_string"}}],"inLanguage":"fr-FR"},{"@type":"Organization","@id":"https:\/\/lamellegno.it\/#organization","name":"Lamel Legno","url":"https:\/\/lamellegno.it\/","logo":{"@type":"ImageObject","inLanguage":"fr-FR","@id":"https:\/\/lamellegno.it\/#\/schema\/logo\/image\/","url":"https:\/\/lamellegno.it\/wp-content\/uploads\/2024\/03\/logo.png","contentUrl":"https:\/\/lamellegno.it\/wp-content\/uploads\/2024\/03\/logo.png","width":112,"height":102,"caption":"Lamel Legno"},"image":{"@id":"https:\/\/lamellegno.it\/#\/schema\/logo\/image\/"},"sameAs":["https:\/\/www.linkedin.com\/company\/lamellegno\/"]}]}},"_links":{"self":[{"href":"https:\/\/lamellegno.it\/fr\/wp-json\/wp\/v2\/pages\/822","targetHints":{"allow":["GET"]}}],"collection":[{"href":"https:\/\/lamellegno.it\/fr\/wp-json\/wp\/v2\/pages"}],"about":[{"href":"https:\/\/lamellegno.it\/fr\/wp-json\/wp\/v2\/types\/page"}],"author":[{"embeddable":true,"href":"https:\/\/lamellegno.it\/fr\/wp-json\/wp\/v2\/users\/1"}],"replies":[{"embeddable":true,"href":"https:\/\/lamellegno.it\/fr\/wp-json\/wp\/v2\/comments?post=822"}],"version-history":[{"count":8,"href":"https:\/\/lamellegno.it\/fr\/wp-json\/wp\/v2\/pages\/822\/revisions"}],"predecessor-version":[{"id":2672,"href":"https:\/\/lamellegno.it\/fr\/wp-json\/wp\/v2\/pages\/822\/revisions\/2672"}],"wp:attachment":[{"href":"https:\/\/lamellegno.it\/fr\/wp-json\/wp\/v2\/media?parent=822"}],"curies":[{"name":"wp","href":"https:\/\/api.w.org\/{rel}","templated":true}]}}